{"id":660,"date":"2026-02-12T11:45:10","date_gmt":"2026-02-12T10:45:10","guid":{"rendered":"https:\/\/mruizsvt.fr\/?page_id=660"},"modified":"2026-02-12T11:45:27","modified_gmt":"2026-02-12T10:45:27","slug":"1-6-la-rencontre-des-cellules-reproductrices-et-le-developpement-du-bebe","status":"publish","type":"page","link":"https:\/\/mruizsvt.fr\/index.php\/4-eme\/chapitre-3-reproduction-et-sexualite\/1-6-la-rencontre-des-cellules-reproductrices-et-le-developpement-du-bebe\/","title":{"rendered":"1.6 La Rencontre des cellules reproductrices et le d\u00e9veloppement du b\u00e9b\u00e9"},"content":{"rendered":"\n<p class=\"has-accent-4-color has-text-color has-link-color wp-elements-64d9d5513e51767f45048aba6777eeca\">Quel est le trajet des spermatozo\u00efdes pour rencontrer un ovule\u00a0?<br>Comment se d\u00e9veloppe le b\u00e9b\u00e9 pendant 9 mois et comment subvient il \u00e0 ses besoins\u00a0?<\/p>\n\n\n\n<blockquote class=\"wp-block-quote is-layout-flow wp-block-quote-is-layout-flow\">\n<p class=\"has-text-align-center\">Exercice<\/p>\n\n\n\n<p class=\"has-text-align-center has-medium-font-size\">Etude d&rsquo;une vid\u00e9o extrait du film l&rsquo;odys\u00e9e de la vie<\/p>\n<\/blockquote>\n\n\n\n<blockquote class=\"wp-block-quote is-layout-flow wp-block-quote-is-layout-flow\">\n<p class=\"has-text-align-center\">Correction<\/p>\n<\/blockquote>\n\n\n\n<figure class=\"wp-block-image size-large\"><img loading=\"lazy\" decoding=\"async\" width=\"1024\" height=\"678\" src=\"https:\/\/mruizsvt.fr\/wp-content\/uploads\/2026\/02\/trajet-spzd-1-1024x678.png\" alt=\"\" class=\"wp-image-662\" srcset=\"https:\/\/mruizsvt.fr\/wp-content\/uploads\/2026\/02\/trajet-spzd-1-1024x678.png 1024w, https:\/\/mruizsvt.fr\/wp-content\/uploads\/2026\/02\/trajet-spzd-1-300x199.png 300w, https:\/\/mruizsvt.fr\/wp-content\/uploads\/2026\/02\/trajet-spzd-1-768x509.png 768w, https:\/\/mruizsvt.fr\/wp-content\/uploads\/2026\/02\/trajet-spzd-1.png 1464w\" sizes=\"auto, (max-width: 1024px) 100vw, 1024px\" \/><\/figure>\n\n\n\n<p><\/p>\n\n\n\n<blockquote class=\"wp-block-quote is-layout-flow wp-block-quote-is-layout-flow\">\n<p class=\"has-text-align-center\">Bilan<\/p>\n<\/blockquote>\n\n\n\n<p class=\"has-accent-3-color has-text-color has-link-color wp-elements-fd4f3afbd776ce30f2b14611fcee6d4e\">Embryon&nbsp;: organes en d\u00e9veloppement<\/p>\n\n\n\n<p class=\"has-accent-3-color has-text-color has-link-color wp-elements-260168ef1c108f3c7067bbe7500dbf65\">L&#8217;embryon est\u00a0le premier stade de d\u00e9veloppement humain, d\u00e9butant apr\u00e8s la f\u00e9condation.\u00a0<\/p>\n\n\n\n<p class=\"has-accent-3-color has-text-color has-link-color wp-elements-790a6813117feaabf73e306a6c32e849\">\u00catre humain en d\u00e9veloppement dans le ventre de sa m\u00e8re, \u00e0 partir de 10 semaines de grossesse jusqu&rsquo;\u00e0 la naissance.<\/p>\n\n\n\n<p class=\"has-accent-3-color has-text-color has-link-color wp-elements-227e08a45352a51e159b3c0f3ef820e7\"><strong><br><\/strong><\/p>\n\n\n\n<p><\/p>\n\n\n\n<p><\/p>\n\n\n\n<p><\/p>\n","protected":false},"excerpt":{"rendered":"<p>Quel est le trajet des spermatozo\u00efdes pour rencontrer un ovule\u00a0?Comment se d\u00e9veloppe le b\u00e9b\u00e9 pendant 9 mois et comment subvient il \u00e0 ses besoins\u00a0? Exercice Etude d&rsquo;une vid\u00e9o extrait du film l&rsquo;odys\u00e9e de la vie Correction Bilan Embryon&nbsp;: organes en d\u00e9veloppement L&#8217;embryon est\u00a0le premier stade de d\u00e9veloppement humain, d\u00e9butant apr\u00e8s la f\u00e9condation.\u00a0 \u00catre humain en [&hellip;]<\/p>\n","protected":false},"author":1,"featured_media":0,"parent":144,"menu_order":0,"comment_status":"closed","ping_status":"closed","template":"","meta":{"footnotes":""},"class_list":["post-660","page","type-page","status-publish","hentry"],"_links":{"self":[{"href":"https:\/\/mruizsvt.fr\/index.php\/wp-json\/wp\/v2\/pages\/660","targetHints":{"allow":["GET"]}}],"collection":[{"href":"https:\/\/mruizsvt.fr\/index.php\/wp-json\/wp\/v2\/pages"}],"about":[{"href":"https:\/\/mruizsvt.fr\/index.php\/wp-json\/wp\/v2\/types\/page"}],"author":[{"embeddable":true,"href":"https:\/\/mruizsvt.fr\/index.php\/wp-json\/wp\/v2\/users\/1"}],"replies":[{"embeddable":true,"href":"https:\/\/mruizsvt.fr\/index.php\/wp-json\/wp\/v2\/comments?post=660"}],"version-history":[{"count":1,"href":"https:\/\/mruizsvt.fr\/index.php\/wp-json\/wp\/v2\/pages\/660\/revisions"}],"predecessor-version":[{"id":663,"href":"https:\/\/mruizsvt.fr\/index.php\/wp-json\/wp\/v2\/pages\/660\/revisions\/663"}],"up":[{"embeddable":true,"href":"https:\/\/mruizsvt.fr\/index.php\/wp-json\/wp\/v2\/pages\/144"}],"wp:attachment":[{"href":"https:\/\/mruizsvt.fr\/index.php\/wp-json\/wp\/v2\/media?parent=660"}],"curies":[{"name":"wp","href":"https:\/\/api.w.org\/{rel}","templated":true}]}}