{"id":654,"date":"2026-02-11T11:00:16","date_gmt":"2026-02-11T10:00:16","guid":{"rendered":"https:\/\/mruizsvt.fr\/?page_id=654"},"modified":"2026-02-11T11:08:18","modified_gmt":"2026-02-11T10:08:18","slug":"1-5-lappareil-reproducteur-de-la-femme","status":"publish","type":"page","link":"https:\/\/mruizsvt.fr\/index.php\/4-eme\/chapitre-3-reproduction-et-sexualite\/1-5-lappareil-reproducteur-de-la-femme\/","title":{"rendered":"1.5 L&rsquo;appareil reproducteur de la femme"},"content":{"rendered":"\n<p class=\"has-accent-4-color has-text-color has-link-color wp-elements-b48f1e02d56c9490ff2785b61437aadf\">Comment fonctionne l\u2019appareil reproducteur de la femme\u00a0?<\/p>\n\n\n\n<blockquote class=\"wp-block-quote is-layout-flow wp-block-quote-is-layout-flow\">\n<p class=\"has-text-align-center\">Exercice<\/p>\n\n\n\n<p class=\"has-text-align-center\">Exercice livre page 417-418-419<\/p>\n\n\n\n<p class=\"has-medium-font-size\"><strong><u>Partie I\u00a0: Page 417<\/u><\/strong> :<\/p>\n\n\n\n<ol class=\"wp-block-list\">\n<li class=\"has-medium-font-size\">compl\u00e8te le sch\u00e9ma \u00e0 l\u2019aide du sch\u00e9ma du livre et colorie en vert l\u2019organe qui lib\u00e8re les ovules, rouge le trajet de l\u2019ovule.<\/li>\n\n\n\n<li class=\"has-medium-font-size\">Nomme les parties de l\u2019organes reproducteurs qui fonctionnent \u00e0 partir de la pubert\u00e9<\/li>\n\n\n\n<li class=\"has-medium-font-size\">Identifie l\u2019\u00e9v\u00e9nement qui a lieu dans chacun des organes et \u00e0 quel rythme<\/li>\n<\/ol>\n\n\n\n<p class=\"has-medium-font-size\"><\/p>\n\n\n\n<p class=\"has-medium-font-size\"><strong><u>\u00a0Partie II\u00a0: Page 418-419<\/u><\/strong><\/p>\n\n\n\n<ul class=\"wp-block-list\">\n<li class=\"has-medium-font-size\">D\u00e9crit comment \u00e9volue la muqueuse ut\u00e9rine au cours d\u2019un cycle. (Doc 1)<\/li>\n\n\n\n<li class=\"has-medium-font-size\">Que se passe-t-il vers le milieu du cycle\u00a0? (Doc 1)<\/li>\n\n\n\n<li class=\"has-medium-font-size\">Explique ce qui contr\u00f4le les diff\u00e9rentes \u00e9tapes du cycle chez une femme (Doc2, 3 et 4)<\/li>\n<\/ul>\n<\/blockquote>\n\n\n\n<blockquote class=\"wp-block-quote is-layout-flow wp-block-quote-is-layout-flow\">\n<p class=\"has-text-align-center\">Correction<\/p>\n<\/blockquote>\n\n\n\n<p><strong><span style=\"text-decoration: underline;\">Partie I : Page 417<\/span><\/strong><\/p>\n\n\n\n<p>1.<\/p>\n\n\n\n<figure class=\"wp-block-image size-full\"><img loading=\"lazy\" decoding=\"async\" width=\"1016\" height=\"576\" src=\"https:\/\/mruizsvt.fr\/wp-content\/uploads\/2026\/02\/Capture-decran-2026-02-11-110333.png\" alt=\"\" class=\"wp-image-658\" srcset=\"https:\/\/mruizsvt.fr\/wp-content\/uploads\/2026\/02\/Capture-decran-2026-02-11-110333.png 1016w, https:\/\/mruizsvt.fr\/wp-content\/uploads\/2026\/02\/Capture-decran-2026-02-11-110333-300x170.png 300w, https:\/\/mruizsvt.fr\/wp-content\/uploads\/2026\/02\/Capture-decran-2026-02-11-110333-768x435.png 768w\" sizes=\"auto, (max-width: 1016px) 100vw, 1016px\" \/><\/figure>\n\n\n\n<p>2. Les ovaires, l\u2019ut\u00e9rus et le clitoris \u00a0deviennent fonctionnel \u00e0 la pubert\u00e9<\/p>\n\n\n\n<ol class=\"wp-block-list\"><\/ol>\n\n\n\n<p>3. Ovaire\u00a0: l\u2019ovaire va se mettre \u00e0 lib\u00e9rer un ovules tous les 28 jours (environs)<br>Ut\u00e9rus\u00a0: D\u00e9veloppement de la muqueuse ut\u00e9rine pour permettre l\u2019accueil d\u2019un futur b\u00e9b\u00e9 et sinon destructions de la muqueuse\u00a0ce sont les r\u00e8gles.\u00a0Un cycle menstruel dure 28 jours environs.<\/p>\n\n\n\n<p><strong><u>Partie II&nbsp;: Page 418-419<\/u><\/strong><\/p>\n\n\n\n<p>4. La muqueuse ut\u00e9rine se d\u00e9truit puis \u00e9paissit au cours d\u2019un cycle, (elle va aussi produire des glandes et des vaisseaux sanguins)<\/p>\n\n\n\n<p>5. Au milieu du cycle il y a l\u2019ovulation<\/p>\n\n\n\n<p>6.Les \u0153strog\u00e8nes et les progest\u00e9rones lib\u00e9r\u00e9es par les ovaires vont contr\u00f4ler le cycle menstruel et l\u2019ovulation. Le pic d\u2019\u0153strog\u00e8ne va entrainer l\u2019ovulation alors que la diminution de la progest\u00e9rone et des \u0153strog\u00e8nes vont entrainer les r\u00e8gles.<\/p>\n\n\n\n<blockquote class=\"wp-block-quote is-layout-flow wp-block-quote-is-layout-flow\">\n<p class=\"has-text-align-center\">Bilan<\/p>\n<\/blockquote>\n\n\n\n<p class=\"has-accent-3-color has-text-color has-link-color wp-elements-53e6a10ae47e00951556798c49e88dca\">Bilan&nbsp;: L\u2019appareil reproducteur de la femme \u00e0 une activit\u00e9 cyclique d\u2019environ 28 jours de la pubert\u00e9 jusqu&rsquo;\u00e0 la m\u00e9nopause (p\u00e9riode ou la femme ne lib\u00e8re plus d\u2019ovule).<\/p>\n\n\n\n<p class=\"has-accent-3-color has-text-color has-link-color wp-elements-6c7e73c697597b01685ad389bc9dab30\">Le cycle menstruel est contr\u00f4l\u00e9 par deux hormones L\u2019\u0153strog\u00e8nes et la progest\u00e9rones. Un pic d\u2019\u0153strog\u00e8ne entraine l\u2019ovulation alors que la baisse des deux hormones provoque les r\u00e8gles.<\/p>\n\n\n\n<p class=\"has-accent-3-color has-text-color has-link-color wp-elements-b4a81aceb1fde2fefd08bd59c8290d05\">Le premier jour du cycle correspond au premier jour des r\u00e8gles alors que l\u2019ovulation \u00e0 lieux <strong>14 jours avant<\/strong> la fin du cycle .<\/p>\n\n\n\n<p class=\"has-accent-3-color has-text-color has-link-color wp-elements-5980c79001eade2ed086c8129e27619f\"><\/p>\n\n\n\n<p class=\"has-accent-3-color has-text-color has-link-color wp-elements-227e08a45352a51e159b3c0f3ef820e7\"><strong><br><\/strong><\/p>\n","protected":false},"excerpt":{"rendered":"<p>Comment fonctionne l\u2019appareil reproducteur de la femme\u00a0? Correction Partie I : Page 417 1. 2. Les ovaires, l\u2019ut\u00e9rus et le clitoris \u00a0deviennent fonctionnel \u00e0 la pubert\u00e9 3. Ovaire\u00a0: l\u2019ovaire va se mettre \u00e0 lib\u00e9rer un ovules tous les 28 jours (environs)Ut\u00e9rus\u00a0: D\u00e9veloppement de la muqueuse ut\u00e9rine pour permettre l\u2019accueil d\u2019un futur b\u00e9b\u00e9 et sinon destructions [&hellip;]<\/p>\n","protected":false},"author":1,"featured_media":0,"parent":144,"menu_order":0,"comment_status":"closed","ping_status":"closed","template":"","meta":{"footnotes":""},"class_list":["post-654","page","type-page","status-publish","hentry"],"_links":{"self":[{"href":"https:\/\/mruizsvt.fr\/index.php\/wp-json\/wp\/v2\/pages\/654","targetHints":{"allow":["GET"]}}],"collection":[{"href":"https:\/\/mruizsvt.fr\/index.php\/wp-json\/wp\/v2\/pages"}],"about":[{"href":"https:\/\/mruizsvt.fr\/index.php\/wp-json\/wp\/v2\/types\/page"}],"author":[{"embeddable":true,"href":"https:\/\/mruizsvt.fr\/index.php\/wp-json\/wp\/v2\/users\/1"}],"replies":[{"embeddable":true,"href":"https:\/\/mruizsvt.fr\/index.php\/wp-json\/wp\/v2\/comments?post=654"}],"version-history":[{"count":3,"href":"https:\/\/mruizsvt.fr\/index.php\/wp-json\/wp\/v2\/pages\/654\/revisions"}],"predecessor-version":[{"id":659,"href":"https:\/\/mruizsvt.fr\/index.php\/wp-json\/wp\/v2\/pages\/654\/revisions\/659"}],"up":[{"embeddable":true,"href":"https:\/\/mruizsvt.fr\/index.php\/wp-json\/wp\/v2\/pages\/144"}],"wp:attachment":[{"href":"https:\/\/mruizsvt.fr\/index.php\/wp-json\/wp\/v2\/media?parent=654"}],"curies":[{"name":"wp","href":"https:\/\/api.w.org\/{rel}","templated":true}]}}