{"id":647,"date":"2026-02-11T10:17:19","date_gmt":"2026-02-11T09:17:19","guid":{"rendered":"https:\/\/mruizsvt.fr\/?page_id=647"},"modified":"2026-02-11T10:21:24","modified_gmt":"2026-02-11T09:21:24","slug":"1-4-comment-les-elements-nutritifs-sont-ils-transporte-dans-la-plante","status":"publish","type":"page","link":"https:\/\/mruizsvt.fr\/index.php\/3-eme\/chapitre-2-genetique\/1-4-comment-les-elements-nutritifs-sont-ils-transporte-dans-la-plante\/","title":{"rendered":"1.4 Comment les \u00e9l\u00e9ments nutritifs sont ils transport\u00e9 dans la plante\u00a0?"},"content":{"rendered":"\n<blockquote class=\"wp-block-quote is-layout-flow wp-block-quote-is-layout-flow\">\n<p class=\"has-text-align-center\"><strong>Exercice classe<\/strong><\/p>\n\n\n\n<p class=\"has-text-align-center\">Exercice livre page 192-193<\/p>\n<\/blockquote>\n\n\n\n<blockquote class=\"wp-block-quote is-layout-flow wp-block-quote-is-layout-flow\">\n<p class=\"has-text-align-center\">Correction\/Bilan<\/p>\n<\/blockquote>\n\n\n\n<figure class=\"wp-block-image size-large\"><img loading=\"lazy\" decoding=\"async\" width=\"1024\" height=\"707\" src=\"https:\/\/mruizsvt.fr\/wp-content\/uploads\/2026\/02\/image-1024x707.png\" alt=\"\" class=\"wp-image-648\" srcset=\"https:\/\/mruizsvt.fr\/wp-content\/uploads\/2026\/02\/image-1024x707.png 1024w, https:\/\/mruizsvt.fr\/wp-content\/uploads\/2026\/02\/image-300x207.png 300w, https:\/\/mruizsvt.fr\/wp-content\/uploads\/2026\/02\/image-768x530.png 768w, https:\/\/mruizsvt.fr\/wp-content\/uploads\/2026\/02\/image.png 1286w\" sizes=\"auto, (max-width: 1024px) 100vw, 1024px\" \/><\/figure>\n\n\n\n<p>La distribution des \u00e9l\u00e9ment nutritifs n\u00e9cessaires au fonctionnement de la plante sont transport\u00e9 par les tissus conducteurs <\/p>\n\n\n\n<p>Des tissus conducteurs sp\u00e9cialis\u00e9 conduisent la s\u00e8ve brute  (eau et sels min\u00e9raux) des racines  jusqu&rsquo;au cellules chlorophylliennes = Fleche rouge<\/p>\n\n\n\n<p>D&rsquo;autre tissus conducteurs sp\u00e9cialis\u00e9s conduisent la s\u00e8ve \u00e9labor\u00e9 (mati\u00e8re organique) des feuilles jusqu&rsquo;aux organes de r\u00e9serves = Fleche bleu<\/p>\n\n\n\n<p class=\"has-accent-3-color has-text-color has-link-color wp-elements-227e08a45352a51e159b3c0f3ef820e7\"><strong><br><\/strong><\/p>\n","protected":false},"excerpt":{"rendered":"<p>Exercice classe Exercice livre page 192-193 Correction\/Bilan La distribution des \u00e9l\u00e9ment nutritifs n\u00e9cessaires au fonctionnement de la plante sont transport\u00e9 par les tissus conducteurs Des tissus conducteurs sp\u00e9cialis\u00e9 conduisent la s\u00e8ve brute (eau et sels min\u00e9raux) des racines jusqu&rsquo;au cellules chlorophylliennes = Fleche rouge D&rsquo;autre tissus conducteurs sp\u00e9cialis\u00e9s conduisent la s\u00e8ve \u00e9labor\u00e9 (mati\u00e8re organique) des [&hellip;]<\/p>\n","protected":false},"author":1,"featured_media":0,"parent":60,"menu_order":0,"comment_status":"closed","ping_status":"closed","template":"","meta":{"footnotes":""},"class_list":["post-647","page","type-page","status-publish","hentry"],"_links":{"self":[{"href":"https:\/\/mruizsvt.fr\/index.php\/wp-json\/wp\/v2\/pages\/647","targetHints":{"allow":["GET"]}}],"collection":[{"href":"https:\/\/mruizsvt.fr\/index.php\/wp-json\/wp\/v2\/pages"}],"about":[{"href":"https:\/\/mruizsvt.fr\/index.php\/wp-json\/wp\/v2\/types\/page"}],"author":[{"embeddable":true,"href":"https:\/\/mruizsvt.fr\/index.php\/wp-json\/wp\/v2\/users\/1"}],"replies":[{"embeddable":true,"href":"https:\/\/mruizsvt.fr\/index.php\/wp-json\/wp\/v2\/comments?post=647"}],"version-history":[{"count":3,"href":"https:\/\/mruizsvt.fr\/index.php\/wp-json\/wp\/v2\/pages\/647\/revisions"}],"predecessor-version":[{"id":651,"href":"https:\/\/mruizsvt.fr\/index.php\/wp-json\/wp\/v2\/pages\/647\/revisions\/651"}],"up":[{"embeddable":true,"href":"https:\/\/mruizsvt.fr\/index.php\/wp-json\/wp\/v2\/pages\/60"}],"wp:attachment":[{"href":"https:\/\/mruizsvt.fr\/index.php\/wp-json\/wp\/v2\/media?parent=647"}],"curies":[{"name":"wp","href":"https:\/\/api.w.org\/{rel}","templated":true}]}}