{"id":644,"date":"2026-02-11T10:07:51","date_gmt":"2026-02-11T09:07:51","guid":{"rendered":"https:\/\/mruizsvt.fr\/?page_id=644"},"modified":"2026-02-11T10:09:24","modified_gmt":"2026-02-11T09:09:24","slug":"1-4-des-phenomenes-extremes","status":"publish","type":"page","link":"https:\/\/mruizsvt.fr\/index.php\/6-eme\/chpitre-6\/1-4-des-phenomenes-extremes\/","title":{"rendered":"1.4 Des ph\u00e9nom\u00e8nes extr\u00eames"},"content":{"rendered":"\n<p class=\"has-text-color has-link-color wp-elements-2f00cbdeef11c50621e654ba17a72f01\" style=\"color:#88a575\">Quels risques les \u00e9v\u00e9nements extr\u00eames pr\u00e9sentent ils pour les humains\u00a0?<\/p>\n\n\n\n<blockquote class=\"wp-block-quote is-layout-flow wp-block-quote-is-layout-flow\">\n<p class=\"has-text-align-center\"><strong>Exercice classe<\/strong><\/p>\n\n\n\n<p class=\"has-text-align-center\">Exercice livre page 318-319<\/p>\n<\/blockquote>\n\n\n\n<blockquote class=\"wp-block-quote is-layout-flow wp-block-quote-is-layout-flow\">\n<p class=\"has-text-align-center\">Correction<\/p>\n<\/blockquote>\n\n\n\n<p><\/p>\n\n\n\n<p>1)Une s\u00e9cheresse est du au manque de pluie et aux temp\u00e9ratures \u00e9lev\u00e9es<\/p>\n\n\n\n<p>2) Les cons\u00e9quences d\u2019une s\u00e9cheresse sont&nbsp;:<\/p>\n\n\n\n<ul class=\"wp-block-list\">\n<li>Mort<\/li>\n<\/ul>\n\n\n\n<ul class=\"wp-block-list\">\n<li>D\u00e9g\u00e2t mat\u00e9riel<\/li>\n<\/ul>\n\n\n\n<ul class=\"wp-block-list\">\n<li>Perte des cultures<\/li>\n<\/ul>\n\n\n\n<p>3) Les cons\u00e9quences d\u2019une inondation sont&nbsp;:<\/p>\n\n\n\n<ul class=\"wp-block-list\">\n<li>Fermeture des b\u00e2timents publiques<\/li>\n<\/ul>\n\n\n\n<ul class=\"wp-block-list\">\n<li>Destruction des maisons<\/li>\n<\/ul>\n\n\n\n<ul class=\"wp-block-list\">\n<li>Blesser<\/li>\n<\/ul>\n\n\n\n<ul class=\"wp-block-list\">\n<li>Mort<\/li>\n<\/ul>\n\n\n\n<ul class=\"wp-block-list\">\n<li>D\u00e9g\u00e2t mat\u00e9riel<\/li>\n<\/ul>\n\n\n\n<p>4) Pour prot\u00e9ger des inondations nous pouvons mettre en place des dispositifs anti-inondation&nbsp;: Barrage en pvc, barrage de porte<\/p>\n\n\n\n<p><\/p>\n\n\n\n<blockquote class=\"wp-block-quote is-layout-flow wp-block-quote-is-layout-flow\">\n<p class=\"has-text-align-center\">Bilan<\/p>\n<\/blockquote>\n\n\n\n<p class=\"has-accent-3-color has-text-color has-link-color wp-elements-d8f380084488b809a17fb932c5fe0b31\">Certains ph\u00e9nom\u00e8nes climatiques ou m\u00e9t\u00e9orologiques pr\u00e9sentent des risques\u00a0 pour les populations (inondation, s\u00e9cheresse, orage,\u2026)<\/p>\n\n\n\n<p class=\"has-accent-3-color has-text-color has-link-color wp-elements-227e08a45352a51e159b3c0f3ef820e7\"><strong><br><\/strong><\/p>\n","protected":false},"excerpt":{"rendered":"<p>Quels risques les \u00e9v\u00e9nements extr\u00eames pr\u00e9sentent ils pour les humains\u00a0? Exercice classe Exercice livre page 318-319 Correction 1)Une s\u00e9cheresse est du au manque de pluie et aux temp\u00e9ratures \u00e9lev\u00e9es 2) Les cons\u00e9quences d\u2019une s\u00e9cheresse sont&nbsp;: 3) Les cons\u00e9quences d\u2019une inondation sont&nbsp;: 4) Pour prot\u00e9ger des inondations nous pouvons mettre en place des dispositifs anti-inondation&nbsp;: Barrage [&hellip;]<\/p>\n","protected":false},"author":1,"featured_media":0,"parent":615,"menu_order":0,"comment_status":"closed","ping_status":"closed","template":"","meta":{"footnotes":""},"class_list":["post-644","page","type-page","status-publish","hentry"],"_links":{"self":[{"href":"https:\/\/mruizsvt.fr\/index.php\/wp-json\/wp\/v2\/pages\/644","targetHints":{"allow":["GET"]}}],"collection":[{"href":"https:\/\/mruizsvt.fr\/index.php\/wp-json\/wp\/v2\/pages"}],"about":[{"href":"https:\/\/mruizsvt.fr\/index.php\/wp-json\/wp\/v2\/types\/page"}],"author":[{"embeddable":true,"href":"https:\/\/mruizsvt.fr\/index.php\/wp-json\/wp\/v2\/users\/1"}],"replies":[{"embeddable":true,"href":"https:\/\/mruizsvt.fr\/index.php\/wp-json\/wp\/v2\/comments?post=644"}],"version-history":[{"count":2,"href":"https:\/\/mruizsvt.fr\/index.php\/wp-json\/wp\/v2\/pages\/644\/revisions"}],"predecessor-version":[{"id":646,"href":"https:\/\/mruizsvt.fr\/index.php\/wp-json\/wp\/v2\/pages\/644\/revisions\/646"}],"up":[{"embeddable":true,"href":"https:\/\/mruizsvt.fr\/index.php\/wp-json\/wp\/v2\/pages\/615"}],"wp:attachment":[{"href":"https:\/\/mruizsvt.fr\/index.php\/wp-json\/wp\/v2\/media?parent=644"}],"curies":[{"name":"wp","href":"https:\/\/api.w.org\/{rel}","templated":true}]}}