{"id":62,"date":"2024-04-04T10:51:47","date_gmt":"2024-04-04T08:51:47","guid":{"rendered":"https:\/\/mruizsvt.fr\/?page_id=62"},"modified":"2024-09-17T15:40:00","modified_gmt":"2024-09-17T13:40:00","slug":"chapitre-3-evolution-des-especes","status":"publish","type":"page","link":"https:\/\/mruizsvt.fr\/index.php\/3-eme\/chapitre-3-evolution-des-especes\/","title":{"rendered":"Chapitre 3 : \u00c9volution"},"content":{"rendered":"<ul class=\"wp-block-page-list\"><li class=\"wp-block-pages-list__item\"><a class=\"wp-block-pages-list__item__link\" href=\"https:\/\/mruizsvt.fr\/index.php\/3-eme\/chapitre-3-evolution-des-especes\/activite-1-fossiles-et-reconstitution-de-paysages-anciens\/\">1.1 Activit\u00e9 : Fossiles et reconstitution de paysages anciens<\/a><\/li><li class=\"wp-block-pages-list__item\"><a class=\"wp-block-pages-list__item__link\" href=\"https:\/\/mruizsvt.fr\/index.php\/3-eme\/chapitre-3-evolution-des-especes\/activite-2-etude-des-oceans-a-trois-periodes\/\">1.2 Activit\u00e9 : Etude des oc\u00e9ans \u00e0 trois p\u00e9riodes<\/a><\/li><li class=\"wp-block-pages-list__item\"><a class=\"wp-block-pages-list__item__link\" href=\"https:\/\/mruizsvt.fr\/index.php\/3-eme\/chapitre-3-evolution-des-especes\/activite-3-etudes-du-groupe-des-ammonites\/\">1.3 Activit\u00e9 : Etudes du groupe des Ammonites<\/a><\/li><li class=\"wp-block-pages-list__item\"><a class=\"wp-block-pages-list__item__link\" href=\"https:\/\/mruizsvt.fr\/index.php\/3-eme\/chapitre-3-evolution-des-especes\/activite-4-la-biodiversite-au-cours-du-temps\/\">1.4 Activit\u00e9 : La biodiversit\u00e9 au cours du temps<\/a><\/li><li class=\"wp-block-pages-list__item\"><a class=\"wp-block-pages-list__item__link\" href=\"https:\/\/mruizsvt.fr\/index.php\/3-eme\/chapitre-3-evolution-des-especes\/activite-5-etude-de-la-disparition-des-dinosaures\/\">1.5 Activit\u00e9 : Etude de la disparition des dinosaures<\/a><\/li><li class=\"wp-block-pages-list__item\"><a class=\"wp-block-pages-list__item__link\" href=\"https:\/\/mruizsvt.fr\/index.php\/3-eme\/chapitre-3-evolution-des-especes\/activite-6\/\">2.1 Activit\u00e9 : Les origines communes des \u00eatres vivants<\/a><\/li><li class=\"wp-block-pages-list__item\"><a class=\"wp-block-pages-list__item__link\" href=\"https:\/\/mruizsvt.fr\/index.php\/3-eme\/chapitre-3-evolution-des-especes\/activite-7-evolution-et-parente-entre-des-especes-differentes\/\">2.2 Activit\u00e9 : Evolution et parent\u00e9 entre des esp\u00e8ces diff\u00e9rentes.<\/a><\/li><li class=\"wp-block-pages-list__item\"><a class=\"wp-block-pages-list__item__link\" href=\"https:\/\/mruizsvt.fr\/index.php\/3-eme\/chapitre-3-evolution-des-especes\/activite-8-la-place-de-lhomme-dans-levolution\/\">2.3 Activit\u00e9 : La place de l&rsquo;Homme dans l&rsquo;\u00e9volution<\/a><\/li><li class=\"wp-block-pages-list__item\"><a class=\"wp-block-pages-list__item__link\" href=\"https:\/\/mruizsvt.fr\/index.php\/3-eme\/chapitre-3-evolution-des-especes\/activite-9-lapparition-de-nouveaux-caracteres\/\">2.4 Activit\u00e9 : L&rsquo;apparition de nouveaux caract\u00e8res<\/a><\/li><li class=\"wp-block-pages-list__item\"><a class=\"wp-block-pages-list__item__link\" href=\"https:\/\/mruizsvt.fr\/index.php\/3-eme\/chapitre-3-evolution-des-especes\/activite-10-modelisation-de-la-selection-naturelle\/\">2.5 Activit\u00e9 : Mod\u00e9lisation de la s\u00e9lection naturelle<\/a><\/li><li class=\"wp-block-pages-list__item\"><a class=\"wp-block-pages-list__item__link\" href=\"https:\/\/mruizsvt.fr\/index.php\/3-eme\/chapitre-3-evolution-des-especes\/3-1-activite-les-conditions-de-vie-sur-la-terre\/\">3.1 Activit\u00e9 : Les conditions de vie sur la Terre<\/a><\/li><li class=\"wp-block-pages-list__item\"><a class=\"wp-block-pages-list__item__link\" href=\"https:\/\/mruizsvt.fr\/index.php\/3-eme\/chapitre-3-evolution-des-especes\/3-2-activite-tectonique-des-plaques-et-changements-climatiques\/\">3.2 Activit\u00e9 : Tectonique des plaques et changements climatiques<\/a><\/li><li class=\"wp-block-pages-list__item\"><a class=\"wp-block-pages-list__item__link\" href=\"https:\/\/mruizsvt.fr\/index.php\/3-eme\/chapitre-3-evolution-des-especes\/3-3-activite-conditions-climatiques-et-peuplement-des-especes\/\">3.3 Activit\u00e9 : Conditions climatiques et peuplement des esp\u00e8ces<\/a><\/li><\/ul>","protected":false},"excerpt":{"rendered":"","protected":false},"author":1,"featured_media":0,"parent":232,"menu_order":0,"comment_status":"closed","ping_status":"closed","template":"","meta":{"footnotes":""},"class_list":["post-62","page","type-page","status-publish","hentry"],"_links":{"self":[{"href":"https:\/\/mruizsvt.fr\/index.php\/wp-json\/wp\/v2\/pages\/62","targetHints":{"allow":["GET"]}}],"collection":[{"href":"https:\/\/mruizsvt.fr\/index.php\/wp-json\/wp\/v2\/pages"}],"about":[{"href":"https:\/\/mruizsvt.fr\/index.php\/wp-json\/wp\/v2\/types\/page"}],"author":[{"embeddable":true,"href":"https:\/\/mruizsvt.fr\/index.php\/wp-json\/wp\/v2\/users\/1"}],"replies":[{"embeddable":true,"href":"https:\/\/mruizsvt.fr\/index.php\/wp-json\/wp\/v2\/comments?post=62"}],"version-history":[{"count":4,"href":"https:\/\/mruizsvt.fr\/index.php\/wp-json\/wp\/v2\/pages\/62\/revisions"}],"predecessor-version":[{"id":163,"href":"https:\/\/mruizsvt.fr\/index.php\/wp-json\/wp\/v2\/pages\/62\/revisions\/163"}],"up":[{"embeddable":true,"href":"https:\/\/mruizsvt.fr\/index.php\/wp-json\/wp\/v2\/pages\/232"}],"wp:attachment":[{"href":"https:\/\/mruizsvt.fr\/index.php\/wp-json\/wp\/v2\/media?parent=62"}],"curies":[{"name":"wp","href":"https:\/\/api.w.org\/{rel}","templated":true}]}}