{"id":615,"date":"2026-02-10T21:04:06","date_gmt":"2026-02-10T20:04:06","guid":{"rendered":"https:\/\/mruizsvt.fr\/?page_id=615"},"modified":"2026-02-11T09:57:01","modified_gmt":"2026-02-11T08:57:01","slug":"chpitre-6","status":"publish","type":"page","link":"https:\/\/mruizsvt.fr\/index.php\/6-eme\/chpitre-6\/","title":{"rendered":"Chapitre 6 : Activit\u00e9 interne"},"content":{"rendered":"\n<div class=\"wp-block-group has-global-padding is-layout-constrained wp-block-group-is-layout-constrained\"><ul class=\"wp-block-page-list\"><li class=\"wp-block-pages-list__item\"><a class=\"wp-block-pages-list__item__link\" href=\"https:\/\/mruizsvt.fr\/index.php\/6-eme\/chpitre-6\/1-1-lactivite-interne-de-la-terre\/\">1.1 L&rsquo;activit\u00e9 interne de la Terre<\/a><\/li><li class=\"wp-block-pages-list__item\"><a class=\"wp-block-pages-list__item__link\" href=\"https:\/\/mruizsvt.fr\/index.php\/6-eme\/chpitre-6\/1-2-meteo\/\">1.2 Etude d&rsquo;un ph\u00e9nom\u00e8ne m\u00e9t\u00e9orologique<\/a><\/li><li class=\"wp-block-pages-list__item\"><a class=\"wp-block-pages-list__item__link\" href=\"https:\/\/mruizsvt.fr\/index.php\/6-eme\/chpitre-6\/1-3-innondation\/\">1.3 Etude d&rsquo;un ph\u00e9nom\u00e8ne climatique l\u2019effet de Serre<\/a><\/li><li class=\"wp-block-pages-list__item\"><a class=\"wp-block-pages-list__item__link\" href=\"https:\/\/mruizsvt.fr\/index.php\/6-eme\/chpitre-6\/1-4-des-phenomenes-extremes\/\">1.4 Des ph\u00e9nom\u00e8nes extr\u00eames<\/a><\/li><\/ul><\/div>\n\n=","protected":false},"excerpt":{"rendered":"<p>=<\/p>\n","protected":false},"author":1,"featured_media":0,"parent":223,"menu_order":0,"comment_status":"closed","ping_status":"closed","template":"","meta":{"footnotes":""},"class_list":["post-615","page","type-page","status-publish","hentry"],"_links":{"self":[{"href":"https:\/\/mruizsvt.fr\/index.php\/wp-json\/wp\/v2\/pages\/615","targetHints":{"allow":["GET"]}}],"collection":[{"href":"https:\/\/mruizsvt.fr\/index.php\/wp-json\/wp\/v2\/pages"}],"about":[{"href":"https:\/\/mruizsvt.fr\/index.php\/wp-json\/wp\/v2\/types\/page"}],"author":[{"embeddable":true,"href":"https:\/\/mruizsvt.fr\/index.php\/wp-json\/wp\/v2\/users\/1"}],"replies":[{"embeddable":true,"href":"https:\/\/mruizsvt.fr\/index.php\/wp-json\/wp\/v2\/comments?post=615"}],"version-history":[{"count":10,"href":"https:\/\/mruizsvt.fr\/index.php\/wp-json\/wp\/v2\/pages\/615\/revisions"}],"predecessor-version":[{"id":642,"href":"https:\/\/mruizsvt.fr\/index.php\/wp-json\/wp\/v2\/pages\/615\/revisions\/642"}],"up":[{"embeddable":true,"href":"https:\/\/mruizsvt.fr\/index.php\/wp-json\/wp\/v2\/pages\/223"}],"wp:attachment":[{"href":"https:\/\/mruizsvt.fr\/index.php\/wp-json\/wp\/v2\/media?parent=615"}],"curies":[{"name":"wp","href":"https:\/\/api.w.org\/{rel}","templated":true}]}}