{"id":606,"date":"2026-02-10T20:48:31","date_gmt":"2026-02-10T19:48:31","guid":{"rendered":"https:\/\/mruizsvt.fr\/?page_id=606"},"modified":"2026-02-11T09:09:05","modified_gmt":"2026-02-11T08:09:05","slug":"1-2-meteo","status":"publish","type":"page","link":"https:\/\/mruizsvt.fr\/index.php\/6-eme\/chpitre-6\/1-2-meteo\/","title":{"rendered":"1.2 Etude d&rsquo;un ph\u00e9nom\u00e8ne m\u00e9t\u00e9orologique"},"content":{"rendered":"\n<p class=\"has-accent-4-color has-text-color has-link-color wp-elements-87a763a4881d992601cbec5f1257834a\">Comment pr\u00e9voir le temps qu\u2019il va faire\u00a0?<\/p>\n\n\n\n<blockquote class=\"wp-block-quote is-layout-flow wp-block-quote-is-layout-flow\">\n<p class=\"has-text-align-center\"><strong>Exercice classe<\/strong><\/p>\n\n\n\n<p class=\"has-text-align-center\">Exercice livre page 314-315<\/p>\n<\/blockquote>\n\n\n\n<blockquote class=\"wp-block-quote is-layout-flow wp-block-quote-is-layout-flow\">\n<p class=\"has-text-align-center\">Correction<\/p>\n<\/blockquote>\n\n\n\n<p>1) les grandeurs mesur\u00e9es par une station m\u00e9t\u00e9o sont&nbsp;:<\/p>\n\n\n\n<ul class=\"wp-block-list\">\n<li>Temp\u00e9rature en degr\u00e9 Celsius<\/li>\n\n\n\n<li>Direction du vent<\/li>\n\n\n\n<li>Humidit\u00e9 en\u00a0%<\/li>\n\n\n\n<li>Pression atmosph\u00e9rique en hPa<\/li>\n\n\n\n<li>Quantit\u00e9 de pr\u00e9cipitation en mm<\/li>\n\n\n\n<li>Vitesse du vent en km\/h<\/li>\n<\/ul>\n\n\n\n<p>2) En appuyant sur la seringue nous augmentons la pression et en tirant sur le piston de la seringue on diminue la pression.<\/p>\n\n\n\n<p>3)La vapeur d\u2019eau pr\u00e9sente dans l\u2019air environnant va passer \u00e0 l\u2019\u00e9tat liquide lorsqu\u2019elle entre en contact avec le b\u00e9cher qui est froid<\/p>\n\n\n\n<p>4) Si l\u2019air est humide et que la pression baisse rapidement il peut y avoir de la pluie or a Trappes le matin la pression est haute puis diminue rapidement et l\u2019humidit\u00e9 est a 97&nbsp;% il \u00e9tait donc fortement probable qu\u2019il allait pleuvoir.<\/p>\n\n\n\n<p><\/p>\n\n\n\n<blockquote class=\"wp-block-quote is-layout-flow wp-block-quote-is-layout-flow\">\n<p class=\"has-text-align-center\">Bilan<\/p>\n<\/blockquote>\n\n\n\n<p class=\"has-accent-3-color has-text-color has-link-color wp-elements-2212bad01c25a0b29ea60dacfd6bf943\">La m\u00e9t\u00e9o correspond au temps qu\u2019il fait en un lieu donn\u00e9 \u00e0 un moment donn\u00e9<\/p>\n\n\n\n<p class=\"has-accent-3-color has-text-color has-link-color wp-elements-438f87c56d331c3757a4f66e7a6fce91\">Le temps qu\u2019il fait d\u00e9pend de diff\u00e9rents param\u00e8tres qui peuvent entrainer des nuages, pr\u00e9cipitations, orages,&#8230;<\/p>\n\n\n\n<p class=\"has-accent-3-color has-text-color has-link-color wp-elements-227e08a45352a51e159b3c0f3ef820e7\"><strong><br><\/strong><\/p>\n","protected":false},"excerpt":{"rendered":"<p>Comment pr\u00e9voir le temps qu\u2019il va faire\u00a0? Exercice classe Exercice livre page 314-315 Correction 1) les grandeurs mesur\u00e9es par une station m\u00e9t\u00e9o sont&nbsp;: 2) En appuyant sur la seringue nous augmentons la pression et en tirant sur le piston de la seringue on diminue la pression. 3)La vapeur d\u2019eau pr\u00e9sente dans l\u2019air environnant va passer [&hellip;]<\/p>\n","protected":false},"author":1,"featured_media":0,"parent":615,"menu_order":0,"comment_status":"closed","ping_status":"closed","template":"","meta":{"footnotes":""},"class_list":["post-606","page","type-page","status-publish","hentry"],"_links":{"self":[{"href":"https:\/\/mruizsvt.fr\/index.php\/wp-json\/wp\/v2\/pages\/606","targetHints":{"allow":["GET"]}}],"collection":[{"href":"https:\/\/mruizsvt.fr\/index.php\/wp-json\/wp\/v2\/pages"}],"about":[{"href":"https:\/\/mruizsvt.fr\/index.php\/wp-json\/wp\/v2\/types\/page"}],"author":[{"embeddable":true,"href":"https:\/\/mruizsvt.fr\/index.php\/wp-json\/wp\/v2\/users\/1"}],"replies":[{"embeddable":true,"href":"https:\/\/mruizsvt.fr\/index.php\/wp-json\/wp\/v2\/comments?post=606"}],"version-history":[{"count":2,"href":"https:\/\/mruizsvt.fr\/index.php\/wp-json\/wp\/v2\/pages\/606\/revisions"}],"predecessor-version":[{"id":639,"href":"https:\/\/mruizsvt.fr\/index.php\/wp-json\/wp\/v2\/pages\/606\/revisions\/639"}],"up":[{"embeddable":true,"href":"https:\/\/mruizsvt.fr\/index.php\/wp-json\/wp\/v2\/pages\/615"}],"wp:attachment":[{"href":"https:\/\/mruizsvt.fr\/index.php\/wp-json\/wp\/v2\/media?parent=606"}],"curies":[{"name":"wp","href":"https:\/\/api.w.org\/{rel}","templated":true}]}}