{"id":60,"date":"2024-04-04T10:50:16","date_gmt":"2024-04-04T08:50:16","guid":{"rendered":"https:\/\/mruizsvt.fr\/?page_id=60"},"modified":"2024-11-13T11:18:08","modified_gmt":"2024-11-13T10:18:08","slug":"chapitre-2-genetique","status":"publish","type":"page","link":"https:\/\/mruizsvt.fr\/index.php\/3-eme\/chapitre-2-genetique\/","title":{"rendered":"Chapitre 2 : Les v\u00e9g\u00e9taux"},"content":{"rendered":"<ul class=\"wp-block-page-list\"><li class=\"wp-block-pages-list__item\"><a class=\"wp-block-pages-list__item__link\" href=\"https:\/\/mruizsvt.fr\/index.php\/3-eme\/chapitre-2-genetique\/1-1-comment-la-plante-produit-t-elle-et-stocke-t-elle-la-matiere-organique\/\">1.1 Comment la plante produit-t-elle et stocke-t-elle la mati\u00e8re organique\u00a0?<\/a><\/li><li class=\"wp-block-pages-list__item\"><a class=\"wp-block-pages-list__item__link\" href=\"https:\/\/mruizsvt.fr\/index.php\/3-eme\/chapitre-2-genetique\/1-2-comment-la-matiere-organique-produite-par-la-plante-est-elle-utilisee\/\">1.2 Comment la mati\u00e8re organique produite par la plante est elle utilis\u00e9e\u00a0?<\/a><\/li><li class=\"wp-block-pages-list__item\"><a class=\"wp-block-pages-list__item__link\" href=\"https:\/\/mruizsvt.fr\/index.php\/3-eme\/chapitre-2-genetique\/1-3-comment-la-plante-preleve-t-elle-ce-quelle-a-besoin\/\">1.3 Comment la plante pr\u00e9l\u00e8ve-t-elle ce qu\u2019elle a besoin\u00a0?<\/a><\/li><li class=\"wp-block-pages-list__item\"><a class=\"wp-block-pages-list__item__link\" href=\"https:\/\/mruizsvt.fr\/index.php\/3-eme\/chapitre-2-genetique\/1-4-comment-les-elements-nutritifs-sont-ils-transporte-dans-la-plante\/\">1.4 Comment les \u00e9l\u00e9ments nutritifs sont ils transport\u00e9 dans la plante\u00a0?<\/a><\/li><\/ul>\n\n\n<p><\/p>\n","protected":false},"excerpt":{"rendered":"","protected":false},"author":1,"featured_media":0,"parent":232,"menu_order":0,"comment_status":"closed","ping_status":"closed","template":"","meta":{"footnotes":""},"class_list":["post-60","page","type-page","status-publish","hentry"],"_links":{"self":[{"href":"https:\/\/mruizsvt.fr\/index.php\/wp-json\/wp\/v2\/pages\/60","targetHints":{"allow":["GET"]}}],"collection":[{"href":"https:\/\/mruizsvt.fr\/index.php\/wp-json\/wp\/v2\/pages"}],"about":[{"href":"https:\/\/mruizsvt.fr\/index.php\/wp-json\/wp\/v2\/types\/page"}],"author":[{"embeddable":true,"href":"https:\/\/mruizsvt.fr\/index.php\/wp-json\/wp\/v2\/users\/1"}],"replies":[{"embeddable":true,"href":"https:\/\/mruizsvt.fr\/index.php\/wp-json\/wp\/v2\/comments?post=60"}],"version-history":[{"count":3,"href":"https:\/\/mruizsvt.fr\/index.php\/wp-json\/wp\/v2\/pages\/60\/revisions"}],"predecessor-version":[{"id":356,"href":"https:\/\/mruizsvt.fr\/index.php\/wp-json\/wp\/v2\/pages\/60\/revisions\/356"}],"up":[{"embeddable":true,"href":"https:\/\/mruizsvt.fr\/index.php\/wp-json\/wp\/v2\/pages\/232"}],"wp:attachment":[{"href":"https:\/\/mruizsvt.fr\/index.php\/wp-json\/wp\/v2\/media?parent=60"}],"curies":[{"name":"wp","href":"https:\/\/api.w.org\/{rel}","templated":true}]}}