{"id":591,"date":"2026-02-10T15:42:43","date_gmt":"2026-02-10T14:42:43","guid":{"rendered":"https:\/\/mruizsvt.fr\/?page_id=591"},"modified":"2026-02-10T21:15:08","modified_gmt":"2026-02-10T20:15:08","slug":"1-1-lactivite-interne-de-la-terre","status":"publish","type":"page","link":"https:\/\/mruizsvt.fr\/index.php\/6-eme\/chpitre-6\/1-1-lactivite-interne-de-la-terre\/","title":{"rendered":"1.1 L&rsquo;activit\u00e9 interne de la Terre"},"content":{"rendered":"\n<p><mark style=\"background-color:rgba(0, 0, 0, 0)\" class=\"has-inline-color has-accent-4-color\">Quels risques l\u2019activit\u00e9 interne de la Terre pr\u00e9sente-t-elle&nbsp;?<\/mark><\/p>\n\n\n\n<blockquote class=\"wp-block-quote is-layout-flow wp-block-quote-is-layout-flow\">\n<p>Exercice<\/p>\n\n\n\n<p>Livre SVT 6eme page 312-313 <\/p>\n<\/blockquote>\n\n\n\n<blockquote class=\"wp-block-quote is-layout-flow wp-block-quote-is-layout-flow\">\n<p>Correction<\/p>\n<\/blockquote>\n\n\n\n<ol class=\"wp-block-list\">\n<li>Des victimes , batiments d\u00e9truits , biens d\u00e9truits, Blessure.<\/li>\n<\/ol>\n\n\n\n<ol class=\"wp-block-list\">\n<li><\/li>\n<\/ol>\n\n\n\n<p>2. L\u2019\u00e9ruption la plus dangereuse est celle du volcan Sinabung a cause des nu\u00e9es ardente qui sont plus dangereuse que les coul\u00e9es de laves<\/p>\n\n\n\n<p>3. Le s\u00e9isme commence \u00e0 6h15min<\/p>\n\n\n\n<p>4. Les s\u00e9ismes se propagent dans le sol a tres grande distance<\/p>\n\n\n\n<p><\/p>\n\n\n\n<blockquote class=\"wp-block-quote is-layout-flow wp-block-quote-is-layout-flow\">\n<p>Bilan<\/p>\n<\/blockquote>\n\n\n\n<p><mark style=\"background-color:rgba(0, 0, 0, 0)\" class=\"has-inline-color has-accent-3-color\">Les s\u00e9ismes et les volcans provoquent <strong>parfois <\/strong>des risques pour l\u2019Homme. <\/mark><\/p>\n\n\n\n<p><\/p>\n","protected":false},"excerpt":{"rendered":"<p>Quels risques l\u2019activit\u00e9 interne de la Terre pr\u00e9sente-t-elle&nbsp;? Exercice Livre SVT 6eme page 312-313 Correction 2. L\u2019\u00e9ruption la plus dangereuse est celle du volcan Sinabung a cause des nu\u00e9es ardente qui sont plus dangereuse que les coul\u00e9es de laves 3. Le s\u00e9isme commence \u00e0 6h15min 4. Les s\u00e9ismes se propagent dans le sol a tres [&hellip;]<\/p>\n","protected":false},"author":1,"featured_media":0,"parent":615,"menu_order":0,"comment_status":"closed","ping_status":"closed","template":"","meta":{"footnotes":""},"class_list":["post-591","page","type-page","status-publish","hentry"],"_links":{"self":[{"href":"https:\/\/mruizsvt.fr\/index.php\/wp-json\/wp\/v2\/pages\/591","targetHints":{"allow":["GET"]}}],"collection":[{"href":"https:\/\/mruizsvt.fr\/index.php\/wp-json\/wp\/v2\/pages"}],"about":[{"href":"https:\/\/mruizsvt.fr\/index.php\/wp-json\/wp\/v2\/types\/page"}],"author":[{"embeddable":true,"href":"https:\/\/mruizsvt.fr\/index.php\/wp-json\/wp\/v2\/users\/1"}],"replies":[{"embeddable":true,"href":"https:\/\/mruizsvt.fr\/index.php\/wp-json\/wp\/v2\/comments?post=591"}],"version-history":[{"count":2,"href":"https:\/\/mruizsvt.fr\/index.php\/wp-json\/wp\/v2\/pages\/591\/revisions"}],"predecessor-version":[{"id":610,"href":"https:\/\/mruizsvt.fr\/index.php\/wp-json\/wp\/v2\/pages\/591\/revisions\/610"}],"up":[{"embeddable":true,"href":"https:\/\/mruizsvt.fr\/index.php\/wp-json\/wp\/v2\/pages\/615"}],"wp:attachment":[{"href":"https:\/\/mruizsvt.fr\/index.php\/wp-json\/wp\/v2\/media?parent=591"}],"curies":[{"name":"wp","href":"https:\/\/api.w.org\/{rel}","templated":true}]}}