{"id":58,"date":"2024-04-04T10:49:43","date_gmt":"2024-04-04T08:49:43","guid":{"rendered":"https:\/\/mruizsvt.fr\/?page_id=58"},"modified":"2024-09-17T15:38:58","modified_gmt":"2024-09-17T13:38:58","slug":"chapitre-1-immunologie","status":"publish","type":"page","link":"https:\/\/mruizsvt.fr\/index.php\/3-eme\/chapitre-1-immunologie\/","title":{"rendered":"Chapitre 1 : Immunologie"},"content":{"rendered":"<ul class=\"wp-block-page-list\"><li class=\"wp-block-pages-list__item\"><a class=\"wp-block-pages-list__item__link\" href=\"https:\/\/mruizsvt.fr\/index.php\/3-eme\/chapitre-1-immunologie\/1-1-quels-sont-les-micro-organismes-qui-nous-entourent\/\">1.1 Quels sont les micro-organismes qui nous entourent\u00a0?<\/a><\/li><li class=\"wp-block-pages-list__item\"><a class=\"wp-block-pages-list__item__link\" href=\"https:\/\/mruizsvt.fr\/index.php\/3-eme\/chapitre-1-immunologie\/1-2-comment-les-micro-organismes-penetrent-ils-dans-notre-corps\/\">1.2 Comment les micro-organismes penetrent-ils dans notre corps ?<\/a><\/li><li class=\"wp-block-pages-list__item\"><a class=\"wp-block-pages-list__item__link\" href=\"https:\/\/mruizsvt.fr\/index.php\/3-eme\/chapitre-1-immunologie\/1-3-que-se-passe-t-il-quand-les-micro-organismes-penetrent-ils-dans-le-corps\/\">1.3 Que se passe-t-il quand les micro-organismes penetrent-ils dans le corps ?<\/a><\/li><li class=\"wp-block-pages-list__item\"><a class=\"wp-block-pages-list__item__link\" href=\"https:\/\/mruizsvt.fr\/index.php\/3-eme\/chapitre-1-immunologie\/1-4-comment-eviter-la-contamination\/\">1.4 Comment eviter la contamination ?<\/a><\/li><li class=\"wp-block-pages-list__item\"><a class=\"wp-block-pages-list__item__link\" href=\"https:\/\/mruizsvt.fr\/index.php\/3-eme\/chapitre-1-immunologie\/2-1-le-systeme-immunitaire\/\">2.1 Le systeme immunitaire<\/a><\/li><li class=\"wp-block-pages-list__item\"><a class=\"wp-block-pages-list__item__link\" href=\"https:\/\/mruizsvt.fr\/index.php\/3-eme\/chapitre-1-immunologie\/2-2-comment-notre-corps-reagit-il-lors-dune-contamination\/\">2.2 Comment notre corps r\u00e9agit il lors d&rsquo;une contamination ?<\/a><\/li><li class=\"wp-block-pages-list__item\"><a class=\"wp-block-pages-list__item__link\" href=\"https:\/\/mruizsvt.fr\/index.php\/3-eme\/chapitre-1-immunologie\/2-3-que-se-passe-t-il-quand-les-phagocytes-narrivent-pas-a-eliminer-les-bacteries\/\">2.3 Que se passe-t-il quand les phagocytes n\u2019arrivent pas \u00e0 \u00e9liminer les bact\u00e9ries\u00a0?<\/a><\/li><li class=\"wp-block-pages-list__item\"><a class=\"wp-block-pages-list__item__link\" href=\"https:\/\/mruizsvt.fr\/index.php\/3-eme\/chapitre-1-immunologie\/2-4-la-vaccination-et-la-memoire-immunitaire\/\">2.4 La vaccination et la m\u00e9moire immunitaire<\/a><\/li><li class=\"wp-block-pages-list__item\"><a class=\"wp-block-pages-list__item__link\" href=\"https:\/\/mruizsvt.fr\/index.php\/3-eme\/chapitre-1-immunologie\/2-5-les-immunodeficiences\/\">2.5 Les immunod\u00e9ficiences<\/a><\/li><\/ul>","protected":false},"excerpt":{"rendered":"","protected":false},"author":1,"featured_media":0,"parent":232,"menu_order":0,"comment_status":"closed","ping_status":"closed","template":"","meta":{"footnotes":""},"class_list":["post-58","page","type-page","status-publish","hentry"],"_links":{"self":[{"href":"https:\/\/mruizsvt.fr\/index.php\/wp-json\/wp\/v2\/pages\/58","targetHints":{"allow":["GET"]}}],"collection":[{"href":"https:\/\/mruizsvt.fr\/index.php\/wp-json\/wp\/v2\/pages"}],"about":[{"href":"https:\/\/mruizsvt.fr\/index.php\/wp-json\/wp\/v2\/types\/page"}],"author":[{"embeddable":true,"href":"https:\/\/mruizsvt.fr\/index.php\/wp-json\/wp\/v2\/users\/1"}],"replies":[{"embeddable":true,"href":"https:\/\/mruizsvt.fr\/index.php\/wp-json\/wp\/v2\/comments?post=58"}],"version-history":[{"count":3,"href":"https:\/\/mruizsvt.fr\/index.php\/wp-json\/wp\/v2\/pages\/58\/revisions"}],"predecessor-version":[{"id":260,"href":"https:\/\/mruizsvt.fr\/index.php\/wp-json\/wp\/v2\/pages\/58\/revisions\/260"}],"up":[{"embeddable":true,"href":"https:\/\/mruizsvt.fr\/index.php\/wp-json\/wp\/v2\/pages\/232"}],"wp:attachment":[{"href":"https:\/\/mruizsvt.fr\/index.php\/wp-json\/wp\/v2\/media?parent=58"}],"curies":[{"name":"wp","href":"https:\/\/api.w.org\/{rel}","templated":true}]}}