{"id":573,"date":"2025-11-25T10:06:06","date_gmt":"2025-11-25T09:06:06","guid":{"rendered":"https:\/\/mruizsvt.fr\/?page_id=573"},"modified":"2025-11-25T10:06:06","modified_gmt":"2025-11-25T09:06:06","slug":"1-1-les-caracteres-de-lespece-humaine","status":"publish","type":"page","link":"https:\/\/mruizsvt.fr\/index.php\/3-eme\/chapitre-4-la-genetique\/1-1-les-caracteres-de-lespece-humaine\/","title":{"rendered":"1.1 Les caract\u00e8res de l\u2019esp\u00e8ce humaine"},"content":{"rendered":"\n<p class=\"has-accent-4-color has-text-color has-link-color wp-elements-c2ef94831d94a49a355721e80dc9abbb\"><strong>Quels sont les caract\u00e8res de l\u2019esp\u00e8ce humaine\u00a0?<\/strong><\/p>\n\n\n\n<blockquote class=\"wp-block-quote is-layout-flow wp-block-quote-is-layout-flow\">\n<p class=\"has-text-align-center\"><strong>Exercice classe<\/strong><\/p>\n<\/blockquote>\n\n\n\n<blockquote class=\"wp-block-quote is-layout-flow wp-block-quote-is-layout-flow\">\n<p class=\"has-text-align-center\">Correction<\/p>\n<\/blockquote>\n\n\n\n<figure class=\"wp-block-table\"><table class=\"has-fixed-layout\"><tbody><tr><td><strong>Caract\u00e8res communs \u00e0 chaque personne de la classe<\/strong> <strong>&nbsp;<\/strong><\/td><td><strong>Caract\u00e8res individuels, qui diff\u00e9rencient chaque personne au sein de la classe<\/strong><\/td><\/tr><tr><td>Nez <br>Yeux <br>Bouche <br>Sang <br>cerveau<\/td><td>Couleur de peau <br>Couleur des yeux<br>Groupe sanguin <br>Gene <br>Taille<\/td><\/tr><\/tbody><\/table><\/figure>\n\n\n\n<p><\/p>\n\n\n\n<blockquote class=\"wp-block-quote is-layout-flow wp-block-quote-is-layout-flow\">\n<p class=\"has-text-align-center\">Bilan<\/p>\n<\/blockquote>\n\n\n\n<p class=\"has-accent-3-color has-text-color has-link-color wp-elements-773a68ed227d8a8a4a7faec568d6ce88\"><strong>Bilan&nbsp;: Nous appartenons \u00e0 l&rsquo;esp\u00e8ce humaine, car chaque individu poss\u00e8de des caract\u00e8res communs correspondant \u00e0 l&rsquo;esp\u00e8ce <u>Homo Sapiens<\/u>.<\/strong><\/p>\n\n\n\n<p class=\"has-accent-3-color has-text-color has-link-color wp-elements-0ff87abba40ecf698a1e93b3fd6d020d\"><strong>Par contre, nous observons des variations entre individus qui sont propres \u00e0 chacun (ex&nbsp;: couleur des yeux ou de la peau).<\/strong><\/p>\n\n\n\n<p class=\"has-accent-3-color has-text-color has-link-color wp-elements-5980c79001eade2ed086c8129e27619f\"><\/p>\n\n\n\n<p class=\"has-accent-3-color has-text-color has-link-color wp-elements-227e08a45352a51e159b3c0f3ef820e7\"><strong><br><\/strong><\/p>\n","protected":false},"excerpt":{"rendered":"<p>Quels sont les caract\u00e8res de l\u2019esp\u00e8ce humaine\u00a0? Exercice classe Correction Caract\u00e8res communs \u00e0 chaque personne de la classe &nbsp; Caract\u00e8res individuels, qui diff\u00e9rencient chaque personne au sein de la classe Nez Yeux Bouche Sang cerveau Couleur de peau Couleur des yeuxGroupe sanguin Gene Taille Bilan Bilan&nbsp;: Nous appartenons \u00e0 l&rsquo;esp\u00e8ce humaine, car chaque individu poss\u00e8de [&hellip;]<\/p>\n","protected":false},"author":1,"featured_media":0,"parent":574,"menu_order":0,"comment_status":"closed","ping_status":"closed","template":"","meta":{"footnotes":""},"class_list":["post-573","page","type-page","status-publish","hentry"],"_links":{"self":[{"href":"https:\/\/mruizsvt.fr\/index.php\/wp-json\/wp\/v2\/pages\/573","targetHints":{"allow":["GET"]}}],"collection":[{"href":"https:\/\/mruizsvt.fr\/index.php\/wp-json\/wp\/v2\/pages"}],"about":[{"href":"https:\/\/mruizsvt.fr\/index.php\/wp-json\/wp\/v2\/types\/page"}],"author":[{"embeddable":true,"href":"https:\/\/mruizsvt.fr\/index.php\/wp-json\/wp\/v2\/users\/1"}],"replies":[{"embeddable":true,"href":"https:\/\/mruizsvt.fr\/index.php\/wp-json\/wp\/v2\/comments?post=573"}],"version-history":[{"count":1,"href":"https:\/\/mruizsvt.fr\/index.php\/wp-json\/wp\/v2\/pages\/573\/revisions"}],"predecessor-version":[{"id":578,"href":"https:\/\/mruizsvt.fr\/index.php\/wp-json\/wp\/v2\/pages\/573\/revisions\/578"}],"up":[{"embeddable":true,"href":"https:\/\/mruizsvt.fr\/index.php\/wp-json\/wp\/v2\/pages\/574"}],"wp:attachment":[{"href":"https:\/\/mruizsvt.fr\/index.php\/wp-json\/wp\/v2\/media?parent=573"}],"curies":[{"name":"wp","href":"https:\/\/api.w.org\/{rel}","templated":true}]}}