{"id":566,"date":"2025-03-05T12:03:29","date_gmt":"2025-03-05T11:03:29","guid":{"rendered":"https:\/\/mruizsvt.fr\/?page_id=566"},"modified":"2025-03-05T12:09:12","modified_gmt":"2025-03-05T11:09:12","slug":"2-4-lappareil-reproducteur-de-lhomme","status":"publish","type":"page","link":"https:\/\/mruizsvt.fr\/index.php\/4-eme\/chapitre-3-reproduction-et-sexualite\/2-4-lappareil-reproducteur-de-lhomme\/","title":{"rendered":"1.4 L\u2019appareil reproducteur de l\u2019homme"},"content":{"rendered":"\n<blockquote class=\"wp-block-quote is-layout-flow wp-block-quote-is-layout-flow\">\n<p class=\"has-text-align-center\"><strong>Exercice classe<\/strong><\/p>\n\n\n\n<p class=\"has-text-align-center\"><\/p>\n<\/blockquote>\n\n\n\n<div data-wp-interactive=\"core\/file\" class=\"wp-block-file\"><object data-wp-bind--hidden=\"!state.hasPdfPreview\" hidden class=\"wp-block-file__embed\" data=\"https:\/\/mruizsvt.fr\/wp-content\/uploads\/2025\/03\/tache-comp-appareil-repro-homme-V2.pdf\" type=\"application\/pdf\" style=\"width:100%;height:600px\" aria-label=\"Contenu embarqu\u00e9 tache comp appareil repro homme V2.\"><\/object><a id=\"wp-block-file--media-07832ff9-4a81-4a75-ac8f-884db7f53760\" href=\"https:\/\/mruizsvt.fr\/wp-content\/uploads\/2025\/03\/tache-comp-appareil-repro-homme-V2.pdf\">tache comp appareil repro homme V2<\/a><a href=\"https:\/\/mruizsvt.fr\/wp-content\/uploads\/2025\/03\/tache-comp-appareil-repro-homme-V2.pdf\" class=\"wp-block-file__button wp-element-button\" download aria-describedby=\"wp-block-file--media-07832ff9-4a81-4a75-ac8f-884db7f53760\">T\u00e9l\u00e9charger<\/a><\/div>\n\n\n\n<blockquote class=\"wp-block-quote is-layout-flow wp-block-quote-is-layout-flow\">\n<p class=\"has-text-align-center\">Correction<\/p>\n<\/blockquote>\n\n\n\n<p>Mr Martin produit bien des spermatozo\u00efdes visibles sur les photos de coupe de testicules, cependant ces spermatozo\u00efdes ne sont pas \u00e9mis lors des \u00e9jaculations il y a donc un probl\u00e8me au niveau soit des canaux soit de l\u2019ur\u00e8tre. Les liquides s\u00e9minaux et de la prostate sont bien \u00e9mis c\u2019est donc les canaux d\u00e9f\u00e9rents qui sont bouch\u00e9s.<\/p>\n\n\n\n<p><\/p>\n\n\n\n<p><\/p>\n\n\n\n<blockquote class=\"wp-block-quote is-layout-flow wp-block-quote-is-layout-flow\">\n<p class=\"has-text-align-center\">Bilan<\/p>\n<\/blockquote>\n\n\n\n<p class=\"has-accent-3-color has-text-color has-link-color wp-elements-a5a5ae10b1e851d32e08e2d3cdbb817a\">Les testicules produisent des spermatozo\u00efdes de la pubert\u00e9 jusqu&rsquo;\u00e0 la fin de la vie.<\/p>\n\n\n\n<p class=\"has-accent-3-color has-text-color has-link-color wp-elements-4f62f252b3983e95d7725044ba3a57d1\">Les spermatozo\u00efdes vont \u00eatre activ\u00e9s par des liquides form\u00e9s par la v\u00e9sicule s\u00e9minale et la prostate, c\u2019est ce que l\u2019on appelle le sperme, les spermatozo\u00efdes vont y baigner. Le sperme contenant les spermatozo\u00efdes va \u00eatre \u00e9mie lors de l\u2019\u00e9jaculation.<\/p>\n\n\n\n<p><\/p>\n\n\n\n<figure class=\"wp-block-image size-full\"><img loading=\"lazy\" decoding=\"async\" width=\"502\" height=\"296\" src=\"https:\/\/mruizsvt.fr\/wp-content\/uploads\/2025\/03\/image-6.png\" alt=\"\" class=\"wp-image-569\" srcset=\"https:\/\/mruizsvt.fr\/wp-content\/uploads\/2025\/03\/image-6.png 502w, https:\/\/mruizsvt.fr\/wp-content\/uploads\/2025\/03\/image-6-300x177.png 300w\" sizes=\"auto, (max-width: 502px) 100vw, 502px\" \/><\/figure>\n\n\n\n<p class=\"has-accent-3-color has-text-color has-link-color wp-elements-227e08a45352a51e159b3c0f3ef820e7\"><strong><br><\/strong><\/p>\n","protected":false},"excerpt":{"rendered":"<p>Exercice classe Correction Mr Martin produit bien des spermatozo\u00efdes visibles sur les photos de coupe de testicules, cependant ces spermatozo\u00efdes ne sont pas \u00e9mis lors des \u00e9jaculations il y a donc un probl\u00e8me au niveau soit des canaux soit de l\u2019ur\u00e8tre. Les liquides s\u00e9minaux et de la prostate sont bien \u00e9mis c\u2019est donc les canaux [&hellip;]<\/p>\n","protected":false},"author":1,"featured_media":0,"parent":144,"menu_order":0,"comment_status":"closed","ping_status":"closed","template":"","meta":{"footnotes":""},"class_list":["post-566","page","type-page","status-publish","hentry"],"_links":{"self":[{"href":"https:\/\/mruizsvt.fr\/index.php\/wp-json\/wp\/v2\/pages\/566","targetHints":{"allow":["GET"]}}],"collection":[{"href":"https:\/\/mruizsvt.fr\/index.php\/wp-json\/wp\/v2\/pages"}],"about":[{"href":"https:\/\/mruizsvt.fr\/index.php\/wp-json\/wp\/v2\/types\/page"}],"author":[{"embeddable":true,"href":"https:\/\/mruizsvt.fr\/index.php\/wp-json\/wp\/v2\/users\/1"}],"replies":[{"embeddable":true,"href":"https:\/\/mruizsvt.fr\/index.php\/wp-json\/wp\/v2\/comments?post=566"}],"version-history":[{"count":2,"href":"https:\/\/mruizsvt.fr\/index.php\/wp-json\/wp\/v2\/pages\/566\/revisions"}],"predecessor-version":[{"id":571,"href":"https:\/\/mruizsvt.fr\/index.php\/wp-json\/wp\/v2\/pages\/566\/revisions\/571"}],"up":[{"embeddable":true,"href":"https:\/\/mruizsvt.fr\/index.php\/wp-json\/wp\/v2\/pages\/144"}],"wp:attachment":[{"href":"https:\/\/mruizsvt.fr\/index.php\/wp-json\/wp\/v2\/media?parent=566"}],"curies":[{"name":"wp","href":"https:\/\/api.w.org\/{rel}","templated":true}]}}