{"id":555,"date":"2025-03-05T11:28:28","date_gmt":"2025-03-05T10:28:28","guid":{"rendered":"https:\/\/mruizsvt.fr\/?page_id=555"},"modified":"2025-03-05T11:28:58","modified_gmt":"2025-03-05T10:28:58","slug":"1-2-quand-comment-et-pourquoi-apparait-la-puberte","status":"publish","type":"page","link":"https:\/\/mruizsvt.fr\/index.php\/4-eme\/chapitre-3-reproduction-et-sexualite\/1-2-quand-comment-et-pourquoi-apparait-la-puberte\/","title":{"rendered":"1.2 Quand, comment et pourquoi appara\u00eet la pubert\u00e9\u00a0?"},"content":{"rendered":"\n<p><\/p>\n\n\n\n<blockquote class=\"wp-block-quote is-layout-flow wp-block-quote-is-layout-flow\">\n<p class=\"has-text-align-center\"><strong>Exercice classe<\/strong><\/p>\n\n\n\n<p class=\"has-text-align-center\">Page 414-415 + page 419<\/p>\n<\/blockquote>\n\n\n\n<ol class=\"wp-block-list\">\n<li>Qu\u2019est ce qu\u2019une hormone\u00a0?<\/li>\n\n\n\n<li>Quelle hormone est produite par l\u2019homme, quelle hormone est produite par la femme\u00a0?<\/li>\n\n\n\n<li>Qu\u2019entra\u00eene la hausse des hormones chez l\u2019homme et qu\u2019entra\u00eene la hausse des hormones chez la femme\u00a0?<\/li>\n\n\n\n<li>Quel organe produisent ces deux hormones\u00a0? (document 1)<\/li>\n\n\n\n<li>Qu\u2019est ce qui contr\u00f4le le d\u00e9veloppement des organes reproducteurs ( doc 3 page 419)<\/li>\n<\/ol>\n\n\n\n<p><\/p>\n\n\n\n<blockquote class=\"wp-block-quote is-layout-flow wp-block-quote-is-layout-flow\">\n<p class=\"has-text-align-center\">Correction<\/p>\n<\/blockquote>\n\n\n\n<p><\/p>\n\n\n\n<ol class=\"wp-block-list\">\n<li>Les hormones sont des substances <strong>chimiques<\/strong> produite par un organe, v\u00e9hicul\u00e9 par le sang et qui agissent sur un organe cible.<\/li>\n<\/ol>\n\n\n\n<p>2. <br>Homme\u00a0: Testost\u00e9rone<br>Femme\u00a0: \u0152strog\u00e8ne<\/p>\n\n\n\n<p>3. La hausse des hormones \u00e0 partir d\u2019environ 9 ans entra\u00eene l\u2019apparition des caract\u00e8res sexuels secondaires et donc la pubert\u00e9.<\/p>\n\n\n\n<p>4. Les hormones sont produites par les testicules et les ovaires.<\/p>\n\n\n\n<p>5.Le cerveau (hypophyse) contr\u00f4le le d\u00e9veloppement des organes reproducteurs.<\/p>\n\n\n\n<p><\/p>\n\n\n\n<p><\/p>\n\n\n\n<blockquote class=\"wp-block-quote is-layout-flow wp-block-quote-is-layout-flow\">\n<p class=\"has-text-align-center\">Bilan<\/p>\n<\/blockquote>\n\n\n\n<p class=\"has-accent-3-color has-text-color has-link-color wp-elements-7554d91e856392679a45215d0aafc844\">Bilan\u00a0: A partir de la naissance le cerveau va produire des hormones qui vont entra\u00eener le d\u00e9veloppement des organes reproducteurs qui vont produire \u00e0 leur tour des hormones. La hausse de la testost\u00e9rone chez l\u2019homme produite par les testicules et des \u0153strog\u00e8nes chez la femme produite par les ovaires vont entra\u00eener l\u2019apparition des caract\u00e8res sexuels secondaires.<\/p>\n\n\n\n<p class=\"has-accent-3-color has-text-color has-link-color wp-elements-3942f4329fa4dc29dd05252f30b31fbe\">Les hormones sont des substances chimiques produite par un organe, v\u00e9hicul\u00e9 par le sang et qui agissent sur un organe cible.<strong><br><\/strong><\/p>\n","protected":false},"excerpt":{"rendered":"<p>Exercice classe Page 414-415 + page 419 Correction 2. Homme\u00a0: Testost\u00e9roneFemme\u00a0: \u0152strog\u00e8ne 3. La hausse des hormones \u00e0 partir d\u2019environ 9 ans entra\u00eene l\u2019apparition des caract\u00e8res sexuels secondaires et donc la pubert\u00e9. 4. Les hormones sont produites par les testicules et les ovaires. 5.Le cerveau (hypophyse) contr\u00f4le le d\u00e9veloppement des organes reproducteurs. Bilan Bilan\u00a0: A [&hellip;]<\/p>\n","protected":false},"author":1,"featured_media":0,"parent":144,"menu_order":0,"comment_status":"closed","ping_status":"closed","template":"","meta":{"footnotes":""},"class_list":["post-555","page","type-page","status-publish","hentry"],"_links":{"self":[{"href":"https:\/\/mruizsvt.fr\/index.php\/wp-json\/wp\/v2\/pages\/555","targetHints":{"allow":["GET"]}}],"collection":[{"href":"https:\/\/mruizsvt.fr\/index.php\/wp-json\/wp\/v2\/pages"}],"about":[{"href":"https:\/\/mruizsvt.fr\/index.php\/wp-json\/wp\/v2\/types\/page"}],"author":[{"embeddable":true,"href":"https:\/\/mruizsvt.fr\/index.php\/wp-json\/wp\/v2\/users\/1"}],"replies":[{"embeddable":true,"href":"https:\/\/mruizsvt.fr\/index.php\/wp-json\/wp\/v2\/comments?post=555"}],"version-history":[{"count":3,"href":"https:\/\/mruizsvt.fr\/index.php\/wp-json\/wp\/v2\/pages\/555\/revisions"}],"predecessor-version":[{"id":559,"href":"https:\/\/mruizsvt.fr\/index.php\/wp-json\/wp\/v2\/pages\/555\/revisions\/559"}],"up":[{"embeddable":true,"href":"https:\/\/mruizsvt.fr\/index.php\/wp-json\/wp\/v2\/pages\/144"}],"wp:attachment":[{"href":"https:\/\/mruizsvt.fr\/index.php\/wp-json\/wp\/v2\/media?parent=555"}],"curies":[{"name":"wp","href":"https:\/\/api.w.org\/{rel}","templated":true}]}}