{"id":551,"date":"2025-03-05T10:24:30","date_gmt":"2025-03-05T09:24:30","guid":{"rendered":"https:\/\/mruizsvt.fr\/?page_id=551"},"modified":"2025-03-05T10:24:30","modified_gmt":"2025-03-05T09:24:30","slug":"1-3-materiau-conducteur-ou-non","status":"publish","type":"page","link":"https:\/\/mruizsvt.fr\/index.php\/6-eme\/chapitre-5-leau-et-la-matiere\/1-3-materiau-conducteur-ou-non\/","title":{"rendered":"1.3 Mat\u00e9riau conducteur ou non\u00a0?"},"content":{"rendered":"\n<blockquote class=\"wp-block-quote is-layout-flow wp-block-quote-is-layout-flow\">\n<p class=\"has-text-align-center\"><strong>Exercice classe<\/strong><\/p>\n<\/blockquote>\n\n\n\n<div data-wp-interactive=\"core\/file\" class=\"wp-block-file\"><object data-wp-bind--hidden=\"!state.hasPdfPreview\" hidden class=\"wp-block-file__embed\" data=\"https:\/\/mruizsvt.fr\/wp-content\/uploads\/2025\/03\/6eme_Chap4_AD3.pdf\" type=\"application\/pdf\" style=\"width:100%;height:600px\" aria-label=\"Contenu embarqu\u00e9 6eme_Chap4_AD3.\"><\/object><a id=\"wp-block-file--media-36302af6-4bbb-4c4f-bebf-0e30efe294f2\" href=\"https:\/\/mruizsvt.fr\/wp-content\/uploads\/2025\/03\/6eme_Chap4_AD3.pdf\">6eme_Chap4_AD3<\/a><a href=\"https:\/\/mruizsvt.fr\/wp-content\/uploads\/2025\/03\/6eme_Chap4_AD3.pdf\" class=\"wp-block-file__button wp-element-button\" download aria-describedby=\"wp-block-file--media-36302af6-4bbb-4c4f-bebf-0e30efe294f2\">T\u00e9l\u00e9charger<\/a><\/div>\n\n\n\n<p><\/p>\n\n\n\n<p><\/p>\n\n\n\n<blockquote class=\"wp-block-quote is-layout-flow wp-block-quote-is-layout-flow\">\n<p class=\"has-text-align-center\">Correction<\/p>\n<\/blockquote>\n\n\n\n<ol class=\"wp-block-list\">\n<li>La conductivit\u00e9 \u00e9lectrique est la capacit\u00e9 de laisser passer le courant \u00e9lectrique \u00e0 travers le mat\u00e9riau.<\/li>\n<\/ol>\n\n\n\n<p>2. On devrait observer la lampe s\u2019allumer.<\/p>\n\n\n\n<p>3.<\/p>\n\n\n\n<figure class=\"wp-block-table\"><table class=\"has-fixed-layout\"><tbody><tr><td>Conducteur<\/td><td>Non conducteur<\/td><\/tr><tr><td><strong>Alliage<\/strong> <strong>Eau sal\u00e9e<\/strong> <strong>Cuivre<\/strong> <strong>Graphite<\/strong> <strong>Aluminium<\/strong><\/td><td><strong>Eau<\/strong> <strong>Verre<\/strong> <strong>Bois<\/strong> <strong>Mati\u00e8re plastique<\/strong><\/td><\/tr><\/tbody><\/table><\/figure>\n\n\n\n<p><\/p>\n\n\n\n<p><\/p>\n\n\n\n<blockquote class=\"wp-block-quote is-layout-flow wp-block-quote-is-layout-flow\">\n<p class=\"has-text-align-center\">Bilan<\/p>\n<\/blockquote>\n\n\n\n<p class=\"has-accent-3-color has-text-color has-link-color wp-elements-313e120afbbc3e82b84da0b720ed4917\"><strong><br><\/strong>Un mat\u00e9riau est conducteur \u00e9lectrique s\u2019il laisse passer le courant \u00e9lectrique. Les m\u00e9taux sont de tr\u00e8s bon conducteur \u00e9lectrique.<\/p>\n\n\n\n<p><\/p>\n","protected":false},"excerpt":{"rendered":"<p>Exercice classe Correction 2. On devrait observer la lampe s\u2019allumer. 3. Conducteur Non conducteur Alliage Eau sal\u00e9e Cuivre Graphite Aluminium Eau Verre Bois Mati\u00e8re plastique Bilan Un mat\u00e9riau est conducteur \u00e9lectrique s\u2019il laisse passer le courant \u00e9lectrique. Les m\u00e9taux sont de tr\u00e8s bon conducteur \u00e9lectrique.<\/p>\n","protected":false},"author":1,"featured_media":0,"parent":536,"menu_order":0,"comment_status":"closed","ping_status":"closed","template":"","meta":{"footnotes":""},"class_list":["post-551","page","type-page","status-publish","hentry"],"_links":{"self":[{"href":"https:\/\/mruizsvt.fr\/index.php\/wp-json\/wp\/v2\/pages\/551","targetHints":{"allow":["GET"]}}],"collection":[{"href":"https:\/\/mruizsvt.fr\/index.php\/wp-json\/wp\/v2\/pages"}],"about":[{"href":"https:\/\/mruizsvt.fr\/index.php\/wp-json\/wp\/v2\/types\/page"}],"author":[{"embeddable":true,"href":"https:\/\/mruizsvt.fr\/index.php\/wp-json\/wp\/v2\/users\/1"}],"replies":[{"embeddable":true,"href":"https:\/\/mruizsvt.fr\/index.php\/wp-json\/wp\/v2\/comments?post=551"}],"version-history":[{"count":1,"href":"https:\/\/mruizsvt.fr\/index.php\/wp-json\/wp\/v2\/pages\/551\/revisions"}],"predecessor-version":[{"id":554,"href":"https:\/\/mruizsvt.fr\/index.php\/wp-json\/wp\/v2\/pages\/551\/revisions\/554"}],"up":[{"embeddable":true,"href":"https:\/\/mruizsvt.fr\/index.php\/wp-json\/wp\/v2\/pages\/536"}],"wp:attachment":[{"href":"https:\/\/mruizsvt.fr\/index.php\/wp-json\/wp\/v2\/media?parent=551"}],"curies":[{"name":"wp","href":"https:\/\/api.w.org\/{rel}","templated":true}]}}