{"id":548,"date":"2025-03-05T10:08:38","date_gmt":"2025-03-05T09:08:38","guid":{"rendered":"https:\/\/mruizsvt.fr\/?page_id=548"},"modified":"2025-03-05T10:12:54","modified_gmt":"2025-03-05T09:12:54","slug":"1-2-la-diversite-de-la-matiere","status":"publish","type":"page","link":"https:\/\/mruizsvt.fr\/index.php\/6-eme\/chapitre-5-leau-et-la-matiere\/1-2-la-diversite-de-la-matiere\/","title":{"rendered":"1.2 La diversit\u00e9 de la mati\u00e8re"},"content":{"rendered":"\n<blockquote class=\"wp-block-quote is-layout-flow wp-block-quote-is-layout-flow\">\n<p class=\"has-text-align-center\">Exercice<\/p>\n\n\n\n<p class=\"has-text-align-center\">Livre page 14 &#8211; 15<\/p>\n<\/blockquote>\n\n\n\n<blockquote class=\"wp-block-quote is-layout-flow wp-block-quote-is-layout-flow\">\n<p class=\"has-text-align-center\">Correction<\/p>\n<\/blockquote>\n\n\n\n<p>1.2. Polyester est une mati\u00e8re plastique artificielle. On s\u2019en sert pour fabriquer des objets comme des maillots de bains.<\/p>\n\n\n\n<p>L\u2019aluminium est un m\u00e9tal naturel utilis\u00e9 pour fabriquer des coques de bateau.<\/p>\n\n\n\n<p>Les feuilles sont une mati\u00e8re organique naturelle.<\/p>\n\n\n\n<p>Le basalte est une mati\u00e8re min\u00e9rale naturelle utilis\u00e9e notamment pour fabriquer des statues.<\/p>\n\n\n\n<p>3.\u00a0 A 330 \u00b0C, le polyester est liquide et l\u2019aluminium est solide car la temp\u00e9rature \u00e0 partir de laquelle le polyester fond est de 260\u00b0C.<\/p>\n\n\n\n<ol class=\"wp-block-list\"><\/ol>\n\n\n\n<blockquote class=\"wp-block-quote is-layout-flow wp-block-quote-is-layout-flow\">\n<p class=\"has-text-align-center\">Bilan<\/p>\n<\/blockquote>\n\n\n\n<p><mark style=\"background-color:rgba(0, 0, 0, 0)\" class=\"has-inline-color has-accent-3-color\">La mati\u00e8re est diverse. Elle peut varier dans sa nature (organique, min\u00e9rale ou artificielle) ou dans leurs \u00e9tats (solide, liquide ou gazeux).<\/mark><\/p>\n","protected":false},"excerpt":{"rendered":"<p>Exercice Livre page 14 &#8211; 15 Correction 1.2. Polyester est une mati\u00e8re plastique artificielle. On s\u2019en sert pour fabriquer des objets comme des maillots de bains. L\u2019aluminium est un m\u00e9tal naturel utilis\u00e9 pour fabriquer des coques de bateau. Les feuilles sont une mati\u00e8re organique naturelle. Le basalte est une mati\u00e8re min\u00e9rale naturelle utilis\u00e9e notamment pour [&hellip;]<\/p>\n","protected":false},"author":1,"featured_media":0,"parent":536,"menu_order":0,"comment_status":"closed","ping_status":"closed","template":"","meta":{"footnotes":""},"class_list":["post-548","page","type-page","status-publish","hentry"],"_links":{"self":[{"href":"https:\/\/mruizsvt.fr\/index.php\/wp-json\/wp\/v2\/pages\/548","targetHints":{"allow":["GET"]}}],"collection":[{"href":"https:\/\/mruizsvt.fr\/index.php\/wp-json\/wp\/v2\/pages"}],"about":[{"href":"https:\/\/mruizsvt.fr\/index.php\/wp-json\/wp\/v2\/types\/page"}],"author":[{"embeddable":true,"href":"https:\/\/mruizsvt.fr\/index.php\/wp-json\/wp\/v2\/users\/1"}],"replies":[{"embeddable":true,"href":"https:\/\/mruizsvt.fr\/index.php\/wp-json\/wp\/v2\/comments?post=548"}],"version-history":[{"count":1,"href":"https:\/\/mruizsvt.fr\/index.php\/wp-json\/wp\/v2\/pages\/548\/revisions"}],"predecessor-version":[{"id":550,"href":"https:\/\/mruizsvt.fr\/index.php\/wp-json\/wp\/v2\/pages\/548\/revisions\/550"}],"up":[{"embeddable":true,"href":"https:\/\/mruizsvt.fr\/index.php\/wp-json\/wp\/v2\/pages\/536"}],"wp:attachment":[{"href":"https:\/\/mruizsvt.fr\/index.php\/wp-json\/wp\/v2\/media?parent=548"}],"curies":[{"name":"wp","href":"https:\/\/api.w.org\/{rel}","templated":true}]}}