{"id":528,"date":"2025-03-05T09:46:53","date_gmt":"2025-03-05T08:46:53","guid":{"rendered":"https:\/\/mruizsvt.fr\/?page_id=528"},"modified":"2025-03-05T09:46:53","modified_gmt":"2025-03-05T08:46:53","slug":"2-2-les-sources-denergies","status":"publish","type":"page","link":"https:\/\/mruizsvt.fr\/index.php\/6-eme\/chapitre-4-les-mouvements-et-lenergie\/2-2-les-sources-denergies\/","title":{"rendered":"2.2 Les sources d\u2019\u00e9nergies"},"content":{"rendered":"\n<blockquote class=\"wp-block-quote has-text-align-center is-layout-flow wp-block-quote-is-layout-flow\">\n<p>Exercice<\/p>\n\n\n\n<p>Livre SVT page 60-61<\/p>\n<\/blockquote>\n\n\n\n<p class=\"has-text-align-center\"><\/p>\n\n\n\n<blockquote class=\"wp-block-quote is-layout-flow wp-block-quote-is-layout-flow\">\n<p class=\"has-text-align-center\">Correction<\/p>\n<\/blockquote>\n\n\n\n<ol class=\"wp-block-list\">\n<li>Les sources d\u2019\u00e9nergies qui permettent de se chauffer sont\u00a0: les puits de p\u00e9troles, le bois, les mines de charbon. Les sources d\u2019\u00e9nergies fossiles sont les puits de p\u00e9troles et les mines de charbon.<\/li>\n<\/ol>\n\n\n\n<p>2. Les sources d\u2019\u00e9nergies renouvelables permettant de produire de l\u2019\u00e9lectricit\u00e9 sont\u00a0: les panneaux solaires photovolta\u00efque, les champs d\u2019\u00e9oliennes, le bois et les centrales hydro\u00e9lectriques.<\/p>\n\n\n\n<p>3. L\u2019utilisation de sources d\u2019\u00e9nergies renouvelables a deux avantages\u00a0: les r\u00e9serves ne s\u2019\u00e9puiseront pas avant longtemps voire jamais et l\u2019impact environnementale est moins important que pour des sources non renouvelables.<\/p>\n\n\n\n<p>4. On peut classer les sources d\u2019\u00e9nergies en fonction de s\u2019il sont renouvelables ou non ou alors en fonction de leur pollution.<\/p>\n\n\n\n<figure class=\"wp-block-table\"><table class=\"has-fixed-layout\"><tbody><tr><td><strong>Sources d\u2019\u00e9nergies renouvelables<\/strong><\/td><td><strong>Sources d\u2019\u00e9nergies non-renouvelables<\/strong><\/td><\/tr><tr><td>Panneaux solaires photovolta\u00efque<\/td><td>Puits de p\u00e9troles<\/td><\/tr><tr><td>Champ d\u2019\u00e9olienne<\/td><td>Mine de charbon<\/td><\/tr><tr><td>Bois<\/td><td>Mine d\u2019uranium<\/td><\/tr><tr><td>Centrale hydro\u00e9lectrique<\/td><td>Gisement de lithium<\/td><\/tr><\/tbody><\/table><\/figure>\n\n\n\n<p><\/p>\n\n\n\n<p><\/p>\n\n\n\n<blockquote class=\"wp-block-quote is-layout-flow wp-block-quote-is-layout-flow\">\n<p class=\"has-text-align-center\">Bilan<\/p>\n<\/blockquote>\n\n\n\n<p class=\"has-accent-3-color has-text-color has-link-color wp-elements-8b11a27b7dddd258815a3a89a2d629e8\">Pour se chauffer ou produire de l\u2019\u00e9lectricit\u00e9, on fait appel \u00e0 ce que l\u2019on appelle des \u00ab\u00a0sources d\u2019\u00e9nergies\u00a0\u00bb. Ces sources d\u2019\u00e9nergies utilisent des ressources et peuvent polluer plus ou moins en fonction de leurs types. La source d\u2019\u00e9nergie sera dite \u00ab\u00a0renouvelable\u00a0\u00bb si les r\u00e9serves utilis\u00e9es ont le temps de se renouveler pendant l\u2019esp\u00e9rance de vie humaine. Une source d\u2019\u00e9nergie qui utilise des ressources qui mettent des millions d\u2019ann\u00e9es \u00e0 se produire sont appel\u00e9es des sources fossiles.\u00a0\u00a0\u00a0\u00a0\u00a0\u00a0\u00a0\u00a0 <\/p>\n\n\n\n<p><\/p>\n","protected":false},"excerpt":{"rendered":"<p>Exercice Livre SVT page 60-61 Correction 2. Les sources d\u2019\u00e9nergies renouvelables permettant de produire de l\u2019\u00e9lectricit\u00e9 sont\u00a0: les panneaux solaires photovolta\u00efque, les champs d\u2019\u00e9oliennes, le bois et les centrales hydro\u00e9lectriques. 3. L\u2019utilisation de sources d\u2019\u00e9nergies renouvelables a deux avantages\u00a0: les r\u00e9serves ne s\u2019\u00e9puiseront pas avant longtemps voire jamais et l\u2019impact environnementale est moins important que [&hellip;]<\/p>\n","protected":false},"author":1,"featured_media":0,"parent":466,"menu_order":0,"comment_status":"closed","ping_status":"closed","template":"","meta":{"footnotes":""},"class_list":["post-528","page","type-page","status-publish","hentry"],"_links":{"self":[{"href":"https:\/\/mruizsvt.fr\/index.php\/wp-json\/wp\/v2\/pages\/528","targetHints":{"allow":["GET"]}}],"collection":[{"href":"https:\/\/mruizsvt.fr\/index.php\/wp-json\/wp\/v2\/pages"}],"about":[{"href":"https:\/\/mruizsvt.fr\/index.php\/wp-json\/wp\/v2\/types\/page"}],"author":[{"embeddable":true,"href":"https:\/\/mruizsvt.fr\/index.php\/wp-json\/wp\/v2\/users\/1"}],"replies":[{"embeddable":true,"href":"https:\/\/mruizsvt.fr\/index.php\/wp-json\/wp\/v2\/comments?post=528"}],"version-history":[{"count":1,"href":"https:\/\/mruizsvt.fr\/index.php\/wp-json\/wp\/v2\/pages\/528\/revisions"}],"predecessor-version":[{"id":530,"href":"https:\/\/mruizsvt.fr\/index.php\/wp-json\/wp\/v2\/pages\/528\/revisions\/530"}],"up":[{"embeddable":true,"href":"https:\/\/mruizsvt.fr\/index.php\/wp-json\/wp\/v2\/pages\/466"}],"wp:attachment":[{"href":"https:\/\/mruizsvt.fr\/index.php\/wp-json\/wp\/v2\/media?parent=528"}],"curies":[{"name":"wp","href":"https:\/\/api.w.org\/{rel}","templated":true}]}}