{"id":516,"date":"2025-01-31T12:30:07","date_gmt":"2025-01-31T11:30:07","guid":{"rendered":"https:\/\/mruizsvt.fr\/?page_id=516"},"modified":"2025-01-31T12:30:20","modified_gmt":"2025-01-31T11:30:20","slug":"2-6-les-zones-de-divergences-eloignement","status":"publish","type":"page","link":"https:\/\/mruizsvt.fr\/index.php\/4-eme\/chapitre-2-les-seismes-et-la-tectonique-des-plaques\/2-6-les-zones-de-divergences-eloignement\/","title":{"rendered":"2.6 Les zones de divergences (\u00e9loignement)"},"content":{"rendered":"\n<blockquote class=\"wp-block-quote has-text-align-center is-layout-flow wp-block-quote-is-layout-flow\">\n<p>Exercice<\/p>\n<\/blockquote>\n\n\n\n<div data-wp-interactive=\"core\/file\" class=\"wp-block-file\"><object data-wp-bind--hidden=\"!state.hasPdfPreview\" hidden class=\"wp-block-file__embed\" data=\"https:\/\/mruizsvt.fr\/wp-content\/uploads\/2025\/01\/Activite-6-dorsale.pdf\" type=\"application\/pdf\" style=\"width:100%;height:600px\" aria-label=\"Contenu embarqu\u00e9 Activit\u00e9 6 dorsale.\"><\/object><a id=\"wp-block-file--media-993a08c7-e48c-4108-afab-edb58dd5b5f3\" href=\"https:\/\/mruizsvt.fr\/wp-content\/uploads\/2025\/01\/Activite-6-dorsale.pdf\">Activit\u00e9 6 dorsale<\/a><a href=\"https:\/\/mruizsvt.fr\/wp-content\/uploads\/2025\/01\/Activite-6-dorsale.pdf\" class=\"wp-block-file__button wp-element-button\" download aria-describedby=\"wp-block-file--media-993a08c7-e48c-4108-afab-edb58dd5b5f3\">T\u00e9l\u00e9charger<\/a><\/div>\n\n\n\n<blockquote class=\"wp-block-quote is-layout-flow wp-block-quote-is-layout-flow\">\n<p class=\"has-text-align-center\">Correction<\/p>\n<\/blockquote>\n\n\n\n<p>2.  On observe une sym\u00e9trie axiale \u00e0 partir du centre ou les roches sont tr\u00e8s jeunes puis deviennent plus \u00e2g\u00e9es en s\u2019\u00e9loignant.<\/p>\n\n\n\n<p><\/p>\n\n\n\n<blockquote class=\"wp-block-quote is-layout-flow wp-block-quote-is-layout-flow\">\n<p class=\"has-text-align-center\">Bilan<\/p>\n<\/blockquote>\n\n\n\n<p class=\"has-accent-3-color has-text-color has-link-color wp-elements-c3c9896cba3d18c5ee354db9ecdc33a2\">Bilan\u00a0: Au niveau des zones de divergences les plaques s\u2019\u00e9cartent. Au niveau de ces zone de grands alignements de volcans vont entrainer l\u2019\u00e9cartement des plaques, ces alignements s\u2019appellent des dorsales oc\u00e9aniques.<\/p>\n\n\n\n<p><\/p>\n","protected":false},"excerpt":{"rendered":"<p>Exercice Correction 2. On observe une sym\u00e9trie axiale \u00e0 partir du centre ou les roches sont tr\u00e8s jeunes puis deviennent plus \u00e2g\u00e9es en s\u2019\u00e9loignant. Bilan Bilan\u00a0: Au niveau des zones de divergences les plaques s\u2019\u00e9cartent. Au niveau de ces zone de grands alignements de volcans vont entrainer l\u2019\u00e9cartement des plaques, ces alignements s\u2019appellent des dorsales [&hellip;]<\/p>\n","protected":false},"author":1,"featured_media":0,"parent":142,"menu_order":0,"comment_status":"closed","ping_status":"closed","template":"","meta":{"footnotes":""},"class_list":["post-516","page","type-page","status-publish","hentry"],"_links":{"self":[{"href":"https:\/\/mruizsvt.fr\/index.php\/wp-json\/wp\/v2\/pages\/516","targetHints":{"allow":["GET"]}}],"collection":[{"href":"https:\/\/mruizsvt.fr\/index.php\/wp-json\/wp\/v2\/pages"}],"about":[{"href":"https:\/\/mruizsvt.fr\/index.php\/wp-json\/wp\/v2\/types\/page"}],"author":[{"embeddable":true,"href":"https:\/\/mruizsvt.fr\/index.php\/wp-json\/wp\/v2\/users\/1"}],"replies":[{"embeddable":true,"href":"https:\/\/mruizsvt.fr\/index.php\/wp-json\/wp\/v2\/comments?post=516"}],"version-history":[{"count":1,"href":"https:\/\/mruizsvt.fr\/index.php\/wp-json\/wp\/v2\/pages\/516\/revisions"}],"predecessor-version":[{"id":519,"href":"https:\/\/mruizsvt.fr\/index.php\/wp-json\/wp\/v2\/pages\/516\/revisions\/519"}],"up":[{"embeddable":true,"href":"https:\/\/mruizsvt.fr\/index.php\/wp-json\/wp\/v2\/pages\/142"}],"wp:attachment":[{"href":"https:\/\/mruizsvt.fr\/index.php\/wp-json\/wp\/v2\/media?parent=516"}],"curies":[{"name":"wp","href":"https:\/\/api.w.org\/{rel}","templated":true}]}}