{"id":512,"date":"2025-01-31T12:24:58","date_gmt":"2025-01-31T11:24:58","guid":{"rendered":"https:\/\/mruizsvt.fr\/?page_id=512"},"modified":"2025-01-31T12:26:33","modified_gmt":"2025-01-31T11:26:33","slug":"2-5-la-collision","status":"publish","type":"page","link":"https:\/\/mruizsvt.fr\/index.php\/4-eme\/chapitre-2-les-seismes-et-la-tectonique-des-plaques\/2-5-la-collision\/","title":{"rendered":"2.5 La collision"},"content":{"rendered":"\n<blockquote class=\"wp-block-quote has-text-align-center is-layout-flow wp-block-quote-is-layout-flow\">\n<p>Exercice<\/p>\n<\/blockquote>\n\n\n\n<div data-wp-interactive=\"core\/file\" class=\"wp-block-file\"><object data-wp-bind--hidden=\"!state.hasPdfPreview\" hidden class=\"wp-block-file__embed\" data=\"https:\/\/mruizsvt.fr\/wp-content\/uploads\/2025\/01\/Activite-5-colision.pdf\" type=\"application\/pdf\" style=\"width:100%;height:600px\" aria-label=\"Contenu embarqu\u00e9 Activit\u00e9 5 colision.\"><\/object><a id=\"wp-block-file--media-276ee401-8347-4180-9d90-b8e1234a934f\" href=\"https:\/\/mruizsvt.fr\/wp-content\/uploads\/2025\/01\/Activite-5-colision.pdf\">Activit\u00e9 5 colision<\/a><a href=\"https:\/\/mruizsvt.fr\/wp-content\/uploads\/2025\/01\/Activite-5-colision.pdf\" class=\"wp-block-file__button wp-element-button\" download aria-describedby=\"wp-block-file--media-276ee401-8347-4180-9d90-b8e1234a934f\">T\u00e9l\u00e9charger<\/a><\/div>\n\n\n\n<blockquote class=\"wp-block-quote is-layout-flow wp-block-quote-is-layout-flow\">\n<p class=\"has-text-align-center\">Correction<\/p>\n<\/blockquote>\n\n\n\n<ol class=\"wp-block-list\">\n<li>Himalaya<\/li>\n\n\n\n<li>N-E<\/li>\n\n\n\n<li>71 Ma<\/li>\n\n\n\n<li>L\u2019inde et l\u2019Eurasie \u00e9taient s\u00e9par\u00e9s par une Lithosph\u00e8re oc\u00e9anique<\/li>\n\n\n\n<li>Ce sont deux lithosph\u00e8res continentales qui s\u2019affrontent<\/li>\n\n\n\n<li>Chaine de montagne<\/li>\n<\/ol>\n\n\n\n<blockquote class=\"wp-block-quote is-layout-flow wp-block-quote-is-layout-flow\">\n<p class=\"has-text-align-center\">Bilan<\/p>\n<\/blockquote>\n\n\n\n<p class=\"has-accent-3-color has-text-color has-link-color wp-elements-37b4f827d060171fd5dfacef915cb435\">A certain moment une lithosph\u00e8re continentale peut se retrouver coll\u00e9e a une autre lithosph\u00e8re continentale il y a alors une collision, cela forme des chaines de montagnes<\/p>\n\n\n\n<p><\/p>\n","protected":false},"excerpt":{"rendered":"<p>Exercice Correction Bilan A certain moment une lithosph\u00e8re continentale peut se retrouver coll\u00e9e a une autre lithosph\u00e8re continentale il y a alors une collision, cela forme des chaines de montagnes<\/p>\n","protected":false},"author":1,"featured_media":0,"parent":142,"menu_order":0,"comment_status":"closed","ping_status":"closed","template":"","meta":{"footnotes":""},"class_list":["post-512","page","type-page","status-publish","hentry"],"_links":{"self":[{"href":"https:\/\/mruizsvt.fr\/index.php\/wp-json\/wp\/v2\/pages\/512","targetHints":{"allow":["GET"]}}],"collection":[{"href":"https:\/\/mruizsvt.fr\/index.php\/wp-json\/wp\/v2\/pages"}],"about":[{"href":"https:\/\/mruizsvt.fr\/index.php\/wp-json\/wp\/v2\/types\/page"}],"author":[{"embeddable":true,"href":"https:\/\/mruizsvt.fr\/index.php\/wp-json\/wp\/v2\/users\/1"}],"replies":[{"embeddable":true,"href":"https:\/\/mruizsvt.fr\/index.php\/wp-json\/wp\/v2\/comments?post=512"}],"version-history":[{"count":1,"href":"https:\/\/mruizsvt.fr\/index.php\/wp-json\/wp\/v2\/pages\/512\/revisions"}],"predecessor-version":[{"id":515,"href":"https:\/\/mruizsvt.fr\/index.php\/wp-json\/wp\/v2\/pages\/512\/revisions\/515"}],"up":[{"embeddable":true,"href":"https:\/\/mruizsvt.fr\/index.php\/wp-json\/wp\/v2\/pages\/142"}],"wp:attachment":[{"href":"https:\/\/mruizsvt.fr\/index.php\/wp-json\/wp\/v2\/media?parent=512"}],"curies":[{"name":"wp","href":"https:\/\/api.w.org\/{rel}","templated":true}]}}