{"id":500,"date":"2025-01-31T12:06:33","date_gmt":"2025-01-31T11:06:33","guid":{"rendered":"https:\/\/mruizsvt.fr\/?page_id=500"},"modified":"2025-01-31T12:06:53","modified_gmt":"2025-01-31T11:06:53","slug":"1-1-la-puberte","status":"publish","type":"page","link":"https:\/\/mruizsvt.fr\/index.php\/4-eme\/chapitre-3-reproduction-et-sexualite\/1-1-la-puberte\/","title":{"rendered":"1.1 La pubert\u00e9"},"content":{"rendered":"\n<p class=\"has-accent-4-color has-text-color has-link-color has-medium-font-size wp-elements-b56ac63a0d1f32df0e37b245e7fb7aa0\">Que se passe-t-il \u00e0 la pubert\u00e9\u00a0?<\/p>\n\n\n\n<blockquote class=\"wp-block-quote is-layout-flow wp-block-quote-is-layout-flow\">\n<p class=\"has-text-align-center\">Exercice classe<\/p>\n\n\n\n<p class=\"has-text-align-center\">Complete le tableau en indiquant chez les hommes et les femmes les changements \u00e0 la pubert\u00e9<\/p>\n<\/blockquote>\n\n\n\n<blockquote class=\"wp-block-quote is-layout-flow wp-block-quote-is-layout-flow\">\n<p class=\"has-text-align-center\">Correction<\/p>\n<\/blockquote>\n\n\n\n<figure class=\"wp-block-image size-large\"><img loading=\"lazy\" decoding=\"async\" width=\"751\" height=\"1024\" src=\"https:\/\/mruizsvt.fr\/wp-content\/uploads\/2025\/01\/Capture-decran-2025-01-31-120333-751x1024.png\" alt=\"\" class=\"wp-image-502\" srcset=\"https:\/\/mruizsvt.fr\/wp-content\/uploads\/2025\/01\/Capture-decran-2025-01-31-120333-751x1024.png 751w, https:\/\/mruizsvt.fr\/wp-content\/uploads\/2025\/01\/Capture-decran-2025-01-31-120333-220x300.png 220w, https:\/\/mruizsvt.fr\/wp-content\/uploads\/2025\/01\/Capture-decran-2025-01-31-120333-768x1047.png 768w, https:\/\/mruizsvt.fr\/wp-content\/uploads\/2025\/01\/Capture-decran-2025-01-31-120333.png 830w\" sizes=\"auto, (max-width: 751px) 100vw, 751px\" \/><\/figure>\n\n\n\n<blockquote class=\"wp-block-quote is-layout-flow wp-block-quote-is-layout-flow\">\n<p class=\"has-text-align-center\">Bilan<\/p>\n<\/blockquote>\n\n\n\n<div class=\"wp-block-group has-global-padding is-layout-constrained wp-block-group-is-layout-constrained\">\n<p class=\"has-accent-3-color has-text-color has-link-color has-medium-font-size wp-elements-c0d73d6933d7288697a3928639c6e3d1\">Bilan&nbsp;: La pubert\u00e9 est la p\u00e9riode de la vie o\u00f9 le corps devient apte (capable) de se reproduire en se modifiant. Il va alors apparaitre les caract\u00e8res secondaires<\/p>\n\n\n\n<p class=\"has-accent-3-color has-text-color has-link-color has-medium-font-size wp-elements-6dfdf6f7cfe4ce4006bbe266caeb8c69\">&#8211; caract\u00e8res sexuels secondaires = diff\u00e9rences observables \u00e0 la pubert\u00e9.<\/p>\n\n\n\n<p class=\"has-accent-3-color has-text-color has-link-color has-medium-font-size wp-elements-813c0081f0633e6fba94704a3bd80f97\">&#8211; caract\u00e8res sexuels primaires = organes reproducteurs qui distinguent un gar\u00e7on d\u2019une fille \u00e0 la naissance.<\/p>\n\n\n\n<p class=\"has-accent-3-color has-text-color has-link-color wp-elements-227e08a45352a51e159b3c0f3ef820e7\"><strong><br><\/strong><\/p>\n<\/div>\n","protected":false},"excerpt":{"rendered":"<p>Que se passe-t-il \u00e0 la pubert\u00e9\u00a0? Exercice classe Complete le tableau en indiquant chez les hommes et les femmes les changements \u00e0 la pubert\u00e9 Correction Bilan Bilan&nbsp;: La pubert\u00e9 est la p\u00e9riode de la vie o\u00f9 le corps devient apte (capable) de se reproduire en se modifiant. Il va alors apparaitre les caract\u00e8res secondaires &#8211; [&hellip;]<\/p>\n","protected":false},"author":1,"featured_media":0,"parent":144,"menu_order":0,"comment_status":"closed","ping_status":"closed","template":"","meta":{"footnotes":""},"class_list":["post-500","page","type-page","status-publish","hentry"],"_links":{"self":[{"href":"https:\/\/mruizsvt.fr\/index.php\/wp-json\/wp\/v2\/pages\/500","targetHints":{"allow":["GET"]}}],"collection":[{"href":"https:\/\/mruizsvt.fr\/index.php\/wp-json\/wp\/v2\/pages"}],"about":[{"href":"https:\/\/mruizsvt.fr\/index.php\/wp-json\/wp\/v2\/types\/page"}],"author":[{"embeddable":true,"href":"https:\/\/mruizsvt.fr\/index.php\/wp-json\/wp\/v2\/users\/1"}],"replies":[{"embeddable":true,"href":"https:\/\/mruizsvt.fr\/index.php\/wp-json\/wp\/v2\/comments?post=500"}],"version-history":[{"count":1,"href":"https:\/\/mruizsvt.fr\/index.php\/wp-json\/wp\/v2\/pages\/500\/revisions"}],"predecessor-version":[{"id":503,"href":"https:\/\/mruizsvt.fr\/index.php\/wp-json\/wp\/v2\/pages\/500\/revisions\/503"}],"up":[{"embeddable":true,"href":"https:\/\/mruizsvt.fr\/index.php\/wp-json\/wp\/v2\/pages\/144"}],"wp:attachment":[{"href":"https:\/\/mruizsvt.fr\/index.php\/wp-json\/wp\/v2\/media?parent=500"}],"curies":[{"name":"wp","href":"https:\/\/api.w.org\/{rel}","templated":true}]}}