{"id":491,"date":"2025-01-31T11:20:52","date_gmt":"2025-01-31T10:20:52","guid":{"rendered":"https:\/\/mruizsvt.fr\/?page_id=491"},"modified":"2025-01-31T11:36:13","modified_gmt":"2025-01-31T10:36:13","slug":"1-4-distance-darret-dun-vehicule","status":"publish","type":"page","link":"https:\/\/mruizsvt.fr\/index.php\/6-eme\/chapitre-4-les-mouvements-et-lenergie\/1-4-distance-darret-dun-vehicule\/","title":{"rendered":"1.4 Distance d&rsquo;arret d&rsquo;un v\u00e9hicule"},"content":{"rendered":"\n<blockquote class=\"wp-block-quote is-layout-flow wp-block-quote-is-layout-flow\">\n<p class=\"has-text-align-center\"><strong>Exercice classe<\/strong><\/p>\n\n\n\n<div data-wp-interactive=\"core\/file\" class=\"wp-block-file\"><object data-wp-bind--hidden=\"!state.hasPdfPreview\" hidden class=\"wp-block-file__embed\" data=\"https:\/\/mruizsvt.fr\/wp-content\/uploads\/2025\/01\/6eme_act5.pdf\" type=\"application\/pdf\" style=\"width:100%;height:600px\" aria-label=\"Contenu embarqu\u00e9 6eme_act5.\"><\/object><a id=\"wp-block-file--media-a6b1d9e0-2398-46d5-b300-43eedc4f7f6c\" href=\"https:\/\/mruizsvt.fr\/wp-content\/uploads\/2025\/01\/6eme_act5.pdf\">6eme_act5<\/a><a href=\"https:\/\/mruizsvt.fr\/wp-content\/uploads\/2025\/01\/6eme_act5.pdf\" class=\"wp-block-file__button wp-element-button\" download aria-describedby=\"wp-block-file--media-a6b1d9e0-2398-46d5-b300-43eedc4f7f6c\">T\u00e9l\u00e9charger<\/a><\/div>\n<\/blockquote>\n\n\n\n<blockquote class=\"wp-block-quote is-layout-flow wp-block-quote-is-layout-flow\">\n<p class=\"has-text-align-center\">Correction<\/p>\n<\/blockquote>\n\n\n\n<p>1. La chance de survie du pi\u00e9ton est affect\u00e9e par\u00a0:<br>La masse du v\u00e9hicule,<br>L\u2019\u00e2ge du pi\u00e9ton,<br>La vitesse du v\u00e9hicule.<br><\/p>\n\n\n\n<p>2. L\u2019unit\u00e9 de la vitesse utilis\u00e9e dans le document 3 est le km\/h.<\/p>\n\n\n\n<p>3. schema<\/p>\n\n\n\n<figure class=\"wp-block-image size-large\"><img loading=\"lazy\" decoding=\"async\" width=\"1024\" height=\"265\" src=\"https:\/\/mruizsvt.fr\/wp-content\/uploads\/2025\/01\/Capture-decran-2025-01-31-111041-1024x265.png\" alt=\"\" class=\"wp-image-494\" srcset=\"https:\/\/mruizsvt.fr\/wp-content\/uploads\/2025\/01\/Capture-decran-2025-01-31-111041-1024x265.png 1024w, https:\/\/mruizsvt.fr\/wp-content\/uploads\/2025\/01\/Capture-decran-2025-01-31-111041-300x78.png 300w, https:\/\/mruizsvt.fr\/wp-content\/uploads\/2025\/01\/Capture-decran-2025-01-31-111041-768x199.png 768w, https:\/\/mruizsvt.fr\/wp-content\/uploads\/2025\/01\/Capture-decran-2025-01-31-111041-1536x398.png 1536w, https:\/\/mruizsvt.fr\/wp-content\/uploads\/2025\/01\/Capture-decran-2025-01-31-111041.png 1762w\" sizes=\"auto, (max-width: 1024px) 100vw, 1024px\" \/><\/figure>\n\n\n\n<p>4. Plus la vitesse du v\u00e9hicule augmente, plus les chances de <strong>d\u00e9c\u00e8s<\/strong> augmentent.<\/p>\n\n\n\n<p>5. Graphique<\/p>\n\n\n\n<figure class=\"wp-block-image size-full\"><img loading=\"lazy\" decoding=\"async\" width=\"564\" height=\"562\" src=\"https:\/\/mruizsvt.fr\/wp-content\/uploads\/2025\/01\/Capture-decran-2025-01-31-111539.png\" alt=\"\" class=\"wp-image-495\" srcset=\"https:\/\/mruizsvt.fr\/wp-content\/uploads\/2025\/01\/Capture-decran-2025-01-31-111539.png 564w, https:\/\/mruizsvt.fr\/wp-content\/uploads\/2025\/01\/Capture-decran-2025-01-31-111539-300x300.png 300w, https:\/\/mruizsvt.fr\/wp-content\/uploads\/2025\/01\/Capture-decran-2025-01-31-111539-150x150.png 150w\" sizes=\"auto, (max-width: 564px) 100vw, 564px\" \/><\/figure>\n\n\n\n<p>6. En France, on diminue la vitesse car plus la vitesse est importante moins on a de chances de survie.<\/p>\n\n\n\n<blockquote class=\"wp-block-quote is-layout-flow wp-block-quote-is-layout-flow\">\n<p class=\"has-text-align-center\">Bilan<\/p>\n<\/blockquote>\n\n\n\n<div class=\"wp-block-group has-global-padding is-layout-constrained wp-block-group-is-layout-constrained\">\n<p class=\"has-accent-3-color has-text-color has-link-color wp-elements-bf622e0968d4d2bc768831c550bf56f7\"><strong>Les pi\u00e9tons sont les plus fragiles sur la route. Leur chance de d\u00e9c\u00e8s augmente tr\u00e8s rapidement lorsque la vitesse du v\u00e9hicule qui les percutent grandit. C\u2019est pourquoi, la vitesse des v\u00e9hicules est limit\u00e9e sur les routes afin d\u2019essayer de sauver des vies.<\/strong><br><\/p>\n<\/div>\n\n\n\n<blockquote class=\"wp-block-quote is-layout-flow wp-block-quote-is-layout-flow\">\n<p class=\"has-text-align-center\">Exercice d&rsquo;application<\/p>\n<\/blockquote>\n\n\n\n<div data-wp-interactive=\"core\/file\" class=\"wp-block-file\"><object data-wp-bind--hidden=\"!state.hasPdfPreview\" hidden class=\"wp-block-file__embed\" data=\"https:\/\/mruizsvt.fr\/wp-content\/uploads\/2025\/01\/6eme_Chapmouv_act5.pdf\" type=\"application\/pdf\" style=\"width:100%;height:600px\" aria-label=\"Contenu embarqu\u00e9 6eme_Chapmouv_act5.\"><\/object><a id=\"wp-block-file--media-38066640-ddd0-48f5-aec1-3791ec76196a\" href=\"https:\/\/mruizsvt.fr\/wp-content\/uploads\/2025\/01\/6eme_Chapmouv_act5.pdf\">6eme_Chapmouv_act5<\/a><a href=\"https:\/\/mruizsvt.fr\/wp-content\/uploads\/2025\/01\/6eme_Chapmouv_act5.pdf\" class=\"wp-block-file__button wp-element-button\" download aria-describedby=\"wp-block-file--media-38066640-ddd0-48f5-aec1-3791ec76196a\">T\u00e9l\u00e9charger<\/a><\/div>\n\n\n\n<p><\/p>\n","protected":false},"excerpt":{"rendered":"<p>Correction 1. La chance de survie du pi\u00e9ton est affect\u00e9e par\u00a0:La masse du v\u00e9hicule,L\u2019\u00e2ge du pi\u00e9ton,La vitesse du v\u00e9hicule. 2. L\u2019unit\u00e9 de la vitesse utilis\u00e9e dans le document 3 est le km\/h. 3. schema 4. Plus la vitesse du v\u00e9hicule augmente, plus les chances de d\u00e9c\u00e8s augmentent. 5. Graphique 6. En France, on diminue la [&hellip;]<\/p>\n","protected":false},"author":1,"featured_media":0,"parent":466,"menu_order":0,"comment_status":"closed","ping_status":"closed","template":"","meta":{"footnotes":""},"class_list":["post-491","page","type-page","status-publish","hentry"],"_links":{"self":[{"href":"https:\/\/mruizsvt.fr\/index.php\/wp-json\/wp\/v2\/pages\/491","targetHints":{"allow":["GET"]}}],"collection":[{"href":"https:\/\/mruizsvt.fr\/index.php\/wp-json\/wp\/v2\/pages"}],"about":[{"href":"https:\/\/mruizsvt.fr\/index.php\/wp-json\/wp\/v2\/types\/page"}],"author":[{"embeddable":true,"href":"https:\/\/mruizsvt.fr\/index.php\/wp-json\/wp\/v2\/users\/1"}],"replies":[{"embeddable":true,"href":"https:\/\/mruizsvt.fr\/index.php\/wp-json\/wp\/v2\/comments?post=491"}],"version-history":[{"count":1,"href":"https:\/\/mruizsvt.fr\/index.php\/wp-json\/wp\/v2\/pages\/491\/revisions"}],"predecessor-version":[{"id":497,"href":"https:\/\/mruizsvt.fr\/index.php\/wp-json\/wp\/v2\/pages\/491\/revisions\/497"}],"up":[{"embeddable":true,"href":"https:\/\/mruizsvt.fr\/index.php\/wp-json\/wp\/v2\/pages\/466"}],"wp:attachment":[{"href":"https:\/\/mruizsvt.fr\/index.php\/wp-json\/wp\/v2\/media?parent=491"}],"curies":[{"name":"wp","href":"https:\/\/api.w.org\/{rel}","templated":true}]}}