{"id":472,"date":"2025-01-16T11:30:58","date_gmt":"2025-01-16T10:30:58","guid":{"rendered":"https:\/\/mruizsvt.fr\/?page_id=472"},"modified":"2025-01-16T12:13:06","modified_gmt":"2025-01-16T11:13:06","slug":"activite-1-qui-bouge","status":"publish","type":"page","link":"https:\/\/mruizsvt.fr\/index.php\/6-eme\/chapitre-4-les-mouvements-et-lenergie\/activite-1-qui-bouge\/","title":{"rendered":"1.1 Qui bouge\u00a0?"},"content":{"rendered":"\n<blockquote class=\"wp-block-quote is-layout-flow wp-block-quote-is-layout-flow\">\n<p class=\"has-text-align-center\"><strong>Exercice classe<\/strong><\/p>\n\n\n\n<div data-wp-interactive=\"core\/file\" class=\"wp-block-file\"><object data-wp-bind--hidden=\"!state.hasPdfPreview\" hidden class=\"wp-block-file__embed\" data=\"https:\/\/mruizsvt.fr\/wp-content\/uploads\/2025\/01\/6eme_chapmouv_AD1.pdf\" type=\"application\/pdf\" style=\"width:100%;height:600px\" aria-label=\"Contenu embarqu\u00e9 6eme_chapmouv_AD1.\"><\/object><a id=\"wp-block-file--media-988052da-8622-4176-b726-90bd6ad3e3de\" href=\"https:\/\/mruizsvt.fr\/wp-content\/uploads\/2025\/01\/6eme_chapmouv_AD1.pdf\">6eme_chapmouv_AD1<\/a><a href=\"https:\/\/mruizsvt.fr\/wp-content\/uploads\/2025\/01\/6eme_chapmouv_AD1.pdf\" class=\"wp-block-file__button wp-element-button\" download aria-describedby=\"wp-block-file--media-988052da-8622-4176-b726-90bd6ad3e3de\">T\u00e9l\u00e9charger<\/a><\/div>\n<\/blockquote>\n\n\n\n<figure class=\"wp-block-embed is-type-video is-provider-youtube wp-block-embed-youtube wp-embed-aspect-16-9 wp-has-aspect-ratio\"><div class=\"wp-block-embed__wrapper\">\n<iframe loading=\"lazy\" title=\"Vid\u00e9o train : la relativite du mouvement\" width=\"500\" height=\"281\" src=\"https:\/\/www.youtube.com\/embed\/4kpgcGUOzXo?feature=oembed\" frameborder=\"0\" allow=\"accelerometer; autoplay; clipboard-write; encrypted-media; gyroscope; picture-in-picture; web-share\" referrerpolicy=\"strict-origin-when-cross-origin\" allowfullscreen><\/iframe>\n<\/div><\/figure>\n\n\n\n<blockquote class=\"wp-block-quote is-layout-flow wp-block-quote-is-layout-flow\">\n<p class=\"has-text-align-center\">Correction<\/p>\n<\/blockquote>\n\n\n\n<ol class=\"wp-block-list\">\n<li>On observe dans la vid\u00e9o que les soldats et le d\u00e9cor glissent vers la gauche.<\/li>\n\n\n\n<li>Le d\u00e9cor bouge.<\/li>\n\n\n\n<li>La cam\u00e9ra est plac\u00e9e dans le train.<\/li>\n\n\n\n<li>Si la cam\u00e9ra \u00e9tait sur le quai, on verrait bouger le train.<\/li>\n\n\n\n<li>Le r\u00e9f\u00e9rentiel dans la video est le train.<\/li>\n\n\n\n<li>Pour avoir un r\u00e9f\u00e9rentiel terrestre il faudrait mettre la cam\u00e9ra sur le sol.<\/li>\n<\/ol>\n\n\n\n<blockquote class=\"wp-block-quote is-layout-flow wp-block-quote-is-layout-flow\">\n<p class=\"has-text-align-center\">Bilan<\/p>\n<\/blockquote>\n\n\n\n<p class=\"has-accent-3-color has-text-color has-link-color wp-elements-07f339475adc9df540a15b717696cfed\">Le mouvement n\u2019est pas le m\u00eame en fonction de l\u00e0 o\u00f9 l\u2019on observe. L\u2019endroit d\u2019o\u00f9 on \u00e9tudie le mouvement est appel\u00e9 \u00ab&nbsp;r\u00e9f\u00e9rentiel&nbsp;\u00bb. Il existe diff\u00e9rents r\u00e9f\u00e9rentiels&nbsp;: terrestre (quand on observe depuis le sol), g\u00e9ocentrique (autour du centre de la Terre) et h\u00e9liocentrique (autour du centre du Soleil).<\/p>\n\n\n\n<p class=\"has-accent-3-color has-text-color has-link-color wp-elements-227e08a45352a51e159b3c0f3ef820e7\"><strong><br><\/strong><\/p>\n","protected":false},"excerpt":{"rendered":"<p>Correction Bilan Le mouvement n\u2019est pas le m\u00eame en fonction de l\u00e0 o\u00f9 l\u2019on observe. L\u2019endroit d\u2019o\u00f9 on \u00e9tudie le mouvement est appel\u00e9 \u00ab&nbsp;r\u00e9f\u00e9rentiel&nbsp;\u00bb. Il existe diff\u00e9rents r\u00e9f\u00e9rentiels&nbsp;: terrestre (quand on observe depuis le sol), g\u00e9ocentrique (autour du centre de la Terre) et h\u00e9liocentrique (autour du centre du Soleil).<\/p>\n","protected":false},"author":1,"featured_media":0,"parent":466,"menu_order":0,"comment_status":"closed","ping_status":"closed","template":"","meta":{"footnotes":""},"class_list":["post-472","page","type-page","status-publish","hentry"],"_links":{"self":[{"href":"https:\/\/mruizsvt.fr\/index.php\/wp-json\/wp\/v2\/pages\/472","targetHints":{"allow":["GET"]}}],"collection":[{"href":"https:\/\/mruizsvt.fr\/index.php\/wp-json\/wp\/v2\/pages"}],"about":[{"href":"https:\/\/mruizsvt.fr\/index.php\/wp-json\/wp\/v2\/types\/page"}],"author":[{"embeddable":true,"href":"https:\/\/mruizsvt.fr\/index.php\/wp-json\/wp\/v2\/users\/1"}],"replies":[{"embeddable":true,"href":"https:\/\/mruizsvt.fr\/index.php\/wp-json\/wp\/v2\/comments?post=472"}],"version-history":[{"count":3,"href":"https:\/\/mruizsvt.fr\/index.php\/wp-json\/wp\/v2\/pages\/472\/revisions"}],"predecessor-version":[{"id":483,"href":"https:\/\/mruizsvt.fr\/index.php\/wp-json\/wp\/v2\/pages\/472\/revisions\/483"}],"up":[{"embeddable":true,"href":"https:\/\/mruizsvt.fr\/index.php\/wp-json\/wp\/v2\/pages\/466"}],"wp:attachment":[{"href":"https:\/\/mruizsvt.fr\/index.php\/wp-json\/wp\/v2\/media?parent=472"}],"curies":[{"name":"wp","href":"https:\/\/api.w.org\/{rel}","templated":true}]}}