{"id":444,"date":"2025-01-10T13:24:49","date_gmt":"2025-01-10T12:24:49","guid":{"rendered":"https:\/\/mruizsvt.fr\/?page_id=444"},"modified":"2025-01-10T13:37:23","modified_gmt":"2025-01-10T12:37:23","slug":"2-1-la-production-de-matiere-chez-les-vegetaux","status":"publish","type":"page","link":"https:\/\/mruizsvt.fr\/index.php\/6-eme\/la-production-de-matiere-chez-les-etres-vivants\/2-1-la-production-de-matiere-chez-les-vegetaux\/","title":{"rendered":"2.1 La production de matiere chez les v\u00e9g\u00e9taux"},"content":{"rendered":"\n<p>Les v\u00e9g\u00e9taux produisent-ils de la mati\u00e8re\u00a0?<\/p>\n\n\n\n<blockquote class=\"wp-block-quote is-layout-flow wp-block-quote-is-layout-flow\">\n<p class=\"has-text-align-center\"><strong>Exercice classe<\/strong><\/p>\n\n\n\n<div data-wp-interactive=\"core\/file\" class=\"wp-block-file\"><object data-wp-bind--hidden=\"!state.hasPdfPreview\" hidden class=\"wp-block-file__embed\" data=\"https:\/\/mruizsvt.fr\/wp-content\/uploads\/2025\/01\/Activite-8-Production-de-matiere-chez-les-vegetaux.pdf\" type=\"application\/pdf\" style=\"width:100%;height:600px\" aria-label=\"Contenu embarqu\u00e9 Activit\u00e9 8 - Production de matiere chez les v\u00e9g\u00e9taux.\"><\/object><a id=\"wp-block-file--media-07ec917e-34b6-43a7-acae-900838b89123\" href=\"https:\/\/mruizsvt.fr\/wp-content\/uploads\/2025\/01\/Activite-8-Production-de-matiere-chez-les-vegetaux.pdf\">Activit\u00e9 8 &#8211; Production de matiere chez les v\u00e9g\u00e9taux<\/a><a href=\"https:\/\/mruizsvt.fr\/wp-content\/uploads\/2025\/01\/Activite-8-Production-de-matiere-chez-les-vegetaux.pdf\" class=\"wp-block-file__button wp-element-button\" download aria-describedby=\"wp-block-file--media-07ec917e-34b6-43a7-acae-900838b89123\">T\u00e9l\u00e9charger<\/a><\/div>\n<\/blockquote>\n\n\n\n<p><\/p>\n\n\n\n<blockquote class=\"wp-block-quote is-layout-flow wp-block-quote-is-layout-flow\">\n<p class=\"has-text-align-center\">Bilan<\/p>\n<\/blockquote>\n\n\n\n<p class=\"has-accent-3-color has-text-color has-link-color wp-elements-3458c326cc3a82112b4508289eafba8c\">Bilan\u00a0: Les plantes produisent de la mati\u00e8re organique<\/p>\n\n\n\n<p class=\"has-accent-3-color has-text-color has-link-color wp-elements-227e08a45352a51e159b3c0f3ef820e7\"><strong><br><\/strong><\/p>\n","protected":false},"excerpt":{"rendered":"<p>Les v\u00e9g\u00e9taux produisent-ils de la mati\u00e8re\u00a0? Bilan Bilan\u00a0: Les plantes produisent de la mati\u00e8re organique<\/p>\n","protected":false},"author":1,"featured_media":0,"parent":411,"menu_order":0,"comment_status":"closed","ping_status":"closed","template":"","meta":{"footnotes":""},"class_list":["post-444","page","type-page","status-publish","hentry"],"_links":{"self":[{"href":"https:\/\/mruizsvt.fr\/index.php\/wp-json\/wp\/v2\/pages\/444","targetHints":{"allow":["GET"]}}],"collection":[{"href":"https:\/\/mruizsvt.fr\/index.php\/wp-json\/wp\/v2\/pages"}],"about":[{"href":"https:\/\/mruizsvt.fr\/index.php\/wp-json\/wp\/v2\/types\/page"}],"author":[{"embeddable":true,"href":"https:\/\/mruizsvt.fr\/index.php\/wp-json\/wp\/v2\/users\/1"}],"replies":[{"embeddable":true,"href":"https:\/\/mruizsvt.fr\/index.php\/wp-json\/wp\/v2\/comments?post=444"}],"version-history":[{"count":1,"href":"https:\/\/mruizsvt.fr\/index.php\/wp-json\/wp\/v2\/pages\/444\/revisions"}],"predecessor-version":[{"id":447,"href":"https:\/\/mruizsvt.fr\/index.php\/wp-json\/wp\/v2\/pages\/444\/revisions\/447"}],"up":[{"embeddable":true,"href":"https:\/\/mruizsvt.fr\/index.php\/wp-json\/wp\/v2\/pages\/411"}],"wp:attachment":[{"href":"https:\/\/mruizsvt.fr\/index.php\/wp-json\/wp\/v2\/media?parent=444"}],"curies":[{"name":"wp","href":"https:\/\/api.w.org\/{rel}","templated":true}]}}