{"id":439,"date":"2025-01-10T09:20:10","date_gmt":"2025-01-10T08:20:10","guid":{"rendered":"https:\/\/mruizsvt.fr\/?page_id=439"},"modified":"2025-01-10T09:20:55","modified_gmt":"2025-01-10T08:20:55","slug":"1-8-les-inesctes-au-cours-des-saisons","status":"publish","type":"page","link":"https:\/\/mruizsvt.fr\/index.php\/6-eme\/la-production-de-matiere-chez-les-etres-vivants\/1-8-les-inesctes-au-cours-des-saisons\/","title":{"rendered":"1.8 Les inesctes au cours des saisons"},"content":{"rendered":"\n<p class=\"has-accent-4-color has-text-color has-link-color wp-elements-603bb80caeb9118036f2c283eaa70959\">Comment les libellules passent les saisons ?<\/p>\n\n\n\n<blockquote class=\"wp-block-quote is-layout-flow wp-block-quote-is-layout-flow\">\n<p class=\"has-text-align-center\"><strong>Exercice classe<\/strong><\/p>\n\n\n\n<div data-wp-interactive=\"core\/file\" class=\"wp-block-file\"><object data-wp-bind--hidden=\"!state.hasPdfPreview\" hidden class=\"wp-block-file__embed\" data=\"https:\/\/mruizsvt.fr\/wp-content\/uploads\/2025\/01\/Activite-7-Les-libellules-et-lhiver.pdf\" type=\"application\/pdf\" style=\"width:100%;height:600px\" aria-label=\"Contenu embarqu\u00e9 Activit\u00e9 7 - Les libellules et l&apos;hiver.\"><\/object><a id=\"wp-block-file--media-6330f401-ab3a-40e4-9d46-b6cbd086ddf4\" href=\"https:\/\/mruizsvt.fr\/wp-content\/uploads\/2025\/01\/Activite-7-Les-libellules-et-lhiver.pdf\">Activit\u00e9 7 &#8211; Les libellules et l&rsquo;hiver<\/a><a href=\"https:\/\/mruizsvt.fr\/wp-content\/uploads\/2025\/01\/Activite-7-Les-libellules-et-lhiver.pdf\" class=\"wp-block-file__button wp-element-button\" download aria-describedby=\"wp-block-file--media-6330f401-ab3a-40e4-9d46-b6cbd086ddf4\">T\u00e9l\u00e9charger<\/a><\/div>\n<\/blockquote>\n\n\n\n<blockquote class=\"wp-block-quote is-layout-flow wp-block-quote-is-layout-flow\">\n<p class=\"has-text-align-center\">Correction<\/p>\n<\/blockquote>\n\n\n\n<p>1.  2.<\/p>\n\n\n\n<figure class=\"wp-block-image size-large\"><img loading=\"lazy\" decoding=\"async\" width=\"780\" height=\"1024\" src=\"https:\/\/mruizsvt.fr\/wp-content\/uploads\/2025\/01\/Capture-decran-2025-01-10-091448-780x1024.png\" alt=\"\" class=\"wp-image-441\" srcset=\"https:\/\/mruizsvt.fr\/wp-content\/uploads\/2025\/01\/Capture-decran-2025-01-10-091448-780x1024.png 780w, https:\/\/mruizsvt.fr\/wp-content\/uploads\/2025\/01\/Capture-decran-2025-01-10-091448-229x300.png 229w, https:\/\/mruizsvt.fr\/wp-content\/uploads\/2025\/01\/Capture-decran-2025-01-10-091448-768x1008.png 768w, https:\/\/mruizsvt.fr\/wp-content\/uploads\/2025\/01\/Capture-decran-2025-01-10-091448.png 870w\" sizes=\"auto, (max-width: 780px) 100vw, 780px\" \/><\/figure>\n\n\n\n<p class=\"has-text-color has-link-color wp-elements-96c04382d9b760c4288cd43c7c19ca28\" style=\"color:#7f986f\">3.Les libellules passent l&rsquo;hiver sous forme de larve, en effet sous cette forme les libellules peuvent survivre car sous l&rsquo;eau les proies sont pr\u00e9sente m\u00eame \u00e0 cette saison \u00e0 la diff\u00e9rence des proies qu&rsquo;elles mangent sur terre sous forme adulte qui disparaissent l&rsquo;hiver.<\/p>\n\n\n\n<p class=\"has-text-color has-link-color wp-elements-26c93123cdf486a2048d5cfd1250d682\" style=\"color:#7f986f\">Attention n\u00e9anmoins la libellule ne passe pas du stade adulte au stade larvaire, Les libellules vont pondre des \u0153ufs et mourir \u00e0 la fin de l&rsquo;\u00e9t\u00e9, c&rsquo;est une nouvelle g\u00e9n\u00e9ration qui va naitre en automne ou en hiver et survivre sous forme de lave avant de muer au printemps pour donner leur forme adulte volante.LA forme adulte va vivre sur terre jusqu&rsquo;a ce qu&rsquo;elle se reproduisent \u00e0 leur tour.<\/p>\n\n\n\n<p class=\"has-text-color has-link-color wp-elements-ecaf2843b530235e846618b1bea550c3\" style=\"color:#7f986f\">Les libellules sont donc des \u00eatres vivants qui ne vivent qu&rsquo;une seule ann\u00e9e mais dont l&rsquo;esp\u00e8ce va devoir vivre sous diff\u00e9rentes formes pour pouvoir perdurer au cours des saisons : Automne\/hiver sous forme de larve et Printemps \/ \u00e9t\u00e9 sous forme d&rsquo;adulte volant.<\/p>\n\n\n\n<blockquote class=\"wp-block-quote is-layout-flow wp-block-quote-is-layout-flow\">\n<p class=\"has-text-align-center\">Bilan<\/p>\n<\/blockquote>\n\n\n\n<p class=\"has-accent-3-color has-text-color has-link-color wp-elements-71d04480204a48fb9b5a8b9516445cc1\">Beaucoup d&rsquo;esp\u00e8ces changent de\u00a0forme au cours de leur vie en fonction des saisons, les\u00a0insectes\u00a0passent souvent l&rsquo;hiver sous forme d&rsquo;oeuf ou sous forme de larve. La forme d&rsquo;adulte est la forme qui leur permet de se\u00a0reproduire avant de\u00a0mourrir et de laisser une nouvelle g\u00e9n\u00e9ration prendre la place.<\/p>\n\n\n\n<p class=\"has-accent-3-color has-text-color has-link-color wp-elements-227e08a45352a51e159b3c0f3ef820e7\"><strong><br><\/strong><\/p>\n\n\n\n<p><\/p>\n","protected":false},"excerpt":{"rendered":"<p>Comment les libellules passent les saisons ? Correction 1. 2. 3.Les libellules passent l&rsquo;hiver sous forme de larve, en effet sous cette forme les libellules peuvent survivre car sous l&rsquo;eau les proies sont pr\u00e9sente m\u00eame \u00e0 cette saison \u00e0 la diff\u00e9rence des proies qu&rsquo;elles mangent sur terre sous forme adulte qui disparaissent l&rsquo;hiver. Attention n\u00e9anmoins [&hellip;]<\/p>\n","protected":false},"author":1,"featured_media":0,"parent":411,"menu_order":0,"comment_status":"closed","ping_status":"closed","template":"","meta":{"footnotes":""},"class_list":["post-439","page","type-page","status-publish","hentry"],"_links":{"self":[{"href":"https:\/\/mruizsvt.fr\/index.php\/wp-json\/wp\/v2\/pages\/439","targetHints":{"allow":["GET"]}}],"collection":[{"href":"https:\/\/mruizsvt.fr\/index.php\/wp-json\/wp\/v2\/pages"}],"about":[{"href":"https:\/\/mruizsvt.fr\/index.php\/wp-json\/wp\/v2\/types\/page"}],"author":[{"embeddable":true,"href":"https:\/\/mruizsvt.fr\/index.php\/wp-json\/wp\/v2\/users\/1"}],"replies":[{"embeddable":true,"href":"https:\/\/mruizsvt.fr\/index.php\/wp-json\/wp\/v2\/comments?post=439"}],"version-history":[{"count":2,"href":"https:\/\/mruizsvt.fr\/index.php\/wp-json\/wp\/v2\/pages\/439\/revisions"}],"predecessor-version":[{"id":443,"href":"https:\/\/mruizsvt.fr\/index.php\/wp-json\/wp\/v2\/pages\/439\/revisions\/443"}],"up":[{"embeddable":true,"href":"https:\/\/mruizsvt.fr\/index.php\/wp-json\/wp\/v2\/pages\/411"}],"wp:attachment":[{"href":"https:\/\/mruizsvt.fr\/index.php\/wp-json\/wp\/v2\/media?parent=439"}],"curies":[{"name":"wp","href":"https:\/\/api.w.org\/{rel}","templated":true}]}}