{"id":436,"date":"2025-01-10T09:12:11","date_gmt":"2025-01-10T08:12:11","guid":{"rendered":"https:\/\/mruizsvt.fr\/?page_id=436"},"modified":"2025-01-10T09:12:12","modified_gmt":"2025-01-10T08:12:12","slug":"1-7-la-migration-des-cigognes","status":"publish","type":"page","link":"https:\/\/mruizsvt.fr\/index.php\/6-eme\/la-production-de-matiere-chez-les-etres-vivants\/1-7-la-migration-des-cigognes\/","title":{"rendered":"1.7 La migration des cigognes"},"content":{"rendered":"\n<blockquote class=\"wp-block-quote is-layout-flow wp-block-quote-is-layout-flow\">\n<p class=\"has-text-align-center\"><strong>Exercice classe<\/strong><\/p>\n\n\n\n<div data-wp-interactive=\"core\/file\" class=\"wp-block-file\"><object data-wp-bind--hidden=\"!state.hasPdfPreview\" hidden class=\"wp-block-file__embed\" data=\"https:\/\/mruizsvt.fr\/wp-content\/uploads\/2025\/01\/migration.pdf\" type=\"application\/pdf\" style=\"width:100%;height:600px\" aria-label=\"Contenu embarqu\u00e9 migration.\"><\/object><a id=\"wp-block-file--media-64c8d416-4987-4d75-af11-23e6ad52bb4e\" href=\"https:\/\/mruizsvt.fr\/wp-content\/uploads\/2025\/01\/migration.pdf\">migration<\/a><a href=\"https:\/\/mruizsvt.fr\/wp-content\/uploads\/2025\/01\/migration.pdf\" class=\"wp-block-file__button wp-element-button\" download aria-describedby=\"wp-block-file--media-64c8d416-4987-4d75-af11-23e6ad52bb4e\">T\u00e9l\u00e9charger<\/a><\/div>\n<\/blockquote>\n\n\n\n<blockquote class=\"wp-block-quote is-layout-flow wp-block-quote-is-layout-flow\">\n<p class=\"has-text-align-center\">Correction<\/p>\n<\/blockquote>\n\n\n\n<p><\/p>\n\n\n\n<p>Lorsque l&rsquo;on \u00e9quipe les cigognes de balises GPS on observe qu&rsquo;\u00e0 l&rsquo;arriv\u00e9 de l&rsquo;hiver elles se d\u00e9placent vers le sud jusqu&rsquo;en Afrique. Les cigognes ne migrent pas en raison du froid mais par ce que leurs proies se cachent dans des terriers, trous et galeries souterraines profondes l&rsquo;hiver emp\u00eachant les cigognes de se nourrir. La cigogne doit donc migrer vers le sud o\u00f9 le climat est plus chaud l&rsquo;hiver et o\u00f9 elle peut ainsi trouver des proies. Une fois le printemps revenu elle revient en Europe pour pondre ces \u0153ufs.<\/p>\n\n\n\n<p><\/p>\n\n\n\n<blockquote class=\"wp-block-quote is-layout-flow wp-block-quote-is-layout-flow\">\n<p class=\"has-text-align-center\">Bilan<\/p>\n<\/blockquote>\n\n\n\n<p class=\"has-accent-3-color has-text-color has-link-color wp-elements-eeb5cbe2e961829010b998859fd8e1b7\">\u200bLe mot migration d\u00e9signe le d\u00e9placement cyclique des animaux d&rsquo;un endroit a un autre, elle peut\u00a0\u00eatre\u00a0saisonni\u00e8re ou\u00a0journali\u00e8re, en effet\u00a0certains animaux vivent \u00e0 des endroits diff\u00e9rents entre le jour et la nuit.<\/p>\n\n\n\n<p><\/p>\n\n\n\n<p>Exemples :<\/p>\n\n\n\n<p>Le chocard \u00e0 bec jaune passe ses nuits en montagne et descend le jour dans les villes de la plaine pour s&rsquo;alimenter, sa migration est journali\u00e8re.<\/p>\n\n\n\n<p>Les canards migrent afin d&rsquo;\u00e9viter le froid et de trouver une alimentation abondante, leur migration est saisonni\u00e8re.<\/p>\n\n\n\n<p class=\"has-accent-3-color has-text-color has-link-color wp-elements-227e08a45352a51e159b3c0f3ef820e7\"><strong><br><\/strong><\/p>\n\n\n\n<p><\/p>\n","protected":false},"excerpt":{"rendered":"<p>Correction Lorsque l&rsquo;on \u00e9quipe les cigognes de balises GPS on observe qu&rsquo;\u00e0 l&rsquo;arriv\u00e9 de l&rsquo;hiver elles se d\u00e9placent vers le sud jusqu&rsquo;en Afrique. Les cigognes ne migrent pas en raison du froid mais par ce que leurs proies se cachent dans des terriers, trous et galeries souterraines profondes l&rsquo;hiver emp\u00eachant les cigognes de se nourrir. [&hellip;]<\/p>\n","protected":false},"author":1,"featured_media":0,"parent":411,"menu_order":0,"comment_status":"closed","ping_status":"closed","template":"","meta":{"footnotes":""},"class_list":["post-436","page","type-page","status-publish","hentry"],"_links":{"self":[{"href":"https:\/\/mruizsvt.fr\/index.php\/wp-json\/wp\/v2\/pages\/436","targetHints":{"allow":["GET"]}}],"collection":[{"href":"https:\/\/mruizsvt.fr\/index.php\/wp-json\/wp\/v2\/pages"}],"about":[{"href":"https:\/\/mruizsvt.fr\/index.php\/wp-json\/wp\/v2\/types\/page"}],"author":[{"embeddable":true,"href":"https:\/\/mruizsvt.fr\/index.php\/wp-json\/wp\/v2\/users\/1"}],"replies":[{"embeddable":true,"href":"https:\/\/mruizsvt.fr\/index.php\/wp-json\/wp\/v2\/comments?post=436"}],"version-history":[{"count":1,"href":"https:\/\/mruizsvt.fr\/index.php\/wp-json\/wp\/v2\/pages\/436\/revisions"}],"predecessor-version":[{"id":438,"href":"https:\/\/mruizsvt.fr\/index.php\/wp-json\/wp\/v2\/pages\/436\/revisions\/438"}],"up":[{"embeddable":true,"href":"https:\/\/mruizsvt.fr\/index.php\/wp-json\/wp\/v2\/pages\/411"}],"wp:attachment":[{"href":"https:\/\/mruizsvt.fr\/index.php\/wp-json\/wp\/v2\/media?parent=436"}],"curies":[{"name":"wp","href":"https:\/\/api.w.org\/{rel}","templated":true}]}}