{"id":432,"date":"2025-01-06T11:04:28","date_gmt":"2025-01-06T10:04:28","guid":{"rendered":"https:\/\/mruizsvt.fr\/?page_id=432"},"modified":"2025-01-06T14:30:08","modified_gmt":"2025-01-06T13:30:08","slug":"1-6-comment-les-animaux-passent-ils-les-saisons","status":"publish","type":"page","link":"https:\/\/mruizsvt.fr\/index.php\/6-eme\/la-production-de-matiere-chez-les-etres-vivants\/1-6-comment-les-animaux-passent-ils-les-saisons\/","title":{"rendered":"1.6 Comment les animaux passent ils les saisons\u00a0?"},"content":{"rendered":"\n<blockquote class=\"wp-block-quote is-layout-flow wp-block-quote-is-layout-flow\">\n<p class=\"has-text-align-center\"><strong>Exercice classe<\/strong><\/p>\n\n\n\n<div data-wp-interactive=\"core\/file\" class=\"wp-block-file\"><object data-wp-bind--hidden=\"!state.hasPdfPreview\" hidden class=\"wp-block-file__embed\" data=\"https:\/\/mruizsvt.fr\/wp-content\/uploads\/2025\/01\/Activite-5-Hibernation-herisson-1.pdf\" type=\"application\/pdf\" style=\"width:100%;height:600px\" aria-label=\"Contenu embarqu\u00e9 Activit\u00e9 5 - Hibernation herisson.\"><\/object><a id=\"wp-block-file--media-a86cb659-ada2-460f-bd8f-8e903770f121\" href=\"https:\/\/mruizsvt.fr\/wp-content\/uploads\/2025\/01\/Activite-5-Hibernation-herisson-1.pdf\">Activit\u00e9 5 &#8211; Hibernation herisson<\/a><a href=\"https:\/\/mruizsvt.fr\/wp-content\/uploads\/2025\/01\/Activite-5-Hibernation-herisson-1.pdf\" class=\"wp-block-file__button wp-element-button\" download aria-describedby=\"wp-block-file--media-a86cb659-ada2-460f-bd8f-8e903770f121\">T\u00e9l\u00e9charger<\/a><\/div>\n<\/blockquote>\n\n\n\n<p>1) Le\u00a0h\u00e9risson\u00a0est\u00a0inquiet\u00a0car les\u00a0\u00eatres\u00a0vivants qu&rsquo;il mangent le reste de l&rsquo;ann\u00e9e vont disparaitre en hiver\u00a0<\/p>\n\n\n\n<p><br>2) L&rsquo;hirondelle migre en\u00a0Afrique\u00a0pour\u00a0\u00e9viter\u00a0les conditions difficiles de l&rsquo;Hiver<\/p>\n\n\n\n<p><\/p>\n\n\n\n<p>3) Le Troglodytes qui est\u00a0tr\u00e8s\u00a0petit peut\u00a0manger des\u00a0proies en hiver car sa petite taille lui permet d&rsquo;y\u00a0acc\u00e9der et pour ne pas avoir froids il\u00a0\u00e9bouriffe son pelage, il le fait gonfler pour\u00a0\u00eatre isol\u00e9 du froid\u00a0<\/p>\n\n\n\n<p><br>4) Le Troglodytes conseil au h\u00e9risson de se faire un nid, de baisser sa\u00a0temp\u00e9rature\u00a0et d&rsquo;attendre la fin de\u00a0l&rsquo;hiver\u00a0ainsi.<\/p>\n\n\n\n<p>\u200b<\/p>\n\n\n\n<p>5) L&rsquo;hiver le h\u00e9risson va se mettre en hibernation, son\u00a0m\u00e9tabolisme\u00a0va\u00a0\u00eatre\u00a0modifi\u00e9. Le h\u00e9risson va ralentir son rythme cardiaque, baisser sa temp\u00e9rature, respirer moins et cesser de s&rsquo;alimenter pour ne se servir que de ses r\u00e9serves. Le h\u00e9risson va faire des stock de graisse tout au long de l&rsquo;ann\u00e9e qu&rsquo;il utilisera pendant l&rsquo;hibernation en hiver.<\/p>\n\n\n\n<p>\u200b<\/p>\n\n\n\n<blockquote class=\"wp-block-quote is-layout-flow wp-block-quote-is-layout-flow\">\n<p class=\"has-text-align-center\">Bilan<\/p>\n<\/blockquote>\n\n\n\n<p class=\"has-accent-3-color has-text-color has-link-color wp-elements-8461894a9e528e96301b8035ef624609\">Bilan : Certains animaux passe l&rsquo;hiver en hibernant, c&rsquo;est a dire que leur\u00a0m\u00e9tabolisme va changer\u00a0pour se mettre en latence (baisse des rythme cardiaque, respiratoire, &#8230;). Ils vont ainsi rester en hibernation jusqu&rsquo;a la prochaine saison o\u00f9 leur nourriture qui avait disparu en hiver soit de nouveau pr\u00e9sente pour se\u00a0r\u00e9veiller\u00a0et se remettre \u00e0 vivre normalement.<\/p>\n\n\n\n<p><\/p>\n","protected":false},"excerpt":{"rendered":"<p>1) Le\u00a0h\u00e9risson\u00a0est\u00a0inquiet\u00a0car les\u00a0\u00eatres\u00a0vivants qu&rsquo;il mangent le reste de l&rsquo;ann\u00e9e vont disparaitre en hiver\u00a0 2) L&rsquo;hirondelle migre en\u00a0Afrique\u00a0pour\u00a0\u00e9viter\u00a0les conditions difficiles de l&rsquo;Hiver 3) Le Troglodytes qui est\u00a0tr\u00e8s\u00a0petit peut\u00a0manger des\u00a0proies en hiver car sa petite taille lui permet d&rsquo;y\u00a0acc\u00e9der et pour ne pas avoir froids il\u00a0\u00e9bouriffe son pelage, il le fait gonfler pour\u00a0\u00eatre isol\u00e9 du froid\u00a0 4) [&hellip;]<\/p>\n","protected":false},"author":1,"featured_media":0,"parent":411,"menu_order":0,"comment_status":"closed","ping_status":"closed","template":"","meta":{"footnotes":""},"class_list":["post-432","page","type-page","status-publish","hentry"],"_links":{"self":[{"href":"https:\/\/mruizsvt.fr\/index.php\/wp-json\/wp\/v2\/pages\/432","targetHints":{"allow":["GET"]}}],"collection":[{"href":"https:\/\/mruizsvt.fr\/index.php\/wp-json\/wp\/v2\/pages"}],"about":[{"href":"https:\/\/mruizsvt.fr\/index.php\/wp-json\/wp\/v2\/types\/page"}],"author":[{"embeddable":true,"href":"https:\/\/mruizsvt.fr\/index.php\/wp-json\/wp\/v2\/users\/1"}],"replies":[{"embeddable":true,"href":"https:\/\/mruizsvt.fr\/index.php\/wp-json\/wp\/v2\/comments?post=432"}],"version-history":[{"count":1,"href":"https:\/\/mruizsvt.fr\/index.php\/wp-json\/wp\/v2\/pages\/432\/revisions"}],"predecessor-version":[{"id":435,"href":"https:\/\/mruizsvt.fr\/index.php\/wp-json\/wp\/v2\/pages\/432\/revisions\/435"}],"up":[{"embeddable":true,"href":"https:\/\/mruizsvt.fr\/index.php\/wp-json\/wp\/v2\/pages\/411"}],"wp:attachment":[{"href":"https:\/\/mruizsvt.fr\/index.php\/wp-json\/wp\/v2\/media?parent=432"}],"curies":[{"name":"wp","href":"https:\/\/api.w.org\/{rel}","templated":true}]}}