{"id":427,"date":"2025-01-06T10:11:07","date_gmt":"2025-01-06T09:11:07","guid":{"rendered":"https:\/\/mruizsvt.fr\/?page_id=427"},"modified":"2025-01-06T10:58:28","modified_gmt":"2025-01-06T09:58:28","slug":"1-5-quels-sont-les-changements-a-la-puberte","status":"publish","type":"page","link":"https:\/\/mruizsvt.fr\/index.php\/6-eme\/la-production-de-matiere-chez-les-etres-vivants\/1-5-quels-sont-les-changements-a-la-puberte\/","title":{"rendered":"1.5 Quels sont les changements \u00e0 la pubert\u00e9\u00a0?"},"content":{"rendered":"\n<blockquote class=\"wp-block-quote is-layout-flow wp-block-quote-is-layout-flow\">\n<p class=\"has-text-align-center\"><strong>Exercice classe<\/strong><\/p>\n\n\n\n<p class=\"has-text-align-center\"><a>Questions 1 \u00e0 4 pages 134-135<\/a><\/p>\n<\/blockquote>\n\n\n\n<blockquote class=\"wp-block-quote is-layout-flow wp-block-quote-is-layout-flow\">\n<p class=\"has-text-align-center\">Correction<\/p>\n<\/blockquote>\n\n\n\n<ol class=\"wp-block-list\">\n<li><\/li>\n<\/ol>\n\n\n\n<figure class=\"wp-block-table\"><table class=\"has-fixed-layout\"><tbody><tr><td>Gar\u00e7ons<\/td><td>Filles<\/td><\/tr><tr><td>Pilosit\u00e9 plus d\u00e9velopp\u00e9e Musculature Acc\u00e9l\u00e9ration de la croissance Croissance de l\u2019appareil reproducteur ( p\u00e9nis, testicule,\u2026)<\/td><td>Pilosit\u00e9 Acc\u00e9l\u00e9ration de la croissance Cycle menstruel (r\u00e8gle, \u2026) Croissance de l\u2019appareil reproducteur D\u00e9veloppement de la poitrine Hanches qui s\u2019\u00e9largissent<\/td><\/tr><\/tbody><\/table><\/figure>\n\n\n\n<p>2. Les deux images vont \u00e0 l\u2019encontre des st\u00e9r\u00e9otypes car ce n\u2019est pas ce que les gens ont l\u2019habitude de penser.<\/p>\n\n\n\n<p>3. L\u2019homme a partir de la pubert\u00e9 va produire des spermatozo\u00efdes et la femme des ovules\u00a0; ils vont donc produire des cellules reproductives.<\/p>\n\n\n\n<p>4. A la pubert\u00e9 il y a des changements de comportement\u00a0:<\/p>\n\n\n\n<ul class=\"wp-block-list\">\n<li>Attitude qui change<\/li>\n\n\n\n<li>Passer du temps sur les \u00e9crans, les livres, \u2026 passions qui changent<\/li>\n\n\n\n<li>Passer du temps avec ses amis<\/li>\n\n\n\n<li>Attirance pour d\u2019autre personne<\/li>\n<\/ul>\n\n\n\n<blockquote class=\"wp-block-quote is-layout-flow wp-block-quote-is-layout-flow\">\n<p class=\"has-text-align-center\">Bilan<\/p>\n<\/blockquote>\n\n\n\n<p class=\"has-accent-3-color has-text-color has-link-color wp-elements-50f9405db795dfe3ddf38cde8b5fe382\">A la pubert\u00e9 le corps va changer pour devenir capable de se reproduire. Les organes reproducteurs vont se d\u00e9velopper et se mettre \u00e0 produire des cellules reproductrices (spermatozo\u00efdes\/homme et ovules\/femme). En plus des changements physiques il y a des changements comportementaux qui apparaissent.<\/p>\n","protected":false},"excerpt":{"rendered":"<p>Exercice classe Questions 1 \u00e0 4 pages 134-135 Correction Gar\u00e7ons Filles Pilosit\u00e9 plus d\u00e9velopp\u00e9e Musculature Acc\u00e9l\u00e9ration de la croissance Croissance de l\u2019appareil reproducteur ( p\u00e9nis, testicule,\u2026) Pilosit\u00e9 Acc\u00e9l\u00e9ration de la croissance Cycle menstruel (r\u00e8gle, \u2026) Croissance de l\u2019appareil reproducteur D\u00e9veloppement de la poitrine Hanches qui s\u2019\u00e9largissent 2. Les deux images vont \u00e0 l\u2019encontre des st\u00e9r\u00e9otypes [&hellip;]<\/p>\n","protected":false},"author":1,"featured_media":0,"parent":411,"menu_order":0,"comment_status":"closed","ping_status":"closed","template":"","meta":{"footnotes":""},"class_list":["post-427","page","type-page","status-publish","hentry"],"_links":{"self":[{"href":"https:\/\/mruizsvt.fr\/index.php\/wp-json\/wp\/v2\/pages\/427","targetHints":{"allow":["GET"]}}],"collection":[{"href":"https:\/\/mruizsvt.fr\/index.php\/wp-json\/wp\/v2\/pages"}],"about":[{"href":"https:\/\/mruizsvt.fr\/index.php\/wp-json\/wp\/v2\/types\/page"}],"author":[{"embeddable":true,"href":"https:\/\/mruizsvt.fr\/index.php\/wp-json\/wp\/v2\/users\/1"}],"replies":[{"embeddable":true,"href":"https:\/\/mruizsvt.fr\/index.php\/wp-json\/wp\/v2\/comments?post=427"}],"version-history":[{"count":3,"href":"https:\/\/mruizsvt.fr\/index.php\/wp-json\/wp\/v2\/pages\/427\/revisions"}],"predecessor-version":[{"id":431,"href":"https:\/\/mruizsvt.fr\/index.php\/wp-json\/wp\/v2\/pages\/427\/revisions\/431"}],"up":[{"embeddable":true,"href":"https:\/\/mruizsvt.fr\/index.php\/wp-json\/wp\/v2\/pages\/411"}],"wp:attachment":[{"href":"https:\/\/mruizsvt.fr\/index.php\/wp-json\/wp\/v2\/media?parent=427"}],"curies":[{"name":"wp","href":"https:\/\/api.w.org\/{rel}","templated":true}]}}