{"id":423,"date":"2025-01-06T10:01:40","date_gmt":"2025-01-06T09:01:40","guid":{"rendered":"https:\/\/mruizsvt.fr\/?page_id=423"},"modified":"2025-01-06T10:08:55","modified_gmt":"2025-01-06T09:08:55","slug":"1-4-quelles-sont-les-etapes-du-developpement-dun-etre-humain","status":"publish","type":"page","link":"https:\/\/mruizsvt.fr\/index.php\/6-eme\/la-production-de-matiere-chez-les-etres-vivants\/1-4-quelles-sont-les-etapes-du-developpement-dun-etre-humain\/","title":{"rendered":"1.4 Quelles sont les \u00e9tapes du d\u00e9veloppement d\u2019un \u00eatre humain\u00a0?"},"content":{"rendered":"\n<blockquote class=\"wp-block-quote is-layout-flow wp-block-quote-is-layout-flow\">\n<p class=\"has-text-align-center\"><strong>Exercice classe<\/strong><\/p>\n\n\n\n<p class=\"has-text-align-center\"><a>Questions 2 \u00e0 5 pages 132-133<\/a><\/p>\n<\/blockquote>\n\n\n\n<blockquote class=\"wp-block-quote is-layout-flow wp-block-quote-is-layout-flow\">\n<p class=\"has-text-align-center\">Correction<\/p>\n<\/blockquote>\n\n\n\n<p>2\u00a0: Le b\u00e9b\u00e9 p\u00e8se 500 grammes \u00e0 5 mois puis 3 kg \u00e0 la naissance il a donc grossit. Il mesure 25 cm \u00e0 5mois puis 50cm \u00e0 la naissance il a donc grandi.<\/p>\n\n\n\n<p>3\u00a0: De l\u2019enfance \u00e0 l\u2019\u00e2ge adulte nous grandissons tous, grossissons tous et avons tous la pubert\u00e9. Cependant chacun aura une taille diff\u00e9rente ou un poids diff\u00e9rent.<\/p>\n\n\n\n<p>4\u00a0: Les signes du vieillissement sont\u00a0: les rides, la perte de muscles, les cheveux blancs, \u2026<\/p>\n\n\n\n<p>En fonction de son hygi\u00e8ne de vie, de son histoire nous ne vieillissons pas de la m\u00eame mani\u00e8re.<\/p>\n\n\n\n<p>5 Ligne de temps\u00a0:<\/p>\n\n\n\n<blockquote class=\"wp-block-quote is-layout-flow wp-block-quote-is-layout-flow\">\n<p class=\"has-text-align-center\">Bilan<\/p>\n<\/blockquote>\n\n\n\n<p class=\"has-accent-3-color has-text-color has-link-color wp-elements-4d140f540f55f0a53bd952b99e7035e3\">Bilan\u00a0: L\u2019Homme passe par diff\u00e9rents stades de d\u00e9veloppement au cours de sa vie. Commen\u00e7ant par une Cellule-\u0153ufs, compos\u00e9 d\u2019une seule cellule, le corps de l\u2019Homme va ensuite se d\u00e9velopper petit \u00e0 petit jusqu&rsquo;\u00e0 la naissance. Apr\u00e8s la naissance le corps va se d\u00e9velopper jusqu\u2019a l\u2019\u00e2ge adulte en passant par la pubert\u00e9 o\u00f9 le corps va acqu\u00e9rir la capacit\u00e9 de se reproduire.<\/p>\n","protected":false},"excerpt":{"rendered":"<p>Exercice classe Questions 2 \u00e0 5 pages 132-133 Correction 2\u00a0: Le b\u00e9b\u00e9 p\u00e8se 500 grammes \u00e0 5 mois puis 3 kg \u00e0 la naissance il a donc grossit. Il mesure 25 cm \u00e0 5mois puis 50cm \u00e0 la naissance il a donc grandi. 3\u00a0: De l\u2019enfance \u00e0 l\u2019\u00e2ge adulte nous grandissons tous, grossissons tous et [&hellip;]<\/p>\n","protected":false},"author":1,"featured_media":0,"parent":411,"menu_order":0,"comment_status":"closed","ping_status":"closed","template":"","meta":{"footnotes":""},"class_list":["post-423","page","type-page","status-publish","hentry"],"_links":{"self":[{"href":"https:\/\/mruizsvt.fr\/index.php\/wp-json\/wp\/v2\/pages\/423","targetHints":{"allow":["GET"]}}],"collection":[{"href":"https:\/\/mruizsvt.fr\/index.php\/wp-json\/wp\/v2\/pages"}],"about":[{"href":"https:\/\/mruizsvt.fr\/index.php\/wp-json\/wp\/v2\/types\/page"}],"author":[{"embeddable":true,"href":"https:\/\/mruizsvt.fr\/index.php\/wp-json\/wp\/v2\/users\/1"}],"replies":[{"embeddable":true,"href":"https:\/\/mruizsvt.fr\/index.php\/wp-json\/wp\/v2\/comments?post=423"}],"version-history":[{"count":2,"href":"https:\/\/mruizsvt.fr\/index.php\/wp-json\/wp\/v2\/pages\/423\/revisions"}],"predecessor-version":[{"id":425,"href":"https:\/\/mruizsvt.fr\/index.php\/wp-json\/wp\/v2\/pages\/423\/revisions\/425"}],"up":[{"embeddable":true,"href":"https:\/\/mruizsvt.fr\/index.php\/wp-json\/wp\/v2\/pages\/411"}],"wp:attachment":[{"href":"https:\/\/mruizsvt.fr\/index.php\/wp-json\/wp\/v2\/media?parent=423"}],"curies":[{"name":"wp","href":"https:\/\/api.w.org\/{rel}","templated":true}]}}