{"id":416,"date":"2025-01-06T09:48:12","date_gmt":"2025-01-06T08:48:12","guid":{"rendered":"https:\/\/mruizsvt.fr\/?page_id=416"},"modified":"2025-01-06T09:48:13","modified_gmt":"2025-01-06T08:48:13","slug":"1-2-la-production-de-matiere-chez-les-animaux","status":"publish","type":"page","link":"https:\/\/mruizsvt.fr\/index.php\/6-eme\/la-production-de-matiere-chez-les-etres-vivants\/1-2-la-production-de-matiere-chez-les-animaux\/","title":{"rendered":"1.2 La production de mati\u00e8re  chez les animaux"},"content":{"rendered":"\n<h3 class=\"wp-block-heading\">Les animaux produisent-ils de la mati\u00e8re&nbsp;?<\/h3>\n\n\n\n<blockquote class=\"wp-block-quote is-layout-flow wp-block-quote-is-layout-flow\">\n<p class=\"has-text-align-center\"><strong>Exercice classe<\/strong><\/p>\n\n\n\n<div data-wp-interactive=\"core\/file\" class=\"wp-block-file\"><object data-wp-bind--hidden=\"!state.hasPdfPreview\" hidden class=\"wp-block-file__embed\" data=\"https:\/\/mruizsvt.fr\/wp-content\/uploads\/2025\/01\/Activite-1-Production-matiere-animaux.pdf\" type=\"application\/pdf\" style=\"width:100%;height:600px\" aria-label=\"Contenu embarqu\u00e9 Activit\u00e9 1 - Production matiere animaux.\"><\/object><a id=\"wp-block-file--media-7a12a690-4ef5-42ec-9931-27eb4a54a756\" href=\"https:\/\/mruizsvt.fr\/wp-content\/uploads\/2025\/01\/Activite-1-Production-matiere-animaux.pdf\">Activit\u00e9 1 &#8211; Production matiere animaux<\/a><a href=\"https:\/\/mruizsvt.fr\/wp-content\/uploads\/2025\/01\/Activite-1-Production-matiere-animaux.pdf\" class=\"wp-block-file__button wp-element-button\" download aria-describedby=\"wp-block-file--media-7a12a690-4ef5-42ec-9931-27eb4a54a756\">T\u00e9l\u00e9charger<\/a><\/div>\n<\/blockquote>\n\n\n\n<blockquote class=\"wp-block-quote is-layout-flow wp-block-quote-is-layout-flow\">\n<p class=\"has-text-align-center\">Correction<\/p>\n<\/blockquote>\n\n\n\n<ol class=\"wp-block-list\">\n<li>R\u00e9alisation graphique<\/li>\n\n\n\n<li>L\u2019autruche passe de 15Kg \u00e0 2 mois \u00e0 120 Kg \u00e0 13 mois\u00a0elle produit donc de la mati\u00e8re.<\/li>\n<\/ol>\n\n\n\n<blockquote class=\"wp-block-quote is-layout-flow wp-block-quote-is-layout-flow\">\n<p class=\"has-text-align-center\">Bilan<\/p>\n<\/blockquote>\n\n\n\n<p class=\"has-accent-3-color has-text-color has-link-color wp-elements-0f3a3a0f1f96c4aba58b9fc20c2f0a00\">Bilan\u00a0: Les animaux produisent leur mati\u00e8re organique \u00e0 partir de mati\u00e8re organique qu\u2019ils pr\u00e9l\u00e8vent dans leur environnement\u00a0: ce sont des producteurs secondaires<\/p>\n\n\n\n<p class=\"has-accent-3-color has-text-color has-link-color wp-elements-227e08a45352a51e159b3c0f3ef820e7\"><strong><br><\/strong><\/p>\n","protected":false},"excerpt":{"rendered":"<p>Les animaux produisent-ils de la mati\u00e8re&nbsp;? Correction Bilan Bilan\u00a0: Les animaux produisent leur mati\u00e8re organique \u00e0 partir de mati\u00e8re organique qu\u2019ils pr\u00e9l\u00e8vent dans leur environnement\u00a0: ce sont des producteurs secondaires<\/p>\n","protected":false},"author":1,"featured_media":0,"parent":411,"menu_order":0,"comment_status":"closed","ping_status":"closed","template":"","meta":{"footnotes":""},"class_list":["post-416","page","type-page","status-publish","hentry"],"_links":{"self":[{"href":"https:\/\/mruizsvt.fr\/index.php\/wp-json\/wp\/v2\/pages\/416","targetHints":{"allow":["GET"]}}],"collection":[{"href":"https:\/\/mruizsvt.fr\/index.php\/wp-json\/wp\/v2\/pages"}],"about":[{"href":"https:\/\/mruizsvt.fr\/index.php\/wp-json\/wp\/v2\/types\/page"}],"author":[{"embeddable":true,"href":"https:\/\/mruizsvt.fr\/index.php\/wp-json\/wp\/v2\/users\/1"}],"replies":[{"embeddable":true,"href":"https:\/\/mruizsvt.fr\/index.php\/wp-json\/wp\/v2\/comments?post=416"}],"version-history":[{"count":1,"href":"https:\/\/mruizsvt.fr\/index.php\/wp-json\/wp\/v2\/pages\/416\/revisions"}],"predecessor-version":[{"id":419,"href":"https:\/\/mruizsvt.fr\/index.php\/wp-json\/wp\/v2\/pages\/416\/revisions\/419"}],"up":[{"embeddable":true,"href":"https:\/\/mruizsvt.fr\/index.php\/wp-json\/wp\/v2\/pages\/411"}],"wp:attachment":[{"href":"https:\/\/mruizsvt.fr\/index.php\/wp-json\/wp\/v2\/media?parent=416"}],"curies":[{"name":"wp","href":"https:\/\/api.w.org\/{rel}","templated":true}]}}