{"id":409,"date":"2025-01-06T09:05:03","date_gmt":"2025-01-06T08:05:03","guid":{"rendered":"https:\/\/mruizsvt.fr\/?page_id=409"},"modified":"2025-01-06T09:07:51","modified_gmt":"2025-01-06T08:07:51","slug":"1-1-introduction-la-production-de-matiere-chez-les-etres-vivants","status":"publish","type":"page","link":"https:\/\/mruizsvt.fr\/index.php\/6-eme\/la-production-de-matiere-chez-les-etres-vivants\/1-1-introduction-la-production-de-matiere-chez-les-etres-vivants\/","title":{"rendered":"1.1 Introduction : La production de mati\u00e8re chez les \u00eatres vivants"},"content":{"rendered":"\n<blockquote class=\"wp-block-quote is-layout-flow wp-block-quote-is-layout-flow\">\n<p class=\"has-text-align-center\">Bilan<\/p>\n<\/blockquote>\n\n\n\n<p class=\"has-accent-3-color has-text-color has-link-color wp-elements-831b99701c3906f77c0dc12130b809d2\">Il existe deux grands types de mati\u00e8re&nbsp;:<\/p>\n\n\n\n<ul class=\"wp-block-list\">\n<li class=\"has-accent-3-color has-text-color has-link-color wp-elements-95460ef6fb6ad41de9d3cbc43a70208c\">Mati\u00e8re min\u00e9rale\u00a0: Mati\u00e8re qui compose le non vivant<\/li>\n\n\n\n<li class=\"has-accent-3-color has-text-color has-link-color wp-elements-2b61b75fbc757c822bc7f9a1276c4fc6\">Mati\u00e8re organique\u00a0: La mati\u00e8re fabriqu\u00e9e et qui compose les \u00eatres vivants<\/li>\n<\/ul>\n\n\n\n<p class=\"has-accent-3-color has-text-color has-link-color wp-elements-227e08a45352a51e159b3c0f3ef820e7\"><strong><br><\/strong><\/p>\n","protected":false},"excerpt":{"rendered":"<p>Bilan Il existe deux grands types de mati\u00e8re&nbsp;:<\/p>\n","protected":false},"author":1,"featured_media":0,"parent":411,"menu_order":0,"comment_status":"closed","ping_status":"closed","template":"","meta":{"footnotes":""},"class_list":["post-409","page","type-page","status-publish","hentry"],"_links":{"self":[{"href":"https:\/\/mruizsvt.fr\/index.php\/wp-json\/wp\/v2\/pages\/409","targetHints":{"allow":["GET"]}}],"collection":[{"href":"https:\/\/mruizsvt.fr\/index.php\/wp-json\/wp\/v2\/pages"}],"about":[{"href":"https:\/\/mruizsvt.fr\/index.php\/wp-json\/wp\/v2\/types\/page"}],"author":[{"embeddable":true,"href":"https:\/\/mruizsvt.fr\/index.php\/wp-json\/wp\/v2\/users\/1"}],"replies":[{"embeddable":true,"href":"https:\/\/mruizsvt.fr\/index.php\/wp-json\/wp\/v2\/comments?post=409"}],"version-history":[{"count":1,"href":"https:\/\/mruizsvt.fr\/index.php\/wp-json\/wp\/v2\/pages\/409\/revisions"}],"predecessor-version":[{"id":410,"href":"https:\/\/mruizsvt.fr\/index.php\/wp-json\/wp\/v2\/pages\/409\/revisions\/410"}],"up":[{"embeddable":true,"href":"https:\/\/mruizsvt.fr\/index.php\/wp-json\/wp\/v2\/pages\/411"}],"wp:attachment":[{"href":"https:\/\/mruizsvt.fr\/index.php\/wp-json\/wp\/v2\/media?parent=409"}],"curies":[{"name":"wp","href":"https:\/\/api.w.org\/{rel}","templated":true}]}}