{"id":383,"date":"2024-12-02T10:18:19","date_gmt":"2024-12-02T09:18:19","guid":{"rendered":"https:\/\/mruizsvt.fr\/?page_id=383"},"modified":"2024-12-02T10:18:20","modified_gmt":"2024-12-02T09:18:20","slug":"1-2-comment-se-propage-un-seisme","status":"publish","type":"page","link":"https:\/\/mruizsvt.fr\/index.php\/4-eme\/chapitre-2-les-seismes-et-la-tectonique-des-plaques\/1-2-comment-se-propage-un-seisme\/","title":{"rendered":"1.2 Comment se propage un s\u00e9isme ?"},"content":{"rendered":"\n<blockquote class=\"wp-block-quote is-layout-flow wp-block-quote-is-layout-flow\">\n<p class=\"has-text-align-center\"><strong>Exercice classe<\/strong><\/p>\n\n\n\n<div data-wp-interactive=\"core\/file\" class=\"wp-block-file\"><object data-wp-bind--hidden=\"!state.hasPdfPreview\" hidden class=\"wp-block-file__embed\" data=\"https:\/\/mruizsvt.fr\/wp-content\/uploads\/2024\/12\/Activite-2-Propagation-seisme-1.pdf\" type=\"application\/pdf\" style=\"width:100%;height:600px\" aria-label=\"Contenu embarqu\u00e9 Activit\u00e9 2 Propagation seisme.\"><\/object><a id=\"wp-block-file--media-1a7bbe2a-ece7-4aa6-b2bf-55d50a41ba7f\" href=\"https:\/\/mruizsvt.fr\/wp-content\/uploads\/2024\/12\/Activite-2-Propagation-seisme-1.pdf\">Activit\u00e9 2 Propagation seisme<\/a><a href=\"https:\/\/mruizsvt.fr\/wp-content\/uploads\/2024\/12\/Activite-2-Propagation-seisme-1.pdf\" class=\"wp-block-file__button wp-element-button\" download aria-describedby=\"wp-block-file--media-1a7bbe2a-ece7-4aa6-b2bf-55d50a41ba7f\">T\u00e9l\u00e9charger<\/a><\/div>\n<\/blockquote>\n\n\n\n<blockquote class=\"wp-block-quote is-layout-flow wp-block-quote-is-layout-flow\">\n<p class=\"has-text-align-center\">Correction<\/p>\n<\/blockquote>\n\n\n\n<p>\u200b1. Travail sur la carte<\/p>\n\n\n\n<p>2. Un s\u00e9isme se propage sous forme de cercle avec au centre les d\u00e9gats maximaux et en s&rsquo;\u00e9cartant les d\u00e9gats plus faible<\/p>\n\n\n\n<p>3. On doit intervenir en priorit\u00e9 ou il y a de la population et des d\u00e9g\u00e2ts.<\/p>\n\n\n\n<blockquote class=\"wp-block-quote is-layout-flow wp-block-quote-is-layout-flow\">\n<p class=\"has-text-align-center\">Bilan<\/p>\n<\/blockquote>\n\n\n\n<p class=\"has-accent-3-color has-text-color has-link-color wp-elements-fb3b6868f42d8cb971851e509ffa81b1\">Bilan\u00a0: La propagation du s\u00e9isme se fait sous formes d\u2019ondes, du centre o\u00f9 l\u2019intensit\u00e9 est maximale puis en s\u2019\u00e9loigne en perdant en intensit\u00e9.<\/p>\n","protected":false},"excerpt":{"rendered":"<p>Correction \u200b1. Travail sur la carte 2. Un s\u00e9isme se propage sous forme de cercle avec au centre les d\u00e9gats maximaux et en s&rsquo;\u00e9cartant les d\u00e9gats plus faible 3. On doit intervenir en priorit\u00e9 ou il y a de la population et des d\u00e9g\u00e2ts. Bilan Bilan\u00a0: La propagation du s\u00e9isme se fait sous formes d\u2019ondes, [&hellip;]<\/p>\n","protected":false},"author":1,"featured_media":0,"parent":142,"menu_order":0,"comment_status":"closed","ping_status":"closed","template":"","meta":{"footnotes":""},"class_list":["post-383","page","type-page","status-publish","hentry"],"_links":{"self":[{"href":"https:\/\/mruizsvt.fr\/index.php\/wp-json\/wp\/v2\/pages\/383","targetHints":{"allow":["GET"]}}],"collection":[{"href":"https:\/\/mruizsvt.fr\/index.php\/wp-json\/wp\/v2\/pages"}],"about":[{"href":"https:\/\/mruizsvt.fr\/index.php\/wp-json\/wp\/v2\/types\/page"}],"author":[{"embeddable":true,"href":"https:\/\/mruizsvt.fr\/index.php\/wp-json\/wp\/v2\/users\/1"}],"replies":[{"embeddable":true,"href":"https:\/\/mruizsvt.fr\/index.php\/wp-json\/wp\/v2\/comments?post=383"}],"version-history":[{"count":1,"href":"https:\/\/mruizsvt.fr\/index.php\/wp-json\/wp\/v2\/pages\/383\/revisions"}],"predecessor-version":[{"id":387,"href":"https:\/\/mruizsvt.fr\/index.php\/wp-json\/wp\/v2\/pages\/383\/revisions\/387"}],"up":[{"embeddable":true,"href":"https:\/\/mruizsvt.fr\/index.php\/wp-json\/wp\/v2\/pages\/142"}],"wp:attachment":[{"href":"https:\/\/mruizsvt.fr\/index.php\/wp-json\/wp\/v2\/media?parent=383"}],"curies":[{"name":"wp","href":"https:\/\/api.w.org\/{rel}","templated":true}]}}