{"id":371,"date":"2024-11-19T11:52:27","date_gmt":"2024-11-19T10:52:27","guid":{"rendered":"https:\/\/mruizsvt.fr\/?page_id=371"},"modified":"2024-11-19T11:52:46","modified_gmt":"2024-11-19T10:52:46","slug":"1-3-comment-la-plante-preleve-t-elle-ce-quelle-a-besoin","status":"publish","type":"page","link":"https:\/\/mruizsvt.fr\/index.php\/3-eme\/chapitre-2-genetique\/1-3-comment-la-plante-preleve-t-elle-ce-quelle-a-besoin\/","title":{"rendered":"1.3 Comment la plante pr\u00e9l\u00e8ve-t-elle ce qu\u2019elle a besoin\u00a0?"},"content":{"rendered":"\n<blockquote class=\"wp-block-quote is-layout-flow wp-block-quote-is-layout-flow\">\n<p class=\"has-text-align-center\"><strong>Exercice classe<\/strong><\/p>\n\n\n\n<p class=\"has-text-align-center\">Page 188-191<\/p>\n<\/blockquote>\n\n\n\n<blockquote class=\"wp-block-quote is-layout-flow wp-block-quote-is-layout-flow\">\n<p class=\"has-text-align-center\">Correction<\/p>\n<\/blockquote>\n\n\n\n<p><strong>Absorption du CO2&nbsp;:<\/strong><\/p>\n\n\n\n<p>Lors de l\u2019exp\u00e9rience du document 1 on nous dit que le rouge de Cresol indique la quantit\u00e9 de CO2 dans un milieu, or dans le tube contenant la feuille le rouge de Cr\u00e9sol devient plus rouge cela met donc en \u00e9vidence une diminution du CO2 qui a \u00e9t\u00e9 absorb\u00e9 par la feuille. A l\u2019inverse le rouge de Cr\u00e9sol devient jaune dans le tube o\u00f9 il y a la racine il y a donc une production de CO2 au niveau de la racine.<\/p>\n\n\n\n<p>Pour que le Co2 p\u00e9n\u00e8tre dans la feuille et rejoignes les zones photosynth\u00e9tiques il y a sous la feuille des structures appel\u00e9es stomates. Ce sont des cellules particuli\u00e8re qui peuvent cr\u00e9er une ouverture dans l\u2019\u00e9piderme de la feuille et laisser rentrer le Co2.<\/p>\n\n\n\n<p>La technologie FACE est une technologie ou on peut enrichir l\u2019air ambiant en CO2 dans ces zones les arbres et v\u00e9g\u00e9taux voient leur croissance augmenter par rapport au zone standard, cela met donc en \u00e9vidence que plus le taux de CO2 est \u00e9lev\u00e9 dans l\u2019air plus la plante produit de la mati\u00e8re organique et donc plus elle grandit.<\/p>\n\n\n\n<p><strong>Absorption de l&rsquo;eau&nbsp;:<\/strong><\/p>\n\n\n\n<p>Dans le document 1 on observe que dans l\u2019exp\u00e9rience 2 lorsque l\u2019int\u00e9gralit\u00e9 du bas de la plante est dans l\u2019huile la plante meurt c\u2019est donc une de ces parties qui permet d\u2019absorber l\u2019eau. Dans l\u2019exp\u00e9rience 3 o\u00f9 l\u2019apex et les poils absorbants sont dans l\u2019eau et la tige est dans l\u2019huile la plante pousse c\u2019est donc soit les poils absorbant soit l\u2019apex qui absorbe l\u2019eau. Grace a l\u2019exp\u00e9rience 5 ont observe que lorsque les poils absorbants sont seul dans l\u2019eau la plante pousse c\u2019est donc les poils absorbant qui permettent l\u2019absorption de l\u2019eau alors que dans l\u2019exp\u00e9rience 4 ou seul l\u2019apex est dans l\u2019eau la plante meurt.<\/p>\n\n\n\n<p>Les poils absorbants permettent d\u2019augmenter la surface d\u2019\u00e9change dans le sol et ainsi d\u2019augmenter l\u2019absorption de l\u2019eau dans le sol.<\/p>\n\n\n\n<p>Les mycorhizes permettent \u00e0 la plante de mieux pousser en cr\u00e9ant une symbiose entre les deux \u00eatres vivants et en augmentant encore davantage les zones d\u2019\u00e9change.<\/p>\n\n\n\n<blockquote class=\"wp-block-quote is-layout-flow wp-block-quote-is-layout-flow\">\n<p class=\"has-text-align-center\">Bilan<\/p>\n<\/blockquote>\n\n\n\n<p class=\"has-accent-3-color has-text-color has-link-color wp-elements-1fdab57cfda98477605280198edd76f0\">Bilan\u00a0: La plante absorbe l\u2019eau n\u00e9cessaire par les <strong>poils absorbants<\/strong> pr\u00e9sents au niveau de ses racines et pr\u00e9l\u00e8ve le CO2 gr\u00e2ce au <strong>stomate<\/strong> au niveau des feuilles.<\/p>\n","protected":false},"excerpt":{"rendered":"<p>Exercice classe Page 188-191 Correction Absorption du CO2&nbsp;: Lors de l\u2019exp\u00e9rience du document 1 on nous dit que le rouge de Cresol indique la quantit\u00e9 de CO2 dans un milieu, or dans le tube contenant la feuille le rouge de Cr\u00e9sol devient plus rouge cela met donc en \u00e9vidence une diminution du CO2 qui a [&hellip;]<\/p>\n","protected":false},"author":1,"featured_media":0,"parent":60,"menu_order":0,"comment_status":"closed","ping_status":"closed","template":"","meta":{"footnotes":""},"class_list":["post-371","page","type-page","status-publish","hentry"],"_links":{"self":[{"href":"https:\/\/mruizsvt.fr\/index.php\/wp-json\/wp\/v2\/pages\/371","targetHints":{"allow":["GET"]}}],"collection":[{"href":"https:\/\/mruizsvt.fr\/index.php\/wp-json\/wp\/v2\/pages"}],"about":[{"href":"https:\/\/mruizsvt.fr\/index.php\/wp-json\/wp\/v2\/types\/page"}],"author":[{"embeddable":true,"href":"https:\/\/mruizsvt.fr\/index.php\/wp-json\/wp\/v2\/users\/1"}],"replies":[{"embeddable":true,"href":"https:\/\/mruizsvt.fr\/index.php\/wp-json\/wp\/v2\/comments?post=371"}],"version-history":[{"count":1,"href":"https:\/\/mruizsvt.fr\/index.php\/wp-json\/wp\/v2\/pages\/371\/revisions"}],"predecessor-version":[{"id":374,"href":"https:\/\/mruizsvt.fr\/index.php\/wp-json\/wp\/v2\/pages\/371\/revisions\/374"}],"up":[{"embeddable":true,"href":"https:\/\/mruizsvt.fr\/index.php\/wp-json\/wp\/v2\/pages\/60"}],"wp:attachment":[{"href":"https:\/\/mruizsvt.fr\/index.php\/wp-json\/wp\/v2\/media?parent=371"}],"curies":[{"name":"wp","href":"https:\/\/api.w.org\/{rel}","templated":true}]}}