{"id":362,"date":"2024-11-18T09:54:13","date_gmt":"2024-11-18T08:54:13","guid":{"rendered":"https:\/\/mruizsvt.fr\/?page_id=362"},"modified":"2024-11-18T09:54:33","modified_gmt":"2024-11-18T08:54:33","slug":"1-1-quest-ce-quun-seisme","status":"publish","type":"page","link":"https:\/\/mruizsvt.fr\/index.php\/4-eme\/chapitre-2-les-seismes-et-la-tectonique-des-plaques\/1-1-quest-ce-quun-seisme\/","title":{"rendered":"1.1 Qu&rsquo;est ce qu&rsquo;un s\u00e9isme ?"},"content":{"rendered":"\n<blockquote class=\"wp-block-quote is-layout-flow wp-block-quote-is-layout-flow\">\n<p class=\"has-text-align-center\"><strong>Etude d&rsquo;un extrait de c&rsquo;est pas sorcier<\/strong><\/p>\n<\/blockquote>\n\n\n\n<figure class=\"wp-block-embed is-type-video is-provider-youtube wp-block-embed-youtube wp-embed-aspect-4-3 wp-has-aspect-ratio\"><div class=\"wp-block-embed__wrapper\">\n<iframe loading=\"lazy\" title=\"C&#039;est pas sorcier - S\u00e9ismes : Quand la Terre tremble\" width=\"500\" height=\"375\" src=\"https:\/\/www.youtube.com\/embed\/c0UsOlqG_Xk?feature=oembed\" frameborder=\"0\" allow=\"accelerometer; autoplay; clipboard-write; encrypted-media; gyroscope; picture-in-picture; web-share\" referrerpolicy=\"strict-origin-when-cross-origin\" allowfullscreen><\/iframe>\n<\/div><\/figure>\n\n\n\n<p><\/p>\n\n\n\n<p>Question \u00e0 r\u00e9pondre \u00e0 l&rsquo;aide de la video<\/p>\n\n\n\n<ol class=\"wp-block-list\">\n<li>Qu\u2019est-ce qu\u2019un s\u00e9isme\u00a0?<\/li>\n\n\n\n<li>Quelles en sont les cons\u00e9quences\u00a0?<\/li>\n\n\n\n<li>Comment limiter les cons\u00e9quences\u00a0?<\/li>\n<\/ol>\n\n\n\n<blockquote class=\"wp-block-quote is-layout-flow wp-block-quote-is-layout-flow\">\n<p class=\"has-text-align-center\">Correction<\/p>\n<\/blockquote>\n\n\n\n<p>Correction<\/p>\n\n\n\n<ol class=\"wp-block-list\">\n<li>Qu\u2019est-ce qu\u2019un s\u00e9isme\u00a0?<\/li>\n<\/ol>\n\n\n\n<p>Un tremblement du sol<\/p>\n\n\n\n<p>2. Quelles en sont les cons\u00e9quences\u00a0?<\/p>\n\n\n\n<p>Formation de faille dans le sol<br>Des bless\u00e9s\u00a0 et des morts<br>Destruction de bien<br>Glissement de terrain<br>Tsunami<br>Inondation<\/p>\n\n\n\n<p>3. Comment limiter les cons\u00e9quences\u00a0?<\/p>\n\n\n\n<p>Construction de b\u00e2timent parasismique<br>Campagne de pr\u00e9vention<\/p>\n\n\n\n<blockquote class=\"wp-block-quote is-layout-flow wp-block-quote-is-layout-flow\">\n<p class=\"has-text-align-center\">Bilan<\/p>\n<\/blockquote>\n\n\n\n<p class=\"has-accent-3-color has-text-color has-link-color wp-elements-1e779f1e6df817bb064d9d9ac6f9fa64\">Un s\u00e9isme est un tremblement du sol, qui peut provoquer plus ou moins de cons\u00e9quence<\/p>\n\n\n\n<p><\/p>\n","protected":false},"excerpt":{"rendered":"<p>Etude d&rsquo;un extrait de c&rsquo;est pas sorcier Question \u00e0 r\u00e9pondre \u00e0 l&rsquo;aide de la video Correction Correction Un tremblement du sol 2. Quelles en sont les cons\u00e9quences\u00a0? Formation de faille dans le solDes bless\u00e9s\u00a0 et des mortsDestruction de bienGlissement de terrainTsunamiInondation 3. Comment limiter les cons\u00e9quences\u00a0? Construction de b\u00e2timent parasismiqueCampagne de pr\u00e9vention Bilan Un s\u00e9isme [&hellip;]<\/p>\n","protected":false},"author":1,"featured_media":0,"parent":142,"menu_order":0,"comment_status":"closed","ping_status":"closed","template":"","meta":{"footnotes":""},"class_list":["post-362","page","type-page","status-publish","hentry"],"_links":{"self":[{"href":"https:\/\/mruizsvt.fr\/index.php\/wp-json\/wp\/v2\/pages\/362","targetHints":{"allow":["GET"]}}],"collection":[{"href":"https:\/\/mruizsvt.fr\/index.php\/wp-json\/wp\/v2\/pages"}],"about":[{"href":"https:\/\/mruizsvt.fr\/index.php\/wp-json\/wp\/v2\/types\/page"}],"author":[{"embeddable":true,"href":"https:\/\/mruizsvt.fr\/index.php\/wp-json\/wp\/v2\/users\/1"}],"replies":[{"embeddable":true,"href":"https:\/\/mruizsvt.fr\/index.php\/wp-json\/wp\/v2\/comments?post=362"}],"version-history":[{"count":1,"href":"https:\/\/mruizsvt.fr\/index.php\/wp-json\/wp\/v2\/pages\/362\/revisions"}],"predecessor-version":[{"id":364,"href":"https:\/\/mruizsvt.fr\/index.php\/wp-json\/wp\/v2\/pages\/362\/revisions\/364"}],"up":[{"embeddable":true,"href":"https:\/\/mruizsvt.fr\/index.php\/wp-json\/wp\/v2\/pages\/142"}],"wp:attachment":[{"href":"https:\/\/mruizsvt.fr\/index.php\/wp-json\/wp\/v2\/media?parent=362"}],"curies":[{"name":"wp","href":"https:\/\/api.w.org\/{rel}","templated":true}]}}