{"id":352,"date":"2024-11-13T11:27:29","date_gmt":"2024-11-13T10:27:29","guid":{"rendered":"https:\/\/mruizsvt.fr\/?page_id=352"},"modified":"2024-11-19T11:31:43","modified_gmt":"2024-11-19T10:31:43","slug":"1-1-comment-la-plante-produit-t-elle-et-stocke-t-elle-la-matiere-organique","status":"publish","type":"page","link":"https:\/\/mruizsvt.fr\/index.php\/3-eme\/chapitre-2-genetique\/1-1-comment-la-plante-produit-t-elle-et-stocke-t-elle-la-matiere-organique\/","title":{"rendered":"1.1 Comment la plante produit-t-elle et stocke-t-elle la mati\u00e8re organique\u00a0?"},"content":{"rendered":"\n<blockquote class=\"wp-block-quote is-layout-flow wp-block-quote-is-layout-flow\">\n<p class=\"has-text-align-center\"><strong>Exercice classe<\/strong><\/p>\n\n\n\n<p class=\"has-text-align-center\">Page 184-185<\/p>\n<\/blockquote>\n\n\n\n<blockquote class=\"wp-block-quote is-layout-flow wp-block-quote-is-layout-flow\">\n<p class=\"has-text-align-center\">Correction<\/p>\n<\/blockquote>\n\n\n\n<ol class=\"wp-block-list\">\n<li>&nbsp;Les zones de stockage de la matiere <\/li>\n<\/ol>\n\n\n\n<figure class=\"wp-block-table\"><table class=\"has-fixed-layout\"><tbody><tr><td>Zone de stockage de la matiere<\/td><td>Mol\u00e9cules misent en r\u00e9serve<\/td><\/tr><tr><td>Noix (Cotyledon\/graine)<\/td><td>Lipide<\/td><\/tr><tr><td>Pomme de Terre (Tubercule)<\/td><td>L\u2019Amidon<\/td><\/tr><tr><td>Haricot (Cotyledon\/graine)<\/td><td>Protide<\/td><\/tr><\/tbody><\/table><\/figure>\n\n\n\n<p>2. Les besoins des v\u00e9g\u00e9taux pour produire de la matiere :<\/p>\n\n\n\n<p><\/p>\n\n\n\n<p>Doc 2 : En cachant de la lumi\u00e8re une zone de la feuille on s\u2019aper\u00e7oit \u00e0 l\u2019aide du lugol qu\u2019elle ne produit pas d\u2019amidon. La plante a donc besoin de lumi\u00e8re pour produire de l\u2019amidon (mati\u00e8re organique).<\/p>\n\n\n\n<p>Doc 3 : En retirant le CO2 arrivant au feuille le v\u00e9g\u00e9tale ne produit pas d\u2019amidon Il a donc besoin de Co2 pour produire de la mati\u00e8re organique.<\/p>\n\n\n\n<p><\/p>\n\n\n\n<blockquote class=\"wp-block-quote is-layout-flow wp-block-quote-is-layout-flow\">\n<p class=\"has-text-align-center\">Bilan<\/p>\n<\/blockquote>\n\n\n\n<p class=\"has-accent-3-color has-text-color has-link-color wp-elements-bfcc7cae094af9e828673ce1fa204543\">Une plante a besoin de Co2, d\u2019eau et de lumi\u00e8re pour produire de la mati\u00e8re organique (exemple&nbsp;: l\u2019amidon) ce ph\u00e9nom\u00e8ne s\u2019appelle la photosynth\u00e8se.<\/p>\n\n\n\n<p class=\"has-accent-3-color has-text-color has-link-color wp-elements-7708743ad89bfb60b90f6c8f23ecd702\">La mati\u00e8re organique est ensuite utilis\u00e9e par les organes de la plante, ou est stock\u00e9e dans des organes de r\u00e9serve (tubercules\/graines).<\/p>\n\n\n\n<p class=\"has-accent-3-color has-text-color has-link-color wp-elements-227e08a45352a51e159b3c0f3ef820e7\"><strong><br><\/strong><\/p>\n\n\n\n<p><\/p>\n","protected":false},"excerpt":{"rendered":"<p>Exercice classe Page 184-185 Correction Zone de stockage de la matiere Mol\u00e9cules misent en r\u00e9serve Noix (Cotyledon\/graine) Lipide Pomme de Terre (Tubercule) L\u2019Amidon Haricot (Cotyledon\/graine) Protide 2. Les besoins des v\u00e9g\u00e9taux pour produire de la matiere : Doc 2 : En cachant de la lumi\u00e8re une zone de la feuille on s\u2019aper\u00e7oit \u00e0 l\u2019aide du [&hellip;]<\/p>\n","protected":false},"author":1,"featured_media":0,"parent":60,"menu_order":0,"comment_status":"closed","ping_status":"closed","template":"","meta":{"footnotes":""},"class_list":["post-352","page","type-page","status-publish","hentry"],"_links":{"self":[{"href":"https:\/\/mruizsvt.fr\/index.php\/wp-json\/wp\/v2\/pages\/352","targetHints":{"allow":["GET"]}}],"collection":[{"href":"https:\/\/mruizsvt.fr\/index.php\/wp-json\/wp\/v2\/pages"}],"about":[{"href":"https:\/\/mruizsvt.fr\/index.php\/wp-json\/wp\/v2\/types\/page"}],"author":[{"embeddable":true,"href":"https:\/\/mruizsvt.fr\/index.php\/wp-json\/wp\/v2\/users\/1"}],"replies":[{"embeddable":true,"href":"https:\/\/mruizsvt.fr\/index.php\/wp-json\/wp\/v2\/comments?post=352"}],"version-history":[{"count":2,"href":"https:\/\/mruizsvt.fr\/index.php\/wp-json\/wp\/v2\/pages\/352\/revisions"}],"predecessor-version":[{"id":358,"href":"https:\/\/mruizsvt.fr\/index.php\/wp-json\/wp\/v2\/pages\/352\/revisions\/358"}],"up":[{"embeddable":true,"href":"https:\/\/mruizsvt.fr\/index.php\/wp-json\/wp\/v2\/pages\/60"}],"wp:attachment":[{"href":"https:\/\/mruizsvt.fr\/index.php\/wp-json\/wp\/v2\/media?parent=352"}],"curies":[{"name":"wp","href":"https:\/\/api.w.org\/{rel}","templated":true}]}}