{"id":347,"date":"2024-11-13T11:04:19","date_gmt":"2024-11-13T10:04:19","guid":{"rendered":"https:\/\/mruizsvt.fr\/?page_id=347"},"modified":"2024-11-13T11:04:20","modified_gmt":"2024-11-13T10:04:20","slug":"2-3-la-transformation-de-nos-aliments","status":"publish","type":"page","link":"https:\/\/mruizsvt.fr\/index.php\/6-eme\/lalimentation\/2-3-la-transformation-de-nos-aliments\/","title":{"rendered":"2.3 La transformation de nos aliments"},"content":{"rendered":"\n<p class=\"has-accent-4-color has-text-color has-link-color wp-elements-fc1384bd9f67f86a1d27a0d71738bdf1\">Comment transformer la farine en pain ?<\/p>\n\n\n\n<blockquote class=\"wp-block-quote is-layout-flow wp-block-quote-is-layout-flow\">\n<p class=\"has-text-align-center\"><strong>Exercice classe<\/strong><\/p>\n\n\n\n<div data-wp-interactive=\"core\/file\" class=\"wp-block-file\"><object data-wp-bind--hidden=\"!state.hasPdfPreview\" hidden class=\"wp-block-file__embed\" data=\"https:\/\/mruizsvt.fr\/wp-content\/uploads\/2024\/11\/Activite-8-la-transformation-du-pain.pdf\" type=\"application\/pdf\" style=\"width:100%;height:600px\" aria-label=\"Contenu embarqu\u00e9 Activit\u00e9 8 la transformation du pain.\"><\/object><a id=\"wp-block-file--media-3e0d9e89-75b5-4b3b-ac5a-ae3f3f4aad18\" href=\"https:\/\/mruizsvt.fr\/wp-content\/uploads\/2024\/11\/Activite-8-la-transformation-du-pain.pdf\">Activit\u00e9 8 la transformation du pain<\/a><a href=\"https:\/\/mruizsvt.fr\/wp-content\/uploads\/2024\/11\/Activite-8-la-transformation-du-pain.pdf\" class=\"wp-block-file__button wp-element-button\" download aria-describedby=\"wp-block-file--media-3e0d9e89-75b5-4b3b-ac5a-ae3f3f4aad18\">T\u00e9l\u00e9charger<\/a><\/div>\n<\/blockquote>\n\n\n\n<blockquote class=\"wp-block-quote is-layout-flow wp-block-quote-is-layout-flow\">\n<p class=\"has-text-align-center\">Correction<\/p>\n<\/blockquote>\n\n\n\n<ol class=\"wp-block-list\">\n<li>Je vois\u00a0que le pain sans levure ne gonfle pas \u00e0 la diff\u00e9rence du pain avec levure,\u00a0la levure sert donc \u00e0 faire gonfler le pain.\u00a0<\/li>\n<\/ol>\n\n\n\n<p>2. 3. J\u2019observe que le pain sans levure n\u2019a pas de gros trou alors que le pain avec levure pr\u00e9sente de gros trou dans la mie, on peut donc en d\u00e9duire que la levure cr\u00e9\u00e9e des trous dans la mie.<\/p>\n\n\n\n<p>Dans l&rsquo;exp\u00e9rience on voit que des levures dans de l&rsquo;eau avec du sucre produisent des gaz.\u00a0<\/p>\n\n\n\n<p>4. Nous pouvons donc conclure que les levures qui sont des \u00eatres vivants, vont produire des gaz dans la p\u00e2te a pain en consommant les sucres de la farine ce qui va \u00a0faire lever la p\u00e2te et cr\u00e9er des trous dans la mie<\/p>\n\n\n\n<p><\/p>\n\n\n\n<p><\/p>\n","protected":false},"excerpt":{"rendered":"<p>Comment transformer la farine en pain ? Correction 2. 3. J\u2019observe que le pain sans levure n\u2019a pas de gros trou alors que le pain avec levure pr\u00e9sente de gros trou dans la mie, on peut donc en d\u00e9duire que la levure cr\u00e9\u00e9e des trous dans la mie. Dans l&rsquo;exp\u00e9rience on voit que des levures [&hellip;]<\/p>\n","protected":false},"author":1,"featured_media":0,"parent":286,"menu_order":0,"comment_status":"closed","ping_status":"closed","template":"","meta":{"footnotes":""},"class_list":["post-347","page","type-page","status-publish","hentry"],"_links":{"self":[{"href":"https:\/\/mruizsvt.fr\/index.php\/wp-json\/wp\/v2\/pages\/347","targetHints":{"allow":["GET"]}}],"collection":[{"href":"https:\/\/mruizsvt.fr\/index.php\/wp-json\/wp\/v2\/pages"}],"about":[{"href":"https:\/\/mruizsvt.fr\/index.php\/wp-json\/wp\/v2\/types\/page"}],"author":[{"embeddable":true,"href":"https:\/\/mruizsvt.fr\/index.php\/wp-json\/wp\/v2\/users\/1"}],"replies":[{"embeddable":true,"href":"https:\/\/mruizsvt.fr\/index.php\/wp-json\/wp\/v2\/comments?post=347"}],"version-history":[{"count":1,"href":"https:\/\/mruizsvt.fr\/index.php\/wp-json\/wp\/v2\/pages\/347\/revisions"}],"predecessor-version":[{"id":350,"href":"https:\/\/mruizsvt.fr\/index.php\/wp-json\/wp\/v2\/pages\/347\/revisions\/350"}],"up":[{"embeddable":true,"href":"https:\/\/mruizsvt.fr\/index.php\/wp-json\/wp\/v2\/pages\/286"}],"wp:attachment":[{"href":"https:\/\/mruizsvt.fr\/index.php\/wp-json\/wp\/v2\/media?parent=347"}],"curies":[{"name":"wp","href":"https:\/\/api.w.org\/{rel}","templated":true}]}}