{"id":342,"date":"2024-11-13T10:22:12","date_gmt":"2024-11-13T09:22:12","guid":{"rendered":"https:\/\/mruizsvt.fr\/?page_id=342"},"modified":"2024-11-13T11:05:19","modified_gmt":"2024-11-13T10:05:19","slug":"2-2-etude-dune-culture-cerealiere","status":"publish","type":"page","link":"https:\/\/mruizsvt.fr\/index.php\/6-eme\/lalimentation\/2-2-etude-dune-culture-cerealiere\/","title":{"rendered":"2.2 Etude d&rsquo;une culture c\u00e9r\u00e9aliere."},"content":{"rendered":"\n<p class=\"has-accent-4-color has-text-color has-link-color wp-elements-c7f0a30affac8f8d275feedc723fc13a\">Comment cultive-t-on le bl\u00e9&nbsp;?<\/p>\n\n\n\n<blockquote class=\"wp-block-quote is-layout-flow wp-block-quote-is-layout-flow\">\n<p class=\"has-text-align-center\"><strong>Exercice classe<\/strong><\/p>\n\n\n\n<div data-wp-interactive=\"core\/file\" class=\"wp-block-file\"><object data-wp-bind--hidden=\"!state.hasPdfPreview\" hidden class=\"wp-block-file__embed\" data=\"https:\/\/mruizsvt.fr\/wp-content\/uploads\/2024\/11\/Activite-7.pdf\" type=\"application\/pdf\" style=\"width:100%;height:600px\" aria-label=\"Contenu embarqu\u00e9 Activit\u00e9 7.\"><\/object><a id=\"wp-block-file--media-16b975e6-8742-48e7-b501-c6d06bd94e4a\" href=\"https:\/\/mruizsvt.fr\/wp-content\/uploads\/2024\/11\/Activite-7.pdf\">Activit\u00e9 7<\/a><a href=\"https:\/\/mruizsvt.fr\/wp-content\/uploads\/2024\/11\/Activite-7.pdf\" class=\"wp-block-file__button wp-element-button\" download aria-describedby=\"wp-block-file--media-16b975e6-8742-48e7-b501-c6d06bd94e4a\">T\u00e9l\u00e9charger<\/a><\/div>\n<\/blockquote>\n\n\n\n<blockquote class=\"wp-block-quote is-layout-flow wp-block-quote-is-layout-flow\">\n<p class=\"has-text-align-center\">Correction<\/p>\n<\/blockquote>\n\n\n\n<p><strong>Activit\u00e9 7&nbsp;: Vid\u00e9o de 0 \u00e0 15min<\/strong><\/p>\n\n\n\n<ol class=\"wp-block-list\">\n<li>Qu&rsquo;est ce qu&rsquo;on utilise pour fabriquer du pain?<br><em>De la farine de bl\u00e9.<\/em><\/li>\n<\/ol>\n\n\n\n<p>2. Combien faut-il d&rsquo;\u00e9pis de bl\u00e9 pour fabriquer un pain de 400g?<br><em>300 \u00e9pis de bl\u00e9 pour 400g de farine.<\/em><\/p>\n\n\n\n<p>3. A quelle p\u00e9riode s\u00e8me-t-on le bl\u00e9?<br><em>Octobre\/novembre<\/em><\/p>\n\n\n\n<p>4. Comment prot\u00e9ger le bl\u00e9?<br><em>Avec des insecticides et des engrais. Attention cela entraine de la pollution<\/em><\/p>\n\n\n\n<ol class=\"wp-block-list\">\n<li><\/li>\n<\/ol>\n\n\n\n<p>5. A quelle p\u00e9riode r\u00e9colte-t-on le bl\u00e9?<br><em>Juillet\/ao\u00fbt<\/em><\/p>\n\n\n\n<p>6. Quel engin utilise-t-on pour le r\u00e9colter aujourd&rsquo;hui? Et autrefois?<br><em>Une moissonneuse batteuse\/ une faux.<\/em><\/p>\n\n\n\n<p>7. Que r\u00e9cup\u00e8re-t-on sur le bl\u00e9? Que fait-on du reste?<br><em>On r\u00e9cup\u00e8re les grains et le reste devient de la paille pour le b\u00e9tail.<\/em><\/p>\n\n\n\n<p>8. Quelle est la quantit\u00e9 de grains qu&rsquo;un agriculteur produit par Ha?<br><em>6,5 tonnes par Ha; deux fois plus en 20 ans.<\/em><\/p>\n\n\n\n<p>9. Comment expliques-tu qu&rsquo;un agriculteur produit plus de bl\u00e9 qu&rsquo;autrefois?<br><em>Utilisation de plantes qui donnent plus de grains et qui r\u00e9sistent aux maladies.<\/em><\/p>\n\n\n\n<p>10. A quoi servent les silos?<br><em>\u00c0 stocker les grains.<\/em><\/p>\n\n\n\n<p>11. A qui sont destin\u00e9s les grains de bl\u00e9?<br><em>Au meunier qui va produire de la farine au moulin.<\/em><\/p>\n\n\n\n<p>12. Quelle partie du grain de bl\u00e9 servira \u00e0 donner de la farine?<br><em>L&rsquo;amande<\/em><\/p>\n\n\n\n<p>13. Comment obtient-on de la farine \u00e0 partir des grains?<br><em>Les grains sont broy\u00e9s et tamis\u00e9s<\/em><\/p>\n\n\n\n<p>14. Quelle quantit\u00e9 de farine obtient-on \u00e0 partir de 100Kg de grains?<br><em>75 \u00e0 80 kg de farine.<\/em><\/p>\n\n\n\n<ol class=\"wp-block-list\">\n<li><\/li>\n<\/ol>\n\n\n\n<p><\/p>\n\n\n\n<blockquote class=\"wp-block-quote is-layout-flow wp-block-quote-is-layout-flow\">\n<p class=\"has-text-align-center\">Bilan<\/p>\n<\/blockquote>\n\n\n\n<p class=\"has-accent-3-color has-text-color has-link-color wp-elements-3fc94a2154be85042999fef363c80c25\"><strong>Bilan&nbsp;: <\/strong>Le pain est issu de la transformation d\u2019une mati\u00e8re premi\u00e8re qui est la farine. On obtient de la farine \u00e0 partir des grains de bl\u00e9, cultiv\u00e9s par l&rsquo;agriculteur, et, broy\u00e9s et tamis\u00e9s par le meunier.<\/p>\n\n\n\n<p><\/p>\n","protected":false},"excerpt":{"rendered":"<p>Comment cultive-t-on le bl\u00e9&nbsp;? Correction Activit\u00e9 7&nbsp;: Vid\u00e9o de 0 \u00e0 15min 2. Combien faut-il d&rsquo;\u00e9pis de bl\u00e9 pour fabriquer un pain de 400g?300 \u00e9pis de bl\u00e9 pour 400g de farine. 3. A quelle p\u00e9riode s\u00e8me-t-on le bl\u00e9?Octobre\/novembre 4. Comment prot\u00e9ger le bl\u00e9?Avec des insecticides et des engrais. Attention cela entraine de la pollution 5. [&hellip;]<\/p>\n","protected":false},"author":1,"featured_media":0,"parent":286,"menu_order":0,"comment_status":"closed","ping_status":"closed","template":"","meta":{"footnotes":""},"class_list":["post-342","page","type-page","status-publish","hentry"],"_links":{"self":[{"href":"https:\/\/mruizsvt.fr\/index.php\/wp-json\/wp\/v2\/pages\/342","targetHints":{"allow":["GET"]}}],"collection":[{"href":"https:\/\/mruizsvt.fr\/index.php\/wp-json\/wp\/v2\/pages"}],"about":[{"href":"https:\/\/mruizsvt.fr\/index.php\/wp-json\/wp\/v2\/types\/page"}],"author":[{"embeddable":true,"href":"https:\/\/mruizsvt.fr\/index.php\/wp-json\/wp\/v2\/users\/1"}],"replies":[{"embeddable":true,"href":"https:\/\/mruizsvt.fr\/index.php\/wp-json\/wp\/v2\/comments?post=342"}],"version-history":[{"count":2,"href":"https:\/\/mruizsvt.fr\/index.php\/wp-json\/wp\/v2\/pages\/342\/revisions"}],"predecessor-version":[{"id":351,"href":"https:\/\/mruizsvt.fr\/index.php\/wp-json\/wp\/v2\/pages\/342\/revisions\/351"}],"up":[{"embeddable":true,"href":"https:\/\/mruizsvt.fr\/index.php\/wp-json\/wp\/v2\/pages\/286"}],"wp:attachment":[{"href":"https:\/\/mruizsvt.fr\/index.php\/wp-json\/wp\/v2\/media?parent=342"}],"curies":[{"name":"wp","href":"https:\/\/api.w.org\/{rel}","templated":true}]}}