{"id":331,"date":"2024-11-05T15:49:26","date_gmt":"2024-11-05T14:49:26","guid":{"rendered":"https:\/\/mruizsvt.fr\/?page_id=331"},"modified":"2024-11-05T15:50:42","modified_gmt":"2024-11-05T14:50:42","slug":"1-5-les-perturbations-du-systeme-nerveux-le-bruit-et-la-fatigue","status":"publish","type":"page","link":"https:\/\/mruizsvt.fr\/index.php\/4-eme\/chapitre-1-le-sport-et-le-systeme-nerveux\/1-5-les-perturbations-du-systeme-nerveux-le-bruit-et-la-fatigue\/","title":{"rendered":"1.5 Les perturbations du syst\u00e8me nerveux : le bruit et la fatigue"},"content":{"rendered":"\n<blockquote class=\"wp-block-quote is-layout-flow wp-block-quote-is-layout-flow\">\n<p class=\"has-text-align-center\"><strong>Exercice classe<\/strong><\/p>\n\n\n\n<p class=\"has-text-align-center\">Livre page 110-111<\/p>\n<\/blockquote>\n\n\n\n<blockquote class=\"wp-block-quote is-layout-flow wp-block-quote-is-layout-flow\">\n<p class=\"has-text-align-center\">Correction<\/p>\n<\/blockquote>\n\n\n\n<ol class=\"wp-block-list\">\n<li>Les actions qui entrainent des risques sont :<\/li>\n<\/ol>\n\n\n\n<p>\u2022Ecouter un baladeur mal r\u00e9gl\u00e9<br>\u2022Assister \u00e0 des concerts<br>\u2022Des bruits trop fort<\/p>\n\n\n\n<p><\/p>\n\n\n\n<p>2. Ecouter un bruit ou une musique trop forte provoque la destruction des cellules de l\u2019oreille qui est l\u2019organe r\u00e9cepteur du son. Plus on est soumis a des sons forts plus on a de risque de d\u00e9grader son audition.<\/p>\n\n\n\n<p><\/p>\n\n\n\n<p>Les r\u00e9glementations ont pour but de limiter les risques.<br>Exemple : limiter le son sur les baladeurs, limiter l\u2019intensit\u00e9 du son dans les concerts<\/p>\n\n\n\n<p>La pr\u00e9vention permet d\u2019alerter les jeunes sur les risques et de leur donner les moyens de bien se prot\u00e9ger et de prot\u00e9ger leur audition pour toute leur vie<\/p>\n\n\n\n<p><\/p>\n\n\n\n<p>3. Les cons\u00e9quences du manque de sommeille\u00a0 sont :<\/p>\n\n\n\n<p>\u2022 S\u2019endormir en classe<br>\u2022 Etre constamment fatigu\u00e9<br>\u2022 Etre irritable,<br>\u2022 Etre instable<br>\u2022 Avoir des troubles de la concentration<br>\u2022 Vigilance diminu\u00e9e<\/p>\n\n\n\n<p><\/p>\n\n\n\n<p>4. Les mauvaises habitudes \u00e0 l\u2019origine du manque de sommeil sont :<br>\u2022 L\u2019utilisation d\u2019\u00e9cran avant l\u2019endormissement<br>\u2022 Consommer des excitants<br>\u2022 Prendre des repas trop copieux<br>\u2022 Pratiquer du sport tard le soir<\/p>\n\n\n\n<p><\/p>\n\n\n\n<p>5. La vigilance diminue quand le temps d\u2019\u00e9veil augmente. Cela signifie qu\u2019il y a une diminution de la perception de l\u2019environnement et un retard de la commande motrice.<br>Les stimulus ext\u00e9rieurs \u00e9tant les m\u00eame\u00a0 ont peut en d\u00e9duire que le changement vient d\u2019une perturbation de la relation entre les r\u00e9cepteurs, les centres nerveux et les effecteurs.<\/p>\n\n\n\n<blockquote class=\"wp-block-quote is-layout-flow wp-block-quote-is-layout-flow\">\n<p class=\"has-text-align-center\">Bilan<\/p>\n<\/blockquote>\n\n\n\n<p class=\"has-accent-3-color has-text-color has-link-color wp-elements-0a3816a0d82d43d3fdeae7e664b2c529\">Les effets du bruit sur le syst\u00e8me nerveux sont d\u2019alt\u00e9rer, de fa\u00e7on irr\u00e9versible, les cellules de l\u2019oreille qui sont les organes r\u00e9cepteurs.<\/p>\n\n\n\n<p class=\"has-accent-3-color has-text-color has-link-color wp-elements-b1b0f0c63dd2c2d1239730940d5c1302\">Les effets de la fatigue sont de perturber la relation entres les organes r\u00e9cepteurs, les centres nerveux et les organes effecteurs<\/p>\n\n\n\n<p class=\"has-accent-3-color has-text-color has-link-color wp-elements-227e08a45352a51e159b3c0f3ef820e7\"><strong><br><\/strong><\/p>\n","protected":false},"excerpt":{"rendered":"<p>Exercice classe Livre page 110-111 Correction \u2022Ecouter un baladeur mal r\u00e9gl\u00e9\u2022Assister \u00e0 des concerts\u2022Des bruits trop fort 2. Ecouter un bruit ou une musique trop forte provoque la destruction des cellules de l\u2019oreille qui est l\u2019organe r\u00e9cepteur du son. Plus on est soumis a des sons forts plus on a de risque de d\u00e9grader son [&hellip;]<\/p>\n","protected":false},"author":1,"featured_media":0,"parent":140,"menu_order":0,"comment_status":"closed","ping_status":"closed","template":"","meta":{"footnotes":""},"class_list":["post-331","page","type-page","status-publish","hentry"],"_links":{"self":[{"href":"https:\/\/mruizsvt.fr\/index.php\/wp-json\/wp\/v2\/pages\/331","targetHints":{"allow":["GET"]}}],"collection":[{"href":"https:\/\/mruizsvt.fr\/index.php\/wp-json\/wp\/v2\/pages"}],"about":[{"href":"https:\/\/mruizsvt.fr\/index.php\/wp-json\/wp\/v2\/types\/page"}],"author":[{"embeddable":true,"href":"https:\/\/mruizsvt.fr\/index.php\/wp-json\/wp\/v2\/users\/1"}],"replies":[{"embeddable":true,"href":"https:\/\/mruizsvt.fr\/index.php\/wp-json\/wp\/v2\/comments?post=331"}],"version-history":[{"count":2,"href":"https:\/\/mruizsvt.fr\/index.php\/wp-json\/wp\/v2\/pages\/331\/revisions"}],"predecessor-version":[{"id":333,"href":"https:\/\/mruizsvt.fr\/index.php\/wp-json\/wp\/v2\/pages\/331\/revisions\/333"}],"up":[{"embeddable":true,"href":"https:\/\/mruizsvt.fr\/index.php\/wp-json\/wp\/v2\/pages\/140"}],"wp:attachment":[{"href":"https:\/\/mruizsvt.fr\/index.php\/wp-json\/wp\/v2\/media?parent=331"}],"curies":[{"name":"wp","href":"https:\/\/api.w.org\/{rel}","templated":true}]}}