{"id":319,"date":"2024-11-05T14:21:05","date_gmt":"2024-11-05T13:21:05","guid":{"rendered":"https:\/\/mruizsvt.fr\/?page_id=319"},"modified":"2024-11-05T14:21:06","modified_gmt":"2024-11-05T13:21:06","slug":"1-5-les-risques-lie-a-lalimentation","status":"publish","type":"page","link":"https:\/\/mruizsvt.fr\/index.php\/6-eme\/lalimentation\/1-5-les-risques-lie-a-lalimentation\/","title":{"rendered":"1.5 Les risques li\u00e9 \u00e0 l\u2019alimentation"},"content":{"rendered":"\n<p class=\"has-accent-4-color has-text-color has-link-color wp-elements-1bf9c6bf95d89bad61b0c88efa71ca5c\">Quels sont les risques pour la sant\u00e9 d\u2019avoir une mauvaise alimentation\u00a0?<\/p>\n\n\n\n<blockquote class=\"wp-block-quote is-layout-flow wp-block-quote-is-layout-flow\">\n<p class=\"has-text-align-center\"><strong>Exercice classe<\/strong><\/p>\n\n\n\n<div data-wp-interactive=\"core\/file\" class=\"wp-block-file\"><object data-wp-bind--hidden=\"!state.hasPdfPreview\" hidden class=\"wp-block-file__embed\" data=\"https:\/\/mruizsvt.fr\/wp-content\/uploads\/2024\/11\/Activite-5.pdf\" type=\"application\/pdf\" style=\"width:100%;height:600px\" aria-label=\"Contenu embarqu\u00e9 Activit\u00e9 5.\"><\/object><a id=\"wp-block-file--media-f92a3436-49f6-48ca-99e8-f3574dac85cb\" href=\"https:\/\/mruizsvt.fr\/wp-content\/uploads\/2024\/11\/Activite-5.pdf\">Activit\u00e9 5<\/a><a href=\"https:\/\/mruizsvt.fr\/wp-content\/uploads\/2024\/11\/Activite-5.pdf\" class=\"wp-block-file__button wp-element-button\" download aria-describedby=\"wp-block-file--media-f92a3436-49f6-48ca-99e8-f3574dac85cb\">T\u00e9l\u00e9charger<\/a><\/div>\n<\/blockquote>\n\n\n\n<p><strong><em>Consigne&nbsp;:<\/em><\/strong><\/p>\n\n\n\n<p>Explique \u00e0 Homer pourquoi et comment il met sa sant\u00e9 en danger&nbsp;? Que risque-t-il&nbsp;? Que devrait-il faire&nbsp;?<\/p>\n\n\n\n<p>Pour cela \u00e9crit lui une lettre<\/p>\n\n\n\n<p><\/p>\n\n\n\n<p><strong><em>M\u00e9thodologie<\/em><\/strong><\/p>\n\n\n\n<ol class=\"wp-block-list\">\n<li>Analyse des documents<\/li>\n<\/ol>\n\n\n\n<p>Document 1\u00a0: le document 1 m\u2019apprend<br>Document 2\u00a0: le document 2 m\u2019apprend<br>\u2026<\/p>\n\n\n\n<p>2. Ecriture de la lettre<\/p>\n\n\n\n<blockquote class=\"wp-block-quote is-layout-flow wp-block-quote-is-layout-flow\">\n<p class=\"has-text-align-center\">Correction<\/p>\n<\/blockquote>\n\n\n\n<p>Analyse de documents&nbsp;:<\/p>\n\n\n\n<p><strong>Le document 1<\/strong> m\u2019apprend qu\u2019il existe un IMC qui permet de connaitre la corpulence d\u2019une personne.<\/p>\n\n\n\n<p><strong>Le document 2<\/strong> m\u2019apprend que Homer a 39 ans, mesure 1.79m, p\u00e8se 105 kilos et ne fait pas de sport ainsi on peut calculer l\u2019IMC d\u2019Homer qui est de 32, Homer est donc en ob\u00e9sit\u00e9.<\/p>\n\n\n\n<p><strong>Le document 3<\/strong> m\u2019apprend qu\u2019Homer mange environ 2115 Kcal par repas.<\/p>\n\n\n\n<p><strong>Le document 4<\/strong> m\u2019apprend qu\u2019Homer doit manger environ 2500kcal par jours or il en mange autant en 1 seul repas, Homer consomme donc trop de calorie.<\/p>\n\n\n\n<p><strong>Le document 5<\/strong> m\u2019apprend qu\u2019une personne mangeant pendant 1 mois au fast-food prend 11kg et \u00e0 des probl\u00e8mes de sant\u00e9 apr\u00e8s ce mois.<\/p>\n\n\n\n<p><strong>Le document 6<\/strong> m\u2019apprend qu\u2019\u00eatre en ob\u00e9sit\u00e9 est dangereux pour la sant\u00e9 (maladie, d\u00e9c\u00e8s).<\/p>\n\n\n\n<p><strong>Le document 7<\/strong> m\u2019apprend que l\u2019on doit \u00e9quilibrer ses activit\u00e9s physiques avec son alimentation.<\/p>\n\n\n\n<blockquote class=\"wp-block-quote is-layout-flow wp-block-quote-is-layout-flow\">\n<p class=\"has-text-align-center\">Bilan<\/p>\n<\/blockquote>\n\n\n\n<p class=\"has-accent-3-color has-text-color has-link-color wp-elements-71e997cd41181b3f11a78773192cb8ee\">Bilan\u00a0: L\u2019alimentation et l\u2019activit\u00e9 physique influencent notre corpulence, en cas d\u2019apport alimentaire excessif notre corpulence va augmenter. En cas d\u2019ob\u00e9sit\u00e9 nous pouvons avoir des risques plus ou moins grave pour la sant\u00e9.<\/p>\n\n\n\n<p><\/p>\n","protected":false},"excerpt":{"rendered":"<p>Quels sont les risques pour la sant\u00e9 d\u2019avoir une mauvaise alimentation\u00a0? Consigne&nbsp;: Explique \u00e0 Homer pourquoi et comment il met sa sant\u00e9 en danger&nbsp;? Que risque-t-il&nbsp;? Que devrait-il faire&nbsp;? Pour cela \u00e9crit lui une lettre M\u00e9thodologie Document 1\u00a0: le document 1 m\u2019apprendDocument 2\u00a0: le document 2 m\u2019apprend\u2026 2. Ecriture de la lettre Correction Analyse de [&hellip;]<\/p>\n","protected":false},"author":1,"featured_media":0,"parent":286,"menu_order":0,"comment_status":"closed","ping_status":"closed","template":"","meta":{"footnotes":""},"class_list":["post-319","page","type-page","status-publish","hentry"],"_links":{"self":[{"href":"https:\/\/mruizsvt.fr\/index.php\/wp-json\/wp\/v2\/pages\/319","targetHints":{"allow":["GET"]}}],"collection":[{"href":"https:\/\/mruizsvt.fr\/index.php\/wp-json\/wp\/v2\/pages"}],"about":[{"href":"https:\/\/mruizsvt.fr\/index.php\/wp-json\/wp\/v2\/types\/page"}],"author":[{"embeddable":true,"href":"https:\/\/mruizsvt.fr\/index.php\/wp-json\/wp\/v2\/users\/1"}],"replies":[{"embeddable":true,"href":"https:\/\/mruizsvt.fr\/index.php\/wp-json\/wp\/v2\/comments?post=319"}],"version-history":[{"count":1,"href":"https:\/\/mruizsvt.fr\/index.php\/wp-json\/wp\/v2\/pages\/319\/revisions"}],"predecessor-version":[{"id":321,"href":"https:\/\/mruizsvt.fr\/index.php\/wp-json\/wp\/v2\/pages\/319\/revisions\/321"}],"up":[{"embeddable":true,"href":"https:\/\/mruizsvt.fr\/index.php\/wp-json\/wp\/v2\/pages\/286"}],"wp:attachment":[{"href":"https:\/\/mruizsvt.fr\/index.php\/wp-json\/wp\/v2\/media?parent=319"}],"curies":[{"name":"wp","href":"https:\/\/api.w.org\/{rel}","templated":true}]}}