{"id":315,"date":"2024-10-16T10:23:26","date_gmt":"2024-10-16T08:23:26","guid":{"rendered":"https:\/\/mruizsvt.fr\/?page_id=315"},"modified":"2024-10-16T10:23:28","modified_gmt":"2024-10-16T08:23:28","slug":"1-4-lequilibre-alimentaire","status":"publish","type":"page","link":"https:\/\/mruizsvt.fr\/index.php\/6-eme\/lalimentation\/1-4-lequilibre-alimentaire\/","title":{"rendered":"1.4 L\u2019\u00e9quilibre alimentaire"},"content":{"rendered":"\n<ol style=\"list-style-type:upper-alpha\" class=\"wp-block-list\"><\/ol>\n\n\n\n<p class=\"has-accent-4-color has-text-color has-link-color wp-elements-0f31c652c0e67411cd9898cec117756e\">Comment subvenir \u00e0 nos besoins de mani\u00e8re \u00e9quilibr\u00e9e&nbsp;?<\/p>\n\n\n\n<blockquote class=\"wp-block-quote is-layout-flow wp-block-quote-is-layout-flow\">\n<p class=\"has-text-align-center\"><strong>Exercice classe<\/strong><\/p>\n\n\n\n<div data-wp-interactive=\"core\/file\" class=\"wp-block-file\"><object data-wp-bind--hidden=\"!state.hasPdfPreview\" hidden class=\"wp-block-file__embed\" data=\"https:\/\/mruizsvt.fr\/wp-content\/uploads\/2024\/10\/Activite-4.pdf\" type=\"application\/pdf\" style=\"width:100%;height:600px\" aria-label=\"Contenu embarqu\u00e9 Activit\u00e9 4.\"><\/object><a id=\"wp-block-file--media-f4f61c39-ea99-4b1e-9a41-7c39203b871d\" href=\"https:\/\/mruizsvt.fr\/wp-content\/uploads\/2024\/10\/Activite-4.pdf\">Activit\u00e9 4<\/a><a href=\"https:\/\/mruizsvt.fr\/wp-content\/uploads\/2024\/10\/Activite-4.pdf\" class=\"wp-block-file__button wp-element-button\" download aria-describedby=\"wp-block-file--media-f4f61c39-ea99-4b1e-9a41-7c39203b871d\">T\u00e9l\u00e9charger<\/a><\/div>\n<\/blockquote>\n\n\n\n<blockquote class=\"wp-block-quote is-layout-flow wp-block-quote-is-layout-flow\">\n<p class=\"has-text-align-center\">Correction<\/p>\n<\/blockquote>\n\n\n\n<ol class=\"wp-block-list\">\n<li><strong>Calcule l\u2019apport \u00e9nerg\u00e9tique du menu choisi par M\u00e9lissa<\/strong><br>600+330+630+1360+650 = 3570 KJ<br>M\u00e9lissa a consomm\u00e9 3570Kj lors du d\u00e9jeuner.<\/li>\n<\/ol>\n\n\n\n<p>2.<strong> Sachant que le d\u00e9jeuner doit repr\u00e9senter 30 % des apports journaliers soit environ 3000 KJ, montre si l\u2019apport \u00e9nerg\u00e9tique du d\u00e9jeuner de M\u00e9lissa est respect\u00e9 ou non.<\/strong><\/p>\n\n\n\n<p>Melissa doit apporter environ 3000kJ, or elle en apporte 3570 lors de ce repas, elle a donc apport\u00e9 trop d\u2019\u00e9nergie<\/p>\n\n\n\n<p>3. <strong>En t\u2019aidant du menu du self et des conseils alimentaires du document suivant, propose \u00e0 M\u00e9lissa un d\u00e9jeuner plus \u00e9quilibr\u00e9 et calcul le nouvel apport \u00e9nerg\u00e9tique de celui-ci.<\/strong><\/p>\n\n\n\n<p>Exemple de repas : Salami 600 + Poulet 630 +haricot 250 + yaourt 490+ tarte pomme 650 + pain 330 = 2950 Kj<\/p>\n\n\n\n<p><\/p>\n\n\n\n<blockquote class=\"wp-block-quote is-layout-flow wp-block-quote-is-layout-flow\">\n<p class=\"has-text-align-center\">Bilan<\/p>\n<\/blockquote>\n\n\n\n<p class=\"has-accent-3-color has-text-color has-link-color wp-elements-3eb58ab64da95ec668f5a8fa4dc56852\">Bilan\u00a0: Pour \u00eatre en bonne sant\u00e9 et apporter au corps tout ce qu\u2019il a besoins nous devons manger \u00e9quilibr\u00e9. Cela permet d\u2019apporter la bonne quantit\u00e9 d\u2019\u00e9nergie ainsi que tous les \u00e9l\u00e9ments n\u00e9cessaires au bon fonctionnement du corps.<\/p>\n\n\n\n<p><\/p>\n","protected":false},"excerpt":{"rendered":"<p>Comment subvenir \u00e0 nos besoins de mani\u00e8re \u00e9quilibr\u00e9e&nbsp;? Correction 2. Sachant que le d\u00e9jeuner doit repr\u00e9senter 30 % des apports journaliers soit environ 3000 KJ, montre si l\u2019apport \u00e9nerg\u00e9tique du d\u00e9jeuner de M\u00e9lissa est respect\u00e9 ou non. Melissa doit apporter environ 3000kJ, or elle en apporte 3570 lors de ce repas, elle a donc apport\u00e9 [&hellip;]<\/p>\n","protected":false},"author":1,"featured_media":0,"parent":286,"menu_order":0,"comment_status":"closed","ping_status":"closed","template":"","meta":{"footnotes":""},"class_list":["post-315","page","type-page","status-publish","hentry"],"_links":{"self":[{"href":"https:\/\/mruizsvt.fr\/index.php\/wp-json\/wp\/v2\/pages\/315","targetHints":{"allow":["GET"]}}],"collection":[{"href":"https:\/\/mruizsvt.fr\/index.php\/wp-json\/wp\/v2\/pages"}],"about":[{"href":"https:\/\/mruizsvt.fr\/index.php\/wp-json\/wp\/v2\/types\/page"}],"author":[{"embeddable":true,"href":"https:\/\/mruizsvt.fr\/index.php\/wp-json\/wp\/v2\/users\/1"}],"replies":[{"embeddable":true,"href":"https:\/\/mruizsvt.fr\/index.php\/wp-json\/wp\/v2\/comments?post=315"}],"version-history":[{"count":1,"href":"https:\/\/mruizsvt.fr\/index.php\/wp-json\/wp\/v2\/pages\/315\/revisions"}],"predecessor-version":[{"id":317,"href":"https:\/\/mruizsvt.fr\/index.php\/wp-json\/wp\/v2\/pages\/315\/revisions\/317"}],"up":[{"embeddable":true,"href":"https:\/\/mruizsvt.fr\/index.php\/wp-json\/wp\/v2\/pages\/286"}],"wp:attachment":[{"href":"https:\/\/mruizsvt.fr\/index.php\/wp-json\/wp\/v2\/media?parent=315"}],"curies":[{"name":"wp","href":"https:\/\/api.w.org\/{rel}","templated":true}]}}