{"id":311,"date":"2024-10-16T10:06:54","date_gmt":"2024-10-16T08:06:54","guid":{"rendered":"https:\/\/mruizsvt.fr\/?page_id=311"},"modified":"2024-10-16T10:11:28","modified_gmt":"2024-10-16T08:11:28","slug":"1-3-la-digestion","status":"publish","type":"page","link":"https:\/\/mruizsvt.fr\/index.php\/6-eme\/lalimentation\/1-3-la-digestion\/","title":{"rendered":"1.3 La digestion"},"content":{"rendered":"\n<p class=\"has-accent-4-color has-text-color has-link-color wp-elements-e2e89f87337b2f3a3259dc47c277a1c4\">Que deviennent nos aliments dans notre corps apr\u00e8s un repas\u00a0?<\/p>\n\n\n\n<blockquote class=\"wp-block-quote is-layout-flow wp-block-quote-is-layout-flow\">\n<p class=\"has-text-align-center\"><strong>Exercice classe<\/strong><\/p>\n\n\n\n<p class=\"has-text-align-center\">Livre page 160-161<\/p>\n<\/blockquote>\n\n\n\n<blockquote class=\"wp-block-quote is-layout-flow wp-block-quote-is-layout-flow\">\n<p class=\"has-text-align-center\">Correction<\/p>\n<\/blockquote>\n\n\n\n<ol class=\"wp-block-list\">\n<li><strong>Comment les besoins en \u00e9nergie du corps sont combl\u00e9s apr\u00e8s un repas\u00a0?<\/strong><\/li>\n<\/ol>\n\n\n\n<p>Apres un repas les aliments passent dans le syst\u00e8me digestif o\u00f9 ils vont \u00eatre dig\u00e9rer et ainsi transformer en diff\u00e9rents nutriments. Les nutriments passeront alors dans le syst\u00e8me sanguin ou ils vont pourvoir rejoindre les organes et leur fournir l\u2019\u00e9nergie n\u00e9cessaire<\/p>\n\n\n\n<p><strong>2. Comment les besoins en \u00e9nergie du corps sont combl\u00e9s entre les repas, exemple 4 heure apr\u00e8s un repas\u00a0?<\/strong><\/p>\n\n\n\n<p>Une partie des nutriments sont stock\u00e9s dans le foie et les tissus riches en graisses apr\u00e8s chaque repas. Le corps va alors pouvoir puiser dans ces r\u00e9serves pour fournir de l\u2019\u00e9nergie aux organes.<\/p>\n\n\n\n<p><strong>3. Pourquoi le sportif du document 4 a fait un malaise<\/strong><\/p>\n\n\n\n<p>Le sportif a fait un malaise car il \u00e9tait en hypoglyc\u00e9mie c\u2019est \u00e0 dire qu\u2019il n\u2019avait plus suffisamment de sucre dans le sang pour faire fonctionner ses organes.<\/p>\n\n\n\n<p class=\"has-text-align-center\"><\/p>\n","protected":false},"excerpt":{"rendered":"<p>Que deviennent nos aliments dans notre corps apr\u00e8s un repas\u00a0? Exercice classe Livre page 160-161 Correction Apres un repas les aliments passent dans le syst\u00e8me digestif o\u00f9 ils vont \u00eatre dig\u00e9rer et ainsi transformer en diff\u00e9rents nutriments. Les nutriments passeront alors dans le syst\u00e8me sanguin ou ils vont pourvoir rejoindre les organes et leur fournir [&hellip;]<\/p>\n","protected":false},"author":1,"featured_media":0,"parent":286,"menu_order":0,"comment_status":"closed","ping_status":"closed","template":"","meta":{"footnotes":""},"class_list":["post-311","page","type-page","status-publish","hentry"],"_links":{"self":[{"href":"https:\/\/mruizsvt.fr\/index.php\/wp-json\/wp\/v2\/pages\/311","targetHints":{"allow":["GET"]}}],"collection":[{"href":"https:\/\/mruizsvt.fr\/index.php\/wp-json\/wp\/v2\/pages"}],"about":[{"href":"https:\/\/mruizsvt.fr\/index.php\/wp-json\/wp\/v2\/types\/page"}],"author":[{"embeddable":true,"href":"https:\/\/mruizsvt.fr\/index.php\/wp-json\/wp\/v2\/users\/1"}],"replies":[{"embeddable":true,"href":"https:\/\/mruizsvt.fr\/index.php\/wp-json\/wp\/v2\/comments?post=311"}],"version-history":[{"count":2,"href":"https:\/\/mruizsvt.fr\/index.php\/wp-json\/wp\/v2\/pages\/311\/revisions"}],"predecessor-version":[{"id":313,"href":"https:\/\/mruizsvt.fr\/index.php\/wp-json\/wp\/v2\/pages\/311\/revisions\/313"}],"up":[{"embeddable":true,"href":"https:\/\/mruizsvt.fr\/index.php\/wp-json\/wp\/v2\/pages\/286"}],"wp:attachment":[{"href":"https:\/\/mruizsvt.fr\/index.php\/wp-json\/wp\/v2\/media?parent=311"}],"curies":[{"name":"wp","href":"https:\/\/api.w.org\/{rel}","templated":true}]}}