{"id":302,"date":"2024-10-14T09:00:57","date_gmt":"2024-10-14T07:00:57","guid":{"rendered":"https:\/\/mruizsvt.fr\/?page_id=302"},"modified":"2024-10-14T09:12:23","modified_gmt":"2024-10-14T07:12:23","slug":"1-2-nos-besoins-energetique","status":"publish","type":"page","link":"https:\/\/mruizsvt.fr\/index.php\/6-eme\/lalimentation\/1-2-nos-besoins-energetique\/","title":{"rendered":"1.2 Nos besoins \u00e9nerg\u00e9tiques"},"content":{"rendered":"\n<p class=\"has-accent-4-color has-text-color has-link-color wp-elements-f41392965d07caebc8e5606075a835ef\">Quels sont nos besoins \u00e9nerg\u00e9tique ?<\/p>\n\n\n\n<blockquote class=\"wp-block-quote is-layout-flow wp-block-quote-is-layout-flow\">\n<p class=\"has-text-align-center\"><strong>Exercice<\/strong><\/p>\n\n\n\n<p class=\"has-text-align-center\">Livre page 158 &#8211; 159<\/p>\n<\/blockquote>\n\n\n\n<blockquote class=\"wp-block-quote is-layout-flow wp-block-quote-is-layout-flow\">\n<p class=\"has-text-align-center\">Correction<\/p>\n<\/blockquote>\n\n\n\n<p>1. Les aliments apportent de l\u2019\u00e9nergie sous forme chimique, exemple les sucres sont des mol\u00e9cules chimiques qui permettent de fournir de l\u2019\u00e9nergie au corps.<br><br>Les prot\u00e9ines sont indispensables a la construction du corps, elle donne donc de la mati\u00e8re.<br><\/p>\n\n\n\n<p><\/p>\n\n\n\n<p>2. Le petit d\u00e9jeuner 2 contient plus de sucre que le 1 or les sucres en exc\u00e8s sont dangereux pour la sant\u00e9 de plus le premier apporte plus de prot\u00e9ines essentielles a la construction du corps. Le petit d\u00e9jeuner 1 est donc meilleur pour la sant\u00e9.<\/p>\n\n\n\n<ol class=\"wp-block-list\"><\/ol>\n\n\n\n<p><\/p>\n\n\n\n<p>3. Une femme de 40 ans a besoin de 8400Kj\/j alors qu\u2019une femme de 19 ans \u00e0 besoin de 9800Kj\/j, les besoins changent donc avec l\u2019\u00e2ge.<br><br>Une adolescente s\u00e9dentaire a besoin de 9800Kj\/j alors qu\u2019une adolescente qui fait 1h de sport par jour a besoin de 10800Kj\/j. Donc plus vous faites d\u2019activit\u00e9 physique plus vous avez\u00a0 de besoin \u00e9nerg\u00e9tique.<br><br>Je pense que la croissance n\u00e9cessite plus d\u2019\u00e9nergie<\/p>\n\n\n\n<ol class=\"wp-block-list\"><\/ol>\n\n\n\n<p><\/p>\n\n\n\n<p><\/p>\n\n\n\n<blockquote class=\"wp-block-quote is-layout-flow wp-block-quote-is-layout-flow\">\n<p class=\"has-text-align-center\">Bilan<\/p>\n<\/blockquote>\n\n\n\n<p class=\"has-accent-3-color has-text-color has-link-color wp-elements-bea0350c5e696477ce596ec41004c8dd\">On a des besoins alimentaires diff\u00e9rents en fonction de :<br>&#8211; De l\u2019\u00e2ge<br>&#8211; Du sexe (homme\/femme)<br>&#8211; De l&rsquo;activit\u00e9 physique<\/p>\n","protected":false},"excerpt":{"rendered":"<p>Quels sont nos besoins \u00e9nerg\u00e9tique ? Exercice Livre page 158 &#8211; 159 Correction 1. Les aliments apportent de l\u2019\u00e9nergie sous forme chimique, exemple les sucres sont des mol\u00e9cules chimiques qui permettent de fournir de l\u2019\u00e9nergie au corps. Les prot\u00e9ines sont indispensables a la construction du corps, elle donne donc de la mati\u00e8re. 2. Le petit [&hellip;]<\/p>\n","protected":false},"author":1,"featured_media":0,"parent":286,"menu_order":0,"comment_status":"closed","ping_status":"closed","template":"","meta":{"footnotes":""},"class_list":["post-302","page","type-page","status-publish","hentry"],"_links":{"self":[{"href":"https:\/\/mruizsvt.fr\/index.php\/wp-json\/wp\/v2\/pages\/302","targetHints":{"allow":["GET"]}}],"collection":[{"href":"https:\/\/mruizsvt.fr\/index.php\/wp-json\/wp\/v2\/pages"}],"about":[{"href":"https:\/\/mruizsvt.fr\/index.php\/wp-json\/wp\/v2\/types\/page"}],"author":[{"embeddable":true,"href":"https:\/\/mruizsvt.fr\/index.php\/wp-json\/wp\/v2\/users\/1"}],"replies":[{"embeddable":true,"href":"https:\/\/mruizsvt.fr\/index.php\/wp-json\/wp\/v2\/comments?post=302"}],"version-history":[{"count":5,"href":"https:\/\/mruizsvt.fr\/index.php\/wp-json\/wp\/v2\/pages\/302\/revisions"}],"predecessor-version":[{"id":309,"href":"https:\/\/mruizsvt.fr\/index.php\/wp-json\/wp\/v2\/pages\/302\/revisions\/309"}],"up":[{"embeddable":true,"href":"https:\/\/mruizsvt.fr\/index.php\/wp-json\/wp\/v2\/pages\/286"}],"wp:attachment":[{"href":"https:\/\/mruizsvt.fr\/index.php\/wp-json\/wp\/v2\/media?parent=302"}],"curies":[{"name":"wp","href":"https:\/\/api.w.org\/{rel}","templated":true}]}}