{"id":289,"date":"2024-10-07T10:55:16","date_gmt":"2024-10-07T08:55:16","guid":{"rendered":"https:\/\/mruizsvt.fr\/?page_id=289"},"modified":"2024-10-07T10:55:35","modified_gmt":"2024-10-07T08:55:35","slug":"1-1-nos-aliments","status":"publish","type":"page","link":"https:\/\/mruizsvt.fr\/index.php\/6-eme\/lalimentation\/1-1-nos-aliments\/","title":{"rendered":"1.1 Nos aliments"},"content":{"rendered":"\n<p class=\"has-accent-4-color has-text-color has-link-color wp-elements-a555f162f3c0101c423f801b06ff8c80\">De quoi sont compos\u00e9s nos aliments&nbsp;?<\/p>\n\n\n\n<blockquote class=\"wp-block-quote is-layout-flow wp-block-quote-is-layout-flow\">\n<p class=\"has-text-align-center\"><strong>Exercice classe<\/strong><\/p>\n\n\n\n<div data-wp-interactive=\"core\/file\" class=\"wp-block-file\"><object data-wp-bind--hidden=\"!state.hasPdfPreview\" hidden class=\"wp-block-file__embed\" data=\"https:\/\/mruizsvt.fr\/wp-content\/uploads\/2024\/10\/Activite-1.pdf\" type=\"application\/pdf\" style=\"width:100%;height:600px\" aria-label=\"Contenu embarqu\u00e9 Activit\u00e9 1.\"><\/object><a id=\"wp-block-file--media-70bc2179-8ef9-4589-9a54-9d17186fe8c4\" href=\"https:\/\/mruizsvt.fr\/wp-content\/uploads\/2024\/10\/Activite-1.pdf\">Activit\u00e9 1<\/a><a href=\"https:\/\/mruizsvt.fr\/wp-content\/uploads\/2024\/10\/Activite-1.pdf\" class=\"wp-block-file__button wp-element-button\" download aria-describedby=\"wp-block-file--media-70bc2179-8ef9-4589-9a54-9d17186fe8c4\">T\u00e9l\u00e9charger<\/a><\/div>\n<\/blockquote>\n\n\n\n<blockquote class=\"wp-block-quote is-layout-flow wp-block-quote-is-layout-flow\">\n<p class=\"has-text-align-center\">Correction<\/p>\n<\/blockquote>\n\n\n\n<p>Q1) Complete le tableau \u00e0 l&rsquo;aide des etiquettes d&rsquo;aliments<\/p>\n\n\n\n<figure class=\"wp-block-table\"><table class=\"has-fixed-layout\"><tbody><tr><td>Aliments<\/td><td>Energie* (en KJ)<\/td><td>Mati\u00e8res grasses ou lipides (en g)<\/td><td>Glucides (en g)<\/td><td>Prot\u00e9ines (en g)<\/td><td>Sel <strong>ou<\/strong> <strong>sodium<\/strong> (en g)<\/td><td>Calcium (en mg)<\/td><\/tr><tr><td>Burger &nbsp;<\/td><td><strong>1204 Kj<\/strong><\/td><td>14g<\/td><td>25g<\/td><td>14g<\/td><td>0.98g<\/td><td>0<\/td><\/tr><tr><td>Gateau allege &nbsp;<\/td><td>999 kj<\/td><td>4.8<\/td><td>22.6<\/td><td>1.8<\/td><td>0.08<\/td><td>0<\/td><\/tr><tr><td>&nbsp; Yaourt nature<\/td><td>195<\/td><td>1.0<\/td><td>5.3<\/td><td>4.0<\/td><td>0.15<\/td><td>142<\/td><\/tr><tr><td>Biscuit &nbsp;<\/td><td><strong>1961<\/strong><\/td><td>17.5<\/td><td>68.6<\/td><td>6.7<\/td><td>0.21<\/td><td>0<\/td><\/tr><tr><td>&nbsp; Eau<br><br><\/td><td>0<\/td><td>0<\/td><td>0<\/td><td>0<\/td><td>0<\/td><td>0<\/td><\/tr><\/tbody><\/table><\/figure>\n\n\n\n<p>Q2) D\u2019apr\u00e8s ce tableau, quels sont les deux aliments l<strong>es plus \u00e9nerg\u00e9tiques <\/strong>?<\/p>\n\n\n\n<p class=\"has-accent-4-color has-text-color has-link-color wp-elements-fef1c409c35be16848c4f4325c13234d\">Les deux aliments les plus \u00e9nerg\u00e9tiques sont le burger et le biscuit<\/p>\n\n\n\n<p>Q3) Rec<strong>opie et Compl\u00e8te <\/strong>la phrase suivante avec les mots propos\u00e9s : lipides, \u00e9nergie, aliments, fonctionnement.<\/p>\n\n\n\n<p class=\"has-accent-4-color has-text-color has-link-color wp-elements-57fd8085aac3cd5da98fb9ad8b1eed69\">Les aliments sont une source d\u2019\u00e9nergie et de mati\u00e8re pour le corps. Ils permettent la construction et le fonctionnement de notre corps. La mati\u00e8re est apport\u00e9e par les aliments principalement sous forme de glucides, de lipides et de prot\u00e9ines.<\/p>\n\n\n\n<p>4) <strong>D\u00e9crit<\/strong> comment \u00e9volue les apports et d\u00e9penses \u00e9nerg\u00e9tiques au cours d\u2019une journ\u00e9e&nbsp;?<\/p>\n\n\n\n<p class=\"has-accent-4-color has-text-color has-link-color wp-elements-f332fdf3812d142f2ec1fed3f94265e6\">Nous avons des besoins \u00e9nerg\u00e9tiques tout au long de la journ\u00e9e, ces besoins varient au cours de la journ\u00e9e. Pour pallier \u00e0 ses besoins nous devons apporter de l\u2019\u00e9nergie par les repas.<br><\/p>\n\n\n\n<blockquote class=\"wp-block-quote is-layout-flow wp-block-quote-is-layout-flow\">\n<p class=\"has-text-align-center\">Bilan<\/p>\n<\/blockquote>\n\n\n\n<p class=\"has-accent-3-color has-text-color has-link-color wp-elements-2124b1d9db78181405bfae604307b0db\">Voir Question 3<strong><br><\/strong><\/p>\n","protected":false},"excerpt":{"rendered":"<p>De quoi sont compos\u00e9s nos aliments&nbsp;? Correction Q1) Complete le tableau \u00e0 l&rsquo;aide des etiquettes d&rsquo;aliments Aliments Energie* (en KJ) Mati\u00e8res grasses ou lipides (en g) Glucides (en g) Prot\u00e9ines (en g) Sel ou sodium (en g) Calcium (en mg) Burger &nbsp; 1204 Kj 14g 25g 14g 0.98g 0 Gateau allege &nbsp; 999 kj 4.8 [&hellip;]<\/p>\n","protected":false},"author":1,"featured_media":0,"parent":286,"menu_order":0,"comment_status":"closed","ping_status":"closed","template":"","meta":{"footnotes":""},"class_list":["post-289","page","type-page","status-publish","hentry"],"_links":{"self":[{"href":"https:\/\/mruizsvt.fr\/index.php\/wp-json\/wp\/v2\/pages\/289","targetHints":{"allow":["GET"]}}],"collection":[{"href":"https:\/\/mruizsvt.fr\/index.php\/wp-json\/wp\/v2\/pages"}],"about":[{"href":"https:\/\/mruizsvt.fr\/index.php\/wp-json\/wp\/v2\/types\/page"}],"author":[{"embeddable":true,"href":"https:\/\/mruizsvt.fr\/index.php\/wp-json\/wp\/v2\/users\/1"}],"replies":[{"embeddable":true,"href":"https:\/\/mruizsvt.fr\/index.php\/wp-json\/wp\/v2\/comments?post=289"}],"version-history":[{"count":1,"href":"https:\/\/mruizsvt.fr\/index.php\/wp-json\/wp\/v2\/pages\/289\/revisions"}],"predecessor-version":[{"id":291,"href":"https:\/\/mruizsvt.fr\/index.php\/wp-json\/wp\/v2\/pages\/289\/revisions\/291"}],"up":[{"embeddable":true,"href":"https:\/\/mruizsvt.fr\/index.php\/wp-json\/wp\/v2\/pages\/286"}],"wp:attachment":[{"href":"https:\/\/mruizsvt.fr\/index.php\/wp-json\/wp\/v2\/media?parent=289"}],"curies":[{"name":"wp","href":"https:\/\/api.w.org\/{rel}","templated":true}]}}