{"id":274,"date":"2024-09-25T09:16:43","date_gmt":"2024-09-25T07:16:43","guid":{"rendered":"https:\/\/mruizsvt.fr\/?page_id=274"},"modified":"2024-10-07T10:02:31","modified_gmt":"2024-10-07T08:02:31","slug":"1-6-exercice-dapplication-saisons-et-temps-de-jour","status":"publish","type":"page","link":"https:\/\/mruizsvt.fr\/index.php\/6-eme\/chapitre-1-le-systeme-solaire\/1-6-exercice-dapplication-saisons-et-temps-de-jour\/","title":{"rendered":"1.7 Les decouvertes scientifiques de la Terre et du Systeme solaire au cours du temps"},"content":{"rendered":"\n<blockquote class=\"wp-block-quote is-layout-flow wp-block-quote-is-layout-flow\">\n<p class=\"has-text-align-center\"><strong>Exercice classe<\/strong><\/p>\n\n\n\n<p>Activit\u00e9 du livre P302<\/p>\n<\/blockquote>\n\n\n\n<p><\/p>\n\n\n\n<blockquote class=\"wp-block-quote is-layout-flow wp-block-quote-is-layout-flow\">\n<p class=\"has-text-align-center\">Correction&nbsp;<\/p>\n<\/blockquote>\n\n\n\n<p>1.&nbsp;&nbsp;&nbsp;&nbsp;&nbsp; L\u2019id\u00e9e d\u2019une Terre sph\u00e9rique a \u00e9t\u00e9 donn\u00e9e au 5eme si\u00e8cle avant JC.<\/p>\n\n\n\n<p>2.&nbsp;&nbsp;&nbsp;&nbsp;&nbsp; Ptol\u00e9m\u00e9e pensait que la Terre \u00e9tait au centre du syst\u00e8me, c\u2019est le mod\u00e8le g\u00e9ocentrique.<\/p>\n\n\n\n<p>3.&nbsp;&nbsp;&nbsp;&nbsp;&nbsp; Au 16eme si\u00e8cle il a \u00e9t\u00e9 prouv\u00e9 que le syst\u00e8me \u00e9tait un syst\u00e8me h\u00e9liocentrique avec le soleil au centre.<\/p>\n\n\n\n<p>4.&nbsp;&nbsp;&nbsp;&nbsp;&nbsp; On fait plus de d\u00e9couvertes aujourd\u2019hui car la technologie est plus \u00e9volu\u00e9e (satellite, voyage dans l\u2019espace, sonde,\u2026)<\/p>\n\n\n\n<blockquote class=\"wp-block-quote is-layout-flow wp-block-quote-is-layout-flow\">\n<p class=\"has-text-align-center\">Bilan<\/p>\n<\/blockquote>\n\n\n\n<p class=\"has-accent-3-color has-text-color has-link-color wp-elements-67d9aa593f1edd5c3b5acc8be18ea4eb\">Bilan\u00a0: Les avanc\u00e9es technologiques ont permis de faire \u00e9voluer nos repr\u00e9sentations permettant de mieux connaitre notre place dans l\u2019espace et ainsi de mettre en \u00e9vidence que nous vivons dans un syst\u00e8me H\u00e9liocentrique (soleil au centre) et que la terre est sph\u00e9rique<\/p>\n","protected":false},"excerpt":{"rendered":"<p>Exercice classe Activit\u00e9 du livre P302 Correction&nbsp; 1.&nbsp;&nbsp;&nbsp;&nbsp;&nbsp; L\u2019id\u00e9e d\u2019une Terre sph\u00e9rique a \u00e9t\u00e9 donn\u00e9e au 5eme si\u00e8cle avant JC. 2.&nbsp;&nbsp;&nbsp;&nbsp;&nbsp; Ptol\u00e9m\u00e9e pensait que la Terre \u00e9tait au centre du syst\u00e8me, c\u2019est le mod\u00e8le g\u00e9ocentrique. 3.&nbsp;&nbsp;&nbsp;&nbsp;&nbsp; Au 16eme si\u00e8cle il a \u00e9t\u00e9 prouv\u00e9 que le syst\u00e8me \u00e9tait un syst\u00e8me h\u00e9liocentrique avec le soleil au centre. [&hellip;]<\/p>\n","protected":false},"author":1,"featured_media":0,"parent":194,"menu_order":0,"comment_status":"closed","ping_status":"closed","template":"","meta":{"footnotes":""},"class_list":["post-274","page","type-page","status-publish","hentry"],"_links":{"self":[{"href":"https:\/\/mruizsvt.fr\/index.php\/wp-json\/wp\/v2\/pages\/274","targetHints":{"allow":["GET"]}}],"collection":[{"href":"https:\/\/mruizsvt.fr\/index.php\/wp-json\/wp\/v2\/pages"}],"about":[{"href":"https:\/\/mruizsvt.fr\/index.php\/wp-json\/wp\/v2\/types\/page"}],"author":[{"embeddable":true,"href":"https:\/\/mruizsvt.fr\/index.php\/wp-json\/wp\/v2\/users\/1"}],"replies":[{"embeddable":true,"href":"https:\/\/mruizsvt.fr\/index.php\/wp-json\/wp\/v2\/comments?post=274"}],"version-history":[{"count":2,"href":"https:\/\/mruizsvt.fr\/index.php\/wp-json\/wp\/v2\/pages\/274\/revisions"}],"predecessor-version":[{"id":285,"href":"https:\/\/mruizsvt.fr\/index.php\/wp-json\/wp\/v2\/pages\/274\/revisions\/285"}],"up":[{"embeddable":true,"href":"https:\/\/mruizsvt.fr\/index.php\/wp-json\/wp\/v2\/pages\/194"}],"wp:attachment":[{"href":"https:\/\/mruizsvt.fr\/index.php\/wp-json\/wp\/v2\/media?parent=274"}],"curies":[{"name":"wp","href":"https:\/\/api.w.org\/{rel}","templated":true}]}}