{"id":270,"date":"2024-09-24T15:47:30","date_gmt":"2024-09-24T13:47:30","guid":{"rendered":"https:\/\/mruizsvt.fr\/?page_id=270"},"modified":"2024-09-24T16:08:46","modified_gmt":"2024-09-24T14:08:46","slug":"1-5-les-saisons","status":"publish","type":"page","link":"https:\/\/mruizsvt.fr\/index.php\/6-eme\/chapitre-1-le-systeme-solaire\/1-5-les-saisons\/","title":{"rendered":"1.5 Les saisons"},"content":{"rendered":"\n<blockquote class=\"wp-block-quote is-layout-flow wp-block-quote-is-layout-flow\">\n<p class=\"has-text-align-center\"><strong>Exercice classe<\/strong><\/p>\n\n\n\n<div data-wp-interactive=\"core\/file\" class=\"wp-block-file\"><object data-wp-bind--hidden=\"!state.hasPdfPreview\" hidden class=\"wp-block-file__embed\" data=\"https:\/\/mruizsvt.fr\/wp-content\/uploads\/2024\/09\/Activite-5-Saison-1.pdf\" type=\"application\/pdf\" style=\"width:100%;height:600px\" aria-label=\"Contenu embarqu\u00e9 Activit\u00e9 5 - Saison.\"><\/object><a id=\"wp-block-file--media-5b959c5a-af85-4e57-86a9-807584dee272\" href=\"https:\/\/mruizsvt.fr\/wp-content\/uploads\/2024\/09\/Activite-5-Saison-1.pdf\">Activit\u00e9 5 &#8211; Saison<\/a><a href=\"https:\/\/mruizsvt.fr\/wp-content\/uploads\/2024\/09\/Activite-5-Saison-1.pdf\" class=\"wp-block-file__button wp-element-button\" download aria-describedby=\"wp-block-file--media-5b959c5a-af85-4e57-86a9-807584dee272\">T\u00e9l\u00e9charger<\/a><\/div>\n<\/blockquote>\n\n\n\n<blockquote class=\"wp-block-quote is-layout-flow wp-block-quote-is-layout-flow\">\n<p class=\"has-text-align-center\">Correction<\/p>\n<\/blockquote>\n\n\n\n<p>Q1) Donner les dates correspondant aux positions 1, 2, 3 et 4 de la Terre au cours de l\u2019ann\u00e9e en \u00e9crivant les mois en toutes lettres.<\/p>\n\n\n\n<p>22 d\u00e9cembre<br>21 mars<br>21 juin<br>23 septembre<\/p>\n\n\n\n<p><\/p>\n\n\n\n<p>Q2) Expliquer dans quelle position (1, 2, 3 ou 4) est la Terre le jour de la f\u00eate de la musique.<\/p>\n\n\n\n<p>La Terre est dans la position 3 le jour de la f\u00eate de la musique<\/p>\n\n\n\n<p><\/p>\n\n\n\n<p>Q3) Rappeler dans quel h\u00e9misph\u00e8re se trouvent respectivement New York et Santiago du Chili.<\/p>\n\n\n\n<p>New York : H\u00e9misph\u00e8re Nord<br>Santiago du chili\u00a0: H\u00e9misph\u00e8re sud<\/p>\n\n\n\n<p><\/p>\n\n\n\n<p>Q6) Quel est l\u2019h\u00e9misph\u00e8re le plus ensoleill\u00e9 le 22 d\u00e9cembre&nbsp;et le 21 juin&nbsp;?<\/p>\n\n\n\n<p>L\u2019h\u00e9misph\u00e8re le plus ensoleill\u00e9 est l\u2019h\u00e9misph\u00e8re sud le 22 d\u00e9cembre alors que c\u2019est le nord le 21 juin<\/p>\n\n\n\n<p><\/p>\n\n\n\n<p>Q7) Le jour de la f\u00eate de la musique, la nuit est-elle plus longue que le jour \u00e0 New York&nbsp;? Justifier.<\/p>\n\n\n\n<p>La nuit est plus courte que le jour \u00e0 New York le 21 juin en effet l\u2019H\u00e9misph\u00e8re nord est plus ensoleill\u00e9<\/p>\n\n\n\n<p>L\u2019axe de la Terre \u00e9tant inclin\u00e9 par rapport \u00e0 celui du soleil, au mois de juin l\u2019h\u00e9misph\u00e8re nord est plus \u00e9clair\u00e9, les journ\u00e9es y sont plus longues alors que dans l\u2019h\u00e9misph\u00e8re sud.<\/p>\n\n\n\n<p><\/p>\n\n\n\n<p>Q8) Comment peux-tu expliquer les diff\u00e9rentes saisons&nbsp;?<\/p>\n\n\n\n<p>L\u2019axe d\u2019inclinaison de la Terre par rapport au soleil entraine les diff\u00e9rentes saisons. Lorsque l\u2019h\u00e9misph\u00e8re Nord est plus ensoleill\u00e9 c\u2019est l\u2019\u00e9t\u00e9 \u00e0 l\u2019inverse lorsqu\u2019il est moins ensoleill\u00e9 c\u2019est l\u2019hiver.<\/p>\n\n\n\n<p><\/p>\n\n\n\n<blockquote class=\"wp-block-quote is-layout-flow wp-block-quote-is-layout-flow\">\n<p class=\"has-text-align-center\">Bilan<\/p>\n<\/blockquote>\n\n\n\n<p class=\"has-accent-3-color has-text-color has-link-color wp-elements-13935891ab69992f9d80cc4526499f0b\">L\u2019inclinaison de l\u2019axe de rotation de la Terre par rapport au soleil explique l\u2019alternance des saisons. Lorsqu\u2019un h\u00e9misph\u00e8re re\u00e7oit davantage de rayons du soleil, il y fait plus chaud.<\/p>\n\n\n\n<p class=\"has-accent-3-color has-text-color has-link-color wp-elements-486e9af65c63c8deac64244e6d0d0f40\">Les saisons dans l\u2019h\u00e9misph\u00e8re Sud sont invers\u00e9es par rapport aux saisons dans l\u2019h\u00e9misph\u00e8re Nord.<strong><br><\/strong><\/p>\n","protected":false},"excerpt":{"rendered":"<p>Correction Q1) Donner les dates correspondant aux positions 1, 2, 3 et 4 de la Terre au cours de l\u2019ann\u00e9e en \u00e9crivant les mois en toutes lettres. 22 d\u00e9cembre21 mars21 juin23 septembre Q2) Expliquer dans quelle position (1, 2, 3 ou 4) est la Terre le jour de la f\u00eate de la musique. La Terre [&hellip;]<\/p>\n","protected":false},"author":1,"featured_media":0,"parent":194,"menu_order":0,"comment_status":"closed","ping_status":"closed","template":"","meta":{"footnotes":""},"class_list":["post-270","page","type-page","status-publish","hentry"],"_links":{"self":[{"href":"https:\/\/mruizsvt.fr\/index.php\/wp-json\/wp\/v2\/pages\/270","targetHints":{"allow":["GET"]}}],"collection":[{"href":"https:\/\/mruizsvt.fr\/index.php\/wp-json\/wp\/v2\/pages"}],"about":[{"href":"https:\/\/mruizsvt.fr\/index.php\/wp-json\/wp\/v2\/types\/page"}],"author":[{"embeddable":true,"href":"https:\/\/mruizsvt.fr\/index.php\/wp-json\/wp\/v2\/users\/1"}],"replies":[{"embeddable":true,"href":"https:\/\/mruizsvt.fr\/index.php\/wp-json\/wp\/v2\/comments?post=270"}],"version-history":[{"count":1,"href":"https:\/\/mruizsvt.fr\/index.php\/wp-json\/wp\/v2\/pages\/270\/revisions"}],"predecessor-version":[{"id":273,"href":"https:\/\/mruizsvt.fr\/index.php\/wp-json\/wp\/v2\/pages\/270\/revisions\/273"}],"up":[{"embeddable":true,"href":"https:\/\/mruizsvt.fr\/index.php\/wp-json\/wp\/v2\/pages\/194"}],"wp:attachment":[{"href":"https:\/\/mruizsvt.fr\/index.php\/wp-json\/wp\/v2\/media?parent=270"}],"curies":[{"name":"wp","href":"https:\/\/api.w.org\/{rel}","templated":true}]}}