{"id":252,"date":"2024-09-20T14:54:46","date_gmt":"2024-09-20T12:54:46","guid":{"rendered":"https:\/\/mruizsvt.fr\/?page_id=252"},"modified":"2026-02-10T10:14:56","modified_gmt":"2026-02-10T09:14:56","slug":"1-3-la-douleur-et-le-sport","status":"publish","type":"page","link":"https:\/\/mruizsvt.fr\/index.php\/4-eme\/chapitre-1-le-sport-et-le-systeme-nerveux\/1-3-la-douleur-et-le-sport\/","title":{"rendered":"1.3 La douleur et le sport"},"content":{"rendered":"\n<blockquote class=\"wp-block-quote is-layout-flow wp-block-quote-is-layout-flow\">\n<p class=\"has-text-align-center\"><strong>Exercice classe<\/strong><\/p>\n\n\n\n<div data-wp-interactive=\"core\/file\" class=\"wp-block-file\"><object data-wp-bind--hidden=\"!state.hasPdfPreview\" hidden class=\"wp-block-file__embed\" data=\"https:\/\/mruizsvt.fr\/wp-content\/uploads\/2024\/09\/act-2-douleur-1.pdf\" type=\"application\/pdf\" style=\"width:100%;height:600px\" aria-label=\"Contenu embarqu\u00e9 act 2 douleur.\"><\/object><a id=\"wp-block-file--media-e02a17d2-1faa-4fb3-bd41-94dc844f7426\" href=\"https:\/\/mruizsvt.fr\/wp-content\/uploads\/2024\/09\/act-2-douleur-1.pdf\">act 2 douleur<\/a><a href=\"https:\/\/mruizsvt.fr\/wp-content\/uploads\/2024\/09\/act-2-douleur-1.pdf\" class=\"wp-block-file__button wp-element-button\" download aria-describedby=\"wp-block-file--media-e02a17d2-1faa-4fb3-bd41-94dc844f7426\">T\u00e9l\u00e9charger<\/a><\/div>\n<\/blockquote>\n\n\n\n<blockquote class=\"wp-block-quote is-layout-flow wp-block-quote-is-layout-flow\">\n<p class=\"has-text-align-center\">Correction<\/p>\n<\/blockquote>\n\n\n\n<ol class=\"wp-block-list\">\n<li><\/li>\n<\/ol>\n\n\n\n<p>1.<\/p>\n\n\n\n<figure class=\"wp-block-image size-full\"><img loading=\"lazy\" decoding=\"async\" width=\"700\" height=\"898\" src=\"https:\/\/mruizsvt.fr\/wp-content\/uploads\/2026\/02\/Capture-decran-2026-02-10-101351.png\" alt=\"\" class=\"wp-image-581\" srcset=\"https:\/\/mruizsvt.fr\/wp-content\/uploads\/2026\/02\/Capture-decran-2026-02-10-101351.png 700w, https:\/\/mruizsvt.fr\/wp-content\/uploads\/2026\/02\/Capture-decran-2026-02-10-101351-234x300.png 234w\" sizes=\"auto, (max-width: 700px) 100vw, 700px\" \/><\/figure>\n\n\n\n<blockquote class=\"wp-block-quote is-layout-flow wp-block-quote-is-layout-flow\">\n<p class=\"has-text-align-center\">Bilan<\/p>\n<\/blockquote>\n\n\n\n<p class=\"has-accent-3-color has-text-color has-link-color wp-elements-ec8e339b6c54ee0196e8c98493a8ae7a\">La douleur permet d\u2019alerter le corps d\u2019un dysfonctionnement. Ainsi en s\u2019arr\u00eatant \u00e0 temps, une blessure peut \u00eatre \u00e9vit\u00e9e ou limit\u00e9e. La douleur permet aussi \u00e0 un sportif de repousser ses limites et donc de progresser.<\/p>\n\n\n\n<p class=\"has-accent-3-color has-text-color has-link-color wp-elements-227e08a45352a51e159b3c0f3ef820e7\"><strong><br><\/strong><\/p>\n","protected":false},"excerpt":{"rendered":"<p>Correction 1. Bilan La douleur permet d\u2019alerter le corps d\u2019un dysfonctionnement. Ainsi en s\u2019arr\u00eatant \u00e0 temps, une blessure peut \u00eatre \u00e9vit\u00e9e ou limit\u00e9e. La douleur permet aussi \u00e0 un sportif de repousser ses limites et donc de progresser.<\/p>\n","protected":false},"author":1,"featured_media":0,"parent":140,"menu_order":0,"comment_status":"closed","ping_status":"closed","template":"","meta":{"footnotes":""},"class_list":["post-252","page","type-page","status-publish","hentry"],"_links":{"self":[{"href":"https:\/\/mruizsvt.fr\/index.php\/wp-json\/wp\/v2\/pages\/252","targetHints":{"allow":["GET"]}}],"collection":[{"href":"https:\/\/mruizsvt.fr\/index.php\/wp-json\/wp\/v2\/pages"}],"about":[{"href":"https:\/\/mruizsvt.fr\/index.php\/wp-json\/wp\/v2\/types\/page"}],"author":[{"embeddable":true,"href":"https:\/\/mruizsvt.fr\/index.php\/wp-json\/wp\/v2\/users\/1"}],"replies":[{"embeddable":true,"href":"https:\/\/mruizsvt.fr\/index.php\/wp-json\/wp\/v2\/comments?post=252"}],"version-history":[{"count":2,"href":"https:\/\/mruizsvt.fr\/index.php\/wp-json\/wp\/v2\/pages\/252\/revisions"}],"predecessor-version":[{"id":582,"href":"https:\/\/mruizsvt.fr\/index.php\/wp-json\/wp\/v2\/pages\/252\/revisions\/582"}],"up":[{"embeddable":true,"href":"https:\/\/mruizsvt.fr\/index.php\/wp-json\/wp\/v2\/pages\/140"}],"wp:attachment":[{"href":"https:\/\/mruizsvt.fr\/index.php\/wp-json\/wp\/v2\/media?parent=252"}],"curies":[{"name":"wp","href":"https:\/\/api.w.org\/{rel}","templated":true}]}}