{"id":248,"date":"2024-09-20T14:50:42","date_gmt":"2024-09-20T12:50:42","guid":{"rendered":"https:\/\/mruizsvt.fr\/?page_id=248"},"modified":"2024-09-20T14:51:58","modified_gmt":"2024-09-20T12:51:58","slug":"1-3-le-fonctionnement-du-systeme-nerveux","status":"publish","type":"page","link":"https:\/\/mruizsvt.fr\/index.php\/4-eme\/chapitre-1-le-sport-et-le-systeme-nerveux\/1-3-le-fonctionnement-du-systeme-nerveux\/","title":{"rendered":"1.4 Le fonctionnement du systeme nerveux"},"content":{"rendered":"\n<blockquote class=\"wp-block-quote is-layout-flow wp-block-quote-is-layout-flow\">\n<p class=\"has-text-align-center\"><strong>Exercice classe<\/strong><\/p>\n\n\n\n<div data-wp-interactive=\"core\/file\" class=\"wp-block-file\"><object data-wp-bind--hidden=\"!state.hasPdfPreview\" hidden class=\"wp-block-file__embed\" data=\"https:\/\/mruizsvt.fr\/wp-content\/uploads\/2024\/09\/act-6-addiction-sport.pdf\" type=\"application\/pdf\" style=\"width:100%;height:600px\" aria-label=\"Contenu embarqu\u00e9 act 6 addiction sport.\"><\/object><a id=\"wp-block-file--media-df3c1fec-2781-418f-ba4d-cc238e14c1b3\" href=\"https:\/\/mruizsvt.fr\/wp-content\/uploads\/2024\/09\/act-6-addiction-sport.pdf\">act 6 addiction sport<\/a><a href=\"https:\/\/mruizsvt.fr\/wp-content\/uploads\/2024\/09\/act-6-addiction-sport.pdf\" class=\"wp-block-file__button wp-element-button\" download aria-describedby=\"wp-block-file--media-df3c1fec-2781-418f-ba4d-cc238e14c1b3\">T\u00e9l\u00e9charger<\/a><\/div>\n<\/blockquote>\n\n\n\n<blockquote class=\"wp-block-quote is-layout-flow wp-block-quote-is-layout-flow\">\n<p class=\"has-text-align-center\">Correction<\/p>\n<\/blockquote>\n\n\n\n<ol class=\"wp-block-list\">\n<li>Legendes :<br>Membrane<br>Cytoplasme<br>Noyau<br><br>Titre : Neurones<\/li>\n<\/ol>\n\n\n\n<p><\/p>\n\n\n\n<p>3. Neurotransmetteur : Mol\u00e9cule chimique lib\u00e9r\u00e9 par un neurone qui va activer un autre neurone<\/p>\n\n\n\n<p>4. Legendes :<br>Message chimique<br>Neurone 1<br>Neurotransmetteur<br>Message chimique<br>Neurone 2<\/p>\n\n\n\n<p>Titre : Synapse<\/p>\n\n\n\n<p>5. Les sportifs fabrique de la Dopamine lors d&rsquo;un effort physique, la dopamine est une hormone qui provoque du plaisir chez le sportif.<\/p>\n\n\n\n<p>6. L&rsquo;addiction au sport peut provoquer, blessures, depressions, &#8230;<\/p>\n\n\n\n<blockquote class=\"wp-block-quote is-layout-flow wp-block-quote-is-layout-flow\">\n<p class=\"has-text-align-center\">Bilan<\/p>\n<\/blockquote>\n\n\n\n<p class=\"has-accent-3-color has-text-color has-link-color wp-elements-5861e0fd56be9f19e6b98fc1313ae431\">Schema synapse = Bilan<\/p>\n\n\n\n<p class=\"has-accent-3-color has-text-color has-link-color wp-elements-227e08a45352a51e159b3c0f3ef820e7\"><strong><br><\/strong><\/p>\n","protected":false},"excerpt":{"rendered":"<p>Correction 3. Neurotransmetteur : Mol\u00e9cule chimique lib\u00e9r\u00e9 par un neurone qui va activer un autre neurone 4. Legendes :Message chimiqueNeurone 1NeurotransmetteurMessage chimiqueNeurone 2 Titre : Synapse 5. Les sportifs fabrique de la Dopamine lors d&rsquo;un effort physique, la dopamine est une hormone qui provoque du plaisir chez le sportif. 6. L&rsquo;addiction au sport peut provoquer, [&hellip;]<\/p>\n","protected":false},"author":1,"featured_media":0,"parent":140,"menu_order":0,"comment_status":"closed","ping_status":"closed","template":"","meta":{"footnotes":""},"class_list":["post-248","page","type-page","status-publish","hentry"],"_links":{"self":[{"href":"https:\/\/mruizsvt.fr\/index.php\/wp-json\/wp\/v2\/pages\/248","targetHints":{"allow":["GET"]}}],"collection":[{"href":"https:\/\/mruizsvt.fr\/index.php\/wp-json\/wp\/v2\/pages"}],"about":[{"href":"https:\/\/mruizsvt.fr\/index.php\/wp-json\/wp\/v2\/types\/page"}],"author":[{"embeddable":true,"href":"https:\/\/mruizsvt.fr\/index.php\/wp-json\/wp\/v2\/users\/1"}],"replies":[{"embeddable":true,"href":"https:\/\/mruizsvt.fr\/index.php\/wp-json\/wp\/v2\/comments?post=248"}],"version-history":[{"count":2,"href":"https:\/\/mruizsvt.fr\/index.php\/wp-json\/wp\/v2\/pages\/248\/revisions"}],"predecessor-version":[{"id":251,"href":"https:\/\/mruizsvt.fr\/index.php\/wp-json\/wp\/v2\/pages\/248\/revisions\/251"}],"up":[{"embeddable":true,"href":"https:\/\/mruizsvt.fr\/index.php\/wp-json\/wp\/v2\/pages\/140"}],"wp:attachment":[{"href":"https:\/\/mruizsvt.fr\/index.php\/wp-json\/wp\/v2\/media?parent=248"}],"curies":[{"name":"wp","href":"https:\/\/api.w.org\/{rel}","templated":true}]}}