{"id":239,"date":"2024-09-18T10:26:18","date_gmt":"2024-09-18T08:26:18","guid":{"rendered":"https:\/\/mruizsvt.fr\/?page_id=239"},"modified":"2024-09-18T10:28:02","modified_gmt":"2024-09-18T08:28:02","slug":"les-mouvements-de-la-terre-des-jours-et-des-nuits","status":"publish","type":"page","link":"https:\/\/mruizsvt.fr\/index.php\/6-eme\/chapitre-1-le-systeme-solaire\/les-mouvements-de-la-terre-des-jours-et-des-nuits\/","title":{"rendered":"1.4 Les mouvements de la Terre\u00a0:\u00a0 des jours et des nuits"},"content":{"rendered":"\n<p class=\"has-accent-4-color has-text-color has-link-color wp-elements-090b1eef46da3e45f089b88f1cd937ac\"><strong><br>Comment expliquer l\u2019alternance des jours et des nuits ?<\/strong><\/p>\n\n\n\n<blockquote class=\"wp-block-quote is-layout-flow wp-block-quote-is-layout-flow\">\n<p class=\"has-text-align-center\"><strong>Exercice classe<\/strong><\/p>\n\n\n\n<div data-wp-interactive=\"core\/file\" class=\"wp-block-file\"><object data-wp-bind--hidden=\"!state.hasPdfPreview\" hidden class=\"wp-block-file__embed\" data=\"https:\/\/mruizsvt.fr\/wp-content\/uploads\/2024\/09\/Jour-et-nuit.pdf\" type=\"application\/pdf\" style=\"width:100%;height:600px\" aria-label=\"Contenu embarqu\u00e9 Jour et nuit.\"><\/object><a id=\"wp-block-file--media-40d50645-f95d-4f63-a65c-8b2434f5f94f\" href=\"https:\/\/mruizsvt.fr\/wp-content\/uploads\/2024\/09\/Jour-et-nuit.pdf\">Jour et nuit<\/a><a href=\"https:\/\/mruizsvt.fr\/wp-content\/uploads\/2024\/09\/Jour-et-nuit.pdf\" class=\"wp-block-file__button wp-element-button\" download aria-describedby=\"wp-block-file--media-40d50645-f95d-4f63-a65c-8b2434f5f94f\">T\u00e9l\u00e9charger<\/a><\/div>\n<\/blockquote>\n\n\n\n<blockquote class=\"wp-block-quote is-layout-flow wp-block-quote-is-layout-flow\">\n<p class=\"has-text-align-center\">Correction&nbsp;<\/p>\n<\/blockquote>\n\n\n\n<p>1.\u00a0\u00a0\u00a0\u00a01.&nbsp;&nbsp;&nbsp;&nbsp;&nbsp; Galil\u00e9e d\u00e9crit le mouvement de rotation de la Terre (Terre qui tourne sur elle-m\u00eame)<\/p>\n\n\n\n<p>2.&nbsp;&nbsp;&nbsp;&nbsp;&nbsp; Le document repr\u00e9sente la position du Soleil dans le ciel pendant la journ\u00e9e.<\/p>\n\n\n\n<p>3.&nbsp;&nbsp;&nbsp;&nbsp;&nbsp; Le Soleil se d\u00e9place dans le ciel car la Terre tourne sur elle-m\u00eame<\/p>\n\n\n\n<p>4.&nbsp;&nbsp;&nbsp;&nbsp;&nbsp; L\u2019autre mouvement de la Terre est qu\u2019elle tourne autour du Soleil<\/p>\n\n\n\n<p>5.\u00a0\u00a0\u00a0\u00a0\u00a0 Pour expliquer ce mouvement Galil\u00e9e devrait faire tourner Andr\u00e9a autour de la table.<br><\/p>\n\n\n\n<blockquote class=\"wp-block-quote is-layout-flow wp-block-quote-is-layout-flow\">\n<p class=\"has-text-align-center\">Bilan<\/p>\n<\/blockquote>\n\n\n\n<p class=\"has-accent-3-color has-text-color has-link-color wp-elements-64bc9dc05d288a1e84165217061d4c77\">Bilan\u00a0:<\/p>\n\n\n\n<p class=\"has-accent-3-color has-text-color has-link-color wp-elements-bbf84b2b3f652c0b5a91fefca17b05e8\">La Terre tourne sur elle-m\u00eame en 24H c\u2019est la <strong>rotation.<\/strong><\/p>\n\n\n\n<p class=\"has-accent-3-color has-text-color has-link-color wp-elements-d8fcf84b2fd033cf7087a18ed84f889c\">La terre tourne autour du soleil en 365 jours c\u2019est la <strong>r\u00e9volution<\/strong>.<\/p>\n\n\n\n<p class=\"has-accent-3-color has-text-color has-link-color wp-elements-227e08a45352a51e159b3c0f3ef820e7\"><strong><br><\/strong><\/p>\n","protected":false},"excerpt":{"rendered":"<p>Comment expliquer l\u2019alternance des jours et des nuits ? Correction&nbsp; 1.\u00a0\u00a0\u00a0\u00a01.&nbsp;&nbsp;&nbsp;&nbsp;&nbsp; Galil\u00e9e d\u00e9crit le mouvement de rotation de la Terre (Terre qui tourne sur elle-m\u00eame) 2.&nbsp;&nbsp;&nbsp;&nbsp;&nbsp; Le document repr\u00e9sente la position du Soleil dans le ciel pendant la journ\u00e9e. 3.&nbsp;&nbsp;&nbsp;&nbsp;&nbsp; Le Soleil se d\u00e9place dans le ciel car la Terre tourne sur elle-m\u00eame 4.&nbsp;&nbsp;&nbsp;&nbsp;&nbsp; L\u2019autre [&hellip;]<\/p>\n","protected":false},"author":1,"featured_media":0,"parent":194,"menu_order":0,"comment_status":"closed","ping_status":"closed","template":"","meta":{"footnotes":""},"class_list":["post-239","page","type-page","status-publish","hentry"],"_links":{"self":[{"href":"https:\/\/mruizsvt.fr\/index.php\/wp-json\/wp\/v2\/pages\/239","targetHints":{"allow":["GET"]}}],"collection":[{"href":"https:\/\/mruizsvt.fr\/index.php\/wp-json\/wp\/v2\/pages"}],"about":[{"href":"https:\/\/mruizsvt.fr\/index.php\/wp-json\/wp\/v2\/types\/page"}],"author":[{"embeddable":true,"href":"https:\/\/mruizsvt.fr\/index.php\/wp-json\/wp\/v2\/users\/1"}],"replies":[{"embeddable":true,"href":"https:\/\/mruizsvt.fr\/index.php\/wp-json\/wp\/v2\/comments?post=239"}],"version-history":[{"count":2,"href":"https:\/\/mruizsvt.fr\/index.php\/wp-json\/wp\/v2\/pages\/239\/revisions"}],"predecessor-version":[{"id":242,"href":"https:\/\/mruizsvt.fr\/index.php\/wp-json\/wp\/v2\/pages\/239\/revisions\/242"}],"up":[{"embeddable":true,"href":"https:\/\/mruizsvt.fr\/index.php\/wp-json\/wp\/v2\/pages\/194"}],"wp:attachment":[{"href":"https:\/\/mruizsvt.fr\/index.php\/wp-json\/wp\/v2\/media?parent=239"}],"curies":[{"name":"wp","href":"https:\/\/api.w.org\/{rel}","templated":true}]}}