{"id":232,"date":"2024-09-17T15:38:17","date_gmt":"2024-09-17T13:38:17","guid":{"rendered":"https:\/\/mruizsvt.fr\/?page_id=232"},"modified":"2024-09-17T15:41:34","modified_gmt":"2024-09-17T13:41:34","slug":"3-eme","status":"publish","type":"page","link":"https:\/\/mruizsvt.fr\/index.php\/3-eme\/","title":{"rendered":"3 eme"},"content":{"rendered":"<ul class=\"wp-block-page-list\"><li class=\"wp-block-pages-list__item has-child\"><a class=\"wp-block-pages-list__item__link\" href=\"https:\/\/mruizsvt.fr\/index.php\/3-eme\/chapitre-1-immunologie\/\">Chapitre 1 : Immunologie<\/a><ul class=\"wp-block-navigation__submenu-container\"><li class=\"wp-block-pages-list__item \"><a class=\"wp-block-pages-list__item__link\" href=\"https:\/\/mruizsvt.fr\/index.php\/3-eme\/chapitre-1-immunologie\/1-1-quels-sont-les-micro-organismes-qui-nous-entourent\/\">1.1 Quels sont les micro-organismes qui nous entourent\u00a0?<\/a><\/li><li class=\"wp-block-pages-list__item \"><a class=\"wp-block-pages-list__item__link\" href=\"https:\/\/mruizsvt.fr\/index.php\/3-eme\/chapitre-1-immunologie\/1-2-comment-les-micro-organismes-penetrent-ils-dans-notre-corps\/\">1.2 Comment les micro-organismes penetrent-ils dans notre corps ?<\/a><\/li><li class=\"wp-block-pages-list__item \"><a class=\"wp-block-pages-list__item__link\" href=\"https:\/\/mruizsvt.fr\/index.php\/3-eme\/chapitre-1-immunologie\/1-3-que-se-passe-t-il-quand-les-micro-organismes-penetrent-ils-dans-le-corps\/\">1.3 Que se passe-t-il quand les micro-organismes penetrent-ils dans le corps ?<\/a><\/li><li class=\"wp-block-pages-list__item \"><a class=\"wp-block-pages-list__item__link\" href=\"https:\/\/mruizsvt.fr\/index.php\/3-eme\/chapitre-1-immunologie\/1-4-comment-eviter-la-contamination\/\">1.4 Comment eviter la contamination ?<\/a><\/li><li class=\"wp-block-pages-list__item \"><a class=\"wp-block-pages-list__item__link\" href=\"https:\/\/mruizsvt.fr\/index.php\/3-eme\/chapitre-1-immunologie\/2-1-le-systeme-immunitaire\/\">2.1 Le systeme immunitaire<\/a><\/li><li class=\"wp-block-pages-list__item \"><a class=\"wp-block-pages-list__item__link\" href=\"https:\/\/mruizsvt.fr\/index.php\/3-eme\/chapitre-1-immunologie\/2-2-comment-notre-corps-reagit-il-lors-dune-contamination\/\">2.2 Comment notre corps r\u00e9agit il lors d&rsquo;une contamination ?<\/a><\/li><li class=\"wp-block-pages-list__item \"><a class=\"wp-block-pages-list__item__link\" href=\"https:\/\/mruizsvt.fr\/index.php\/3-eme\/chapitre-1-immunologie\/2-3-que-se-passe-t-il-quand-les-phagocytes-narrivent-pas-a-eliminer-les-bacteries\/\">2.3 Que se passe-t-il quand les phagocytes n\u2019arrivent pas \u00e0 \u00e9liminer les bact\u00e9ries\u00a0?<\/a><\/li><li class=\"wp-block-pages-list__item \"><a class=\"wp-block-pages-list__item__link\" href=\"https:\/\/mruizsvt.fr\/index.php\/3-eme\/chapitre-1-immunologie\/2-4-la-vaccination-et-la-memoire-immunitaire\/\">2.4 La vaccination et la m\u00e9moire immunitaire<\/a><\/li><li class=\"wp-block-pages-list__item \"><a class=\"wp-block-pages-list__item__link\" href=\"https:\/\/mruizsvt.fr\/index.php\/3-eme\/chapitre-1-immunologie\/2-5-les-immunodeficiences\/\">2.5 Les immunod\u00e9ficiences<\/a><\/li><\/ul><\/li><li class=\"wp-block-pages-list__item has-child\"><a class=\"wp-block-pages-list__item__link\" href=\"https:\/\/mruizsvt.fr\/index.php\/3-eme\/chapitre-2-genetique\/\">Chapitre 2 : Les v\u00e9g\u00e9taux<\/a><ul class=\"wp-block-navigation__submenu-container\"><li class=\"wp-block-pages-list__item \"><a class=\"wp-block-pages-list__item__link\" href=\"https:\/\/mruizsvt.fr\/index.php\/3-eme\/chapitre-2-genetique\/1-1-comment-la-plante-produit-t-elle-et-stocke-t-elle-la-matiere-organique\/\">1.1 Comment la plante produit-t-elle et stocke-t-elle la mati\u00e8re organique\u00a0?<\/a><\/li><li class=\"wp-block-pages-list__item \"><a class=\"wp-block-pages-list__item__link\" href=\"https:\/\/mruizsvt.fr\/index.php\/3-eme\/chapitre-2-genetique\/1-2-comment-la-matiere-organique-produite-par-la-plante-est-elle-utilisee\/\">1.2 Comment la mati\u00e8re organique produite par la plante est elle utilis\u00e9e\u00a0?<\/a><\/li><li class=\"wp-block-pages-list__item \"><a class=\"wp-block-pages-list__item__link\" href=\"https:\/\/mruizsvt.fr\/index.php\/3-eme\/chapitre-2-genetique\/1-3-comment-la-plante-preleve-t-elle-ce-quelle-a-besoin\/\">1.3 Comment la plante pr\u00e9l\u00e8ve-t-elle ce qu\u2019elle a besoin\u00a0?<\/a><\/li><li class=\"wp-block-pages-list__item \"><a class=\"wp-block-pages-list__item__link\" href=\"https:\/\/mruizsvt.fr\/index.php\/3-eme\/chapitre-2-genetique\/1-4-comment-les-elements-nutritifs-sont-ils-transporte-dans-la-plante\/\">1.4 Comment les \u00e9l\u00e9ments nutritifs sont ils transport\u00e9 dans la plante\u00a0?<\/a><\/li><\/ul><\/li><li class=\"wp-block-pages-list__item has-child\"><a class=\"wp-block-pages-list__item__link\" href=\"https:\/\/mruizsvt.fr\/index.php\/3-eme\/chapitre-3-evolution-des-especes\/\">Chapitre 3 : \u00c9volution<\/a><ul class=\"wp-block-navigation__submenu-container\"><li class=\"wp-block-pages-list__item \"><a class=\"wp-block-pages-list__item__link\" href=\"https:\/\/mruizsvt.fr\/index.php\/3-eme\/chapitre-3-evolution-des-especes\/activite-1-fossiles-et-reconstitution-de-paysages-anciens\/\">1.1 Activit\u00e9 : Fossiles et reconstitution de paysages anciens<\/a><\/li><li class=\"wp-block-pages-list__item \"><a class=\"wp-block-pages-list__item__link\" href=\"https:\/\/mruizsvt.fr\/index.php\/3-eme\/chapitre-3-evolution-des-especes\/activite-2-etude-des-oceans-a-trois-periodes\/\">1.2 Activit\u00e9 : Etude des oc\u00e9ans \u00e0 trois p\u00e9riodes<\/a><\/li><li class=\"wp-block-pages-list__item \"><a class=\"wp-block-pages-list__item__link\" href=\"https:\/\/mruizsvt.fr\/index.php\/3-eme\/chapitre-3-evolution-des-especes\/activite-3-etudes-du-groupe-des-ammonites\/\">1.3 Activit\u00e9 : Etudes du groupe des Ammonites<\/a><\/li><li class=\"wp-block-pages-list__item \"><a class=\"wp-block-pages-list__item__link\" href=\"https:\/\/mruizsvt.fr\/index.php\/3-eme\/chapitre-3-evolution-des-especes\/activite-4-la-biodiversite-au-cours-du-temps\/\">1.4 Activit\u00e9 : La biodiversit\u00e9 au cours du temps<\/a><\/li><li class=\"wp-block-pages-list__item \"><a class=\"wp-block-pages-list__item__link\" href=\"https:\/\/mruizsvt.fr\/index.php\/3-eme\/chapitre-3-evolution-des-especes\/activite-5-etude-de-la-disparition-des-dinosaures\/\">1.5 Activit\u00e9 : Etude de la disparition des dinosaures<\/a><\/li><li class=\"wp-block-pages-list__item \"><a class=\"wp-block-pages-list__item__link\" href=\"https:\/\/mruizsvt.fr\/index.php\/3-eme\/chapitre-3-evolution-des-especes\/activite-6\/\">2.1 Activit\u00e9 : Les origines communes des \u00eatres vivants<\/a><\/li><li class=\"wp-block-pages-list__item \"><a class=\"wp-block-pages-list__item__link\" href=\"https:\/\/mruizsvt.fr\/index.php\/3-eme\/chapitre-3-evolution-des-especes\/activite-7-evolution-et-parente-entre-des-especes-differentes\/\">2.2 Activit\u00e9 : Evolution et parent\u00e9 entre des esp\u00e8ces diff\u00e9rentes.<\/a><\/li><li class=\"wp-block-pages-list__item \"><a class=\"wp-block-pages-list__item__link\" href=\"https:\/\/mruizsvt.fr\/index.php\/3-eme\/chapitre-3-evolution-des-especes\/activite-8-la-place-de-lhomme-dans-levolution\/\">2.3 Activit\u00e9 : La place de l&rsquo;Homme dans l&rsquo;\u00e9volution<\/a><\/li><li class=\"wp-block-pages-list__item \"><a class=\"wp-block-pages-list__item__link\" href=\"https:\/\/mruizsvt.fr\/index.php\/3-eme\/chapitre-3-evolution-des-especes\/activite-9-lapparition-de-nouveaux-caracteres\/\">2.4 Activit\u00e9 : L&rsquo;apparition de nouveaux caract\u00e8res<\/a><\/li><li class=\"wp-block-pages-list__item \"><a class=\"wp-block-pages-list__item__link\" href=\"https:\/\/mruizsvt.fr\/index.php\/3-eme\/chapitre-3-evolution-des-especes\/activite-10-modelisation-de-la-selection-naturelle\/\">2.5 Activit\u00e9 : Mod\u00e9lisation de la s\u00e9lection naturelle<\/a><\/li><li class=\"wp-block-pages-list__item \"><a class=\"wp-block-pages-list__item__link\" href=\"https:\/\/mruizsvt.fr\/index.php\/3-eme\/chapitre-3-evolution-des-especes\/3-1-activite-les-conditions-de-vie-sur-la-terre\/\">3.1 Activit\u00e9 : Les conditions de vie sur la Terre<\/a><\/li><li class=\"wp-block-pages-list__item \"><a class=\"wp-block-pages-list__item__link\" href=\"https:\/\/mruizsvt.fr\/index.php\/3-eme\/chapitre-3-evolution-des-especes\/3-2-activite-tectonique-des-plaques-et-changements-climatiques\/\">3.2 Activit\u00e9 : Tectonique des plaques et changements climatiques<\/a><\/li><li class=\"wp-block-pages-list__item \"><a class=\"wp-block-pages-list__item__link\" href=\"https:\/\/mruizsvt.fr\/index.php\/3-eme\/chapitre-3-evolution-des-especes\/3-3-activite-conditions-climatiques-et-peuplement-des-especes\/\">3.3 Activit\u00e9 : Conditions climatiques et peuplement des esp\u00e8ces<\/a><\/li><\/ul><\/li><li class=\"wp-block-pages-list__item has-child\"><a class=\"wp-block-pages-list__item__link\" href=\"https:\/\/mruizsvt.fr\/index.php\/3-eme\/chapitre-4-la-genetique\/\">Chapitre 4 : La g\u00e9n\u00e9tique<\/a><ul class=\"wp-block-navigation__submenu-container\"><li class=\"wp-block-pages-list__item \"><a class=\"wp-block-pages-list__item__link\" href=\"https:\/\/mruizsvt.fr\/index.php\/3-eme\/chapitre-4-la-genetique\/1-1-les-caracteres-de-lespece-humaine\/\">1.1 Les caract\u00e8res de l\u2019esp\u00e8ce humaine<\/a><\/li><\/ul><\/li><\/ul>","protected":false},"excerpt":{"rendered":"","protected":false},"author":1,"featured_media":0,"parent":0,"menu_order":0,"comment_status":"closed","ping_status":"closed","template":"","meta":{"footnotes":""},"class_list":["post-232","page","type-page","status-publish","hentry"],"_links":{"self":[{"href":"https:\/\/mruizsvt.fr\/index.php\/wp-json\/wp\/v2\/pages\/232","targetHints":{"allow":["GET"]}}],"collection":[{"href":"https:\/\/mruizsvt.fr\/index.php\/wp-json\/wp\/v2\/pages"}],"about":[{"href":"https:\/\/mruizsvt.fr\/index.php\/wp-json\/wp\/v2\/types\/page"}],"author":[{"embeddable":true,"href":"https:\/\/mruizsvt.fr\/index.php\/wp-json\/wp\/v2\/users\/1"}],"replies":[{"embeddable":true,"href":"https:\/\/mruizsvt.fr\/index.php\/wp-json\/wp\/v2\/comments?post=232"}],"version-history":[{"count":2,"href":"https:\/\/mruizsvt.fr\/index.php\/wp-json\/wp\/v2\/pages\/232\/revisions"}],"predecessor-version":[{"id":234,"href":"https:\/\/mruizsvt.fr\/index.php\/wp-json\/wp\/v2\/pages\/232\/revisions\/234"}],"wp:attachment":[{"href":"https:\/\/mruizsvt.fr\/index.php\/wp-json\/wp\/v2\/media?parent=232"}],"curies":[{"name":"wp","href":"https:\/\/api.w.org\/{rel}","templated":true}]}}