{"id":230,"date":"2024-09-17T15:37:58","date_gmt":"2024-09-17T13:37:58","guid":{"rendered":"https:\/\/mruizsvt.fr\/?page_id=230"},"modified":"2024-09-17T16:07:25","modified_gmt":"2024-09-17T14:07:25","slug":"4-eme","status":"publish","type":"page","link":"https:\/\/mruizsvt.fr\/index.php\/4-eme\/","title":{"rendered":"4 eme"},"content":{"rendered":"<ul class=\"wp-block-page-list\"><li class=\"wp-block-pages-list__item has-child\"><a class=\"wp-block-pages-list__item__link\" href=\"https:\/\/mruizsvt.fr\/index.php\/4-eme\/chapitre-1-le-sport-et-le-systeme-nerveux\/\">Chapitre 1 : Le sport et le syst\u00e8me nerveux<\/a><ul class=\"wp-block-navigation__submenu-container\"><li class=\"wp-block-pages-list__item \"><a class=\"wp-block-pages-list__item__link\" href=\"https:\/\/mruizsvt.fr\/index.php\/4-eme\/chapitre-1-le-sport-et-le-systeme-nerveux\/comment-le-corps-est-il-mis-en-mouvement-lors-dun-effort\/\">1.1 Comment le corps est-il mis en mouvement lors d\u2019un effort\u00a0?<\/a><\/li><li class=\"wp-block-pages-list__item \"><a class=\"wp-block-pages-list__item__link\" href=\"https:\/\/mruizsvt.fr\/index.php\/4-eme\/chapitre-1-le-sport-et-le-systeme-nerveux\/1-2-comment-est-assuree-la-commande-du-mouvement\/\">1.2 Comment est assur\u00e9e la commande du mouvement\u00a0?<\/a><\/li><li class=\"wp-block-pages-list__item \"><a class=\"wp-block-pages-list__item__link\" href=\"https:\/\/mruizsvt.fr\/index.php\/4-eme\/chapitre-1-le-sport-et-le-systeme-nerveux\/1-3-la-douleur-et-le-sport\/\">1.3 La douleur et le sport<\/a><\/li><li class=\"wp-block-pages-list__item \"><a class=\"wp-block-pages-list__item__link\" href=\"https:\/\/mruizsvt.fr\/index.php\/4-eme\/chapitre-1-le-sport-et-le-systeme-nerveux\/1-3-le-fonctionnement-du-systeme-nerveux\/\">1.4 Le fonctionnement du systeme nerveux<\/a><\/li><li class=\"wp-block-pages-list__item \"><a class=\"wp-block-pages-list__item__link\" href=\"https:\/\/mruizsvt.fr\/index.php\/4-eme\/chapitre-1-le-sport-et-le-systeme-nerveux\/1-5-les-perturbations-du-systeme-nerveux-le-bruit-et-la-fatigue\/\">1.5 Les perturbations du syst\u00e8me nerveux : le bruit et la fatigue<\/a><\/li><li class=\"wp-block-pages-list__item \"><a class=\"wp-block-pages-list__item__link\" href=\"https:\/\/mruizsvt.fr\/index.php\/4-eme\/chapitre-1-le-sport-et-le-systeme-nerveux\/1-6-les-effets-de-lalcool-sur-le-systeme-nerveux\/\">1.6 Les effets de l\u2019alcool sur le syst\u00e8me nerveux<\/a><\/li><li class=\"wp-block-pages-list__item \"><a class=\"wp-block-pages-list__item__link\" href=\"https:\/\/mruizsvt.fr\/index.php\/4-eme\/chapitre-1-le-sport-et-le-systeme-nerveux\/2-1-quels-sont-les-effets-de-lentrainement-sur-le-corps\/\">2.1 Quels sont les effets de l\u2019entrainement sur le corps\u00a0?<\/a><\/li><\/ul><\/li><li class=\"wp-block-pages-list__item has-child\"><a class=\"wp-block-pages-list__item__link\" href=\"https:\/\/mruizsvt.fr\/index.php\/4-eme\/chapitre-2-les-seismes-et-la-tectonique-des-plaques\/\">Chapitre 2 : Les s\u00e9ismes et la tectonique des plaques<\/a><ul class=\"wp-block-navigation__submenu-container\"><li class=\"wp-block-pages-list__item \"><a class=\"wp-block-pages-list__item__link\" href=\"https:\/\/mruizsvt.fr\/index.php\/4-eme\/chapitre-2-les-seismes-et-la-tectonique-des-plaques\/1-1-quest-ce-quun-seisme\/\">1.1 Qu&rsquo;est ce qu&rsquo;un s\u00e9isme ?<\/a><\/li><li class=\"wp-block-pages-list__item \"><a class=\"wp-block-pages-list__item__link\" href=\"https:\/\/mruizsvt.fr\/index.php\/4-eme\/chapitre-2-les-seismes-et-la-tectonique-des-plaques\/1-2-comment-se-propage-un-seisme\/\">1.2 Comment se propage un s\u00e9isme ?<\/a><\/li><li class=\"wp-block-pages-list__item \"><a class=\"wp-block-pages-list__item__link\" href=\"https:\/\/mruizsvt.fr\/index.php\/4-eme\/chapitre-2-les-seismes-et-la-tectonique-des-plaques\/1-3-comment-enregistrer-les-seismes\/\">1.3 Comment enregistrer les s\u00e9ismes\u00a0?<\/a><\/li><li class=\"wp-block-pages-list__item \"><a class=\"wp-block-pages-list__item__link\" href=\"https:\/\/mruizsvt.fr\/index.php\/4-eme\/chapitre-2-les-seismes-et-la-tectonique-des-plaques\/1-4-comment-se-forme-un-seisme\/\">1.4 Comment se forme un s\u00e9isme ?<\/a><\/li><li class=\"wp-block-pages-list__item \"><a class=\"wp-block-pages-list__item__link\" href=\"https:\/\/mruizsvt.fr\/index.php\/4-eme\/chapitre-2-les-seismes-et-la-tectonique-des-plaques\/1-5-quest-ce-quun-risque-et-quels-sont-les-zones-a-risques\/\">1.5 Qu\u2019est-ce qu\u2019un risque et quels sont les zones \u00e0 risques\u00a0?<\/a><\/li><li class=\"wp-block-pages-list__item \"><a class=\"wp-block-pages-list__item__link\" href=\"https:\/\/mruizsvt.fr\/index.php\/4-eme\/chapitre-2-les-seismes-et-la-tectonique-des-plaques\/2-1-la-tectonique-des-plaques\/\">2.1 La tectonique des plaques<\/a><\/li><li class=\"wp-block-pages-list__item \"><a class=\"wp-block-pages-list__item__link\" href=\"https:\/\/mruizsvt.fr\/index.php\/4-eme\/chapitre-2-les-seismes-et-la-tectonique-des-plaques\/2-2-la-structure-des-plaques-en-surfaces\/\">2.2 La structure des plaques en surfaces<\/a><\/li><li class=\"wp-block-pages-list__item \"><a class=\"wp-block-pages-list__item__link\" href=\"https:\/\/mruizsvt.fr\/index.php\/4-eme\/chapitre-2-les-seismes-et-la-tectonique-des-plaques\/2-3-la-structure-des-plaques-en-profondeur\/\">2.3 La structure des plaques en profondeur<\/a><\/li><li class=\"wp-block-pages-list__item \"><a class=\"wp-block-pages-list__item__link\" href=\"https:\/\/mruizsvt.fr\/index.php\/4-eme\/chapitre-2-les-seismes-et-la-tectonique-des-plaques\/2-4-les-zones-de-convergences-rapprochement\/\">2.4 Les zones de convergences (rapprochement)<\/a><\/li><li class=\"wp-block-pages-list__item \"><a class=\"wp-block-pages-list__item__link\" href=\"https:\/\/mruizsvt.fr\/index.php\/4-eme\/chapitre-2-les-seismes-et-la-tectonique-des-plaques\/2-5-la-collision\/\">2.5 La collision<\/a><\/li><li class=\"wp-block-pages-list__item \"><a class=\"wp-block-pages-list__item__link\" href=\"https:\/\/mruizsvt.fr\/index.php\/4-eme\/chapitre-2-les-seismes-et-la-tectonique-des-plaques\/2-6-les-zones-de-divergences-eloignement\/\">2.6 Les zones de divergences (\u00e9loignement)<\/a><\/li><\/ul><\/li><li class=\"wp-block-pages-list__item has-child\"><a class=\"wp-block-pages-list__item__link\" href=\"https:\/\/mruizsvt.fr\/index.php\/4-eme\/chapitre-3-reproduction-et-sexualite\/\">Chapitre 3 : Reproduction et sexualit\u00e9<\/a><ul class=\"wp-block-navigation__submenu-container\"><li class=\"wp-block-pages-list__item \"><a class=\"wp-block-pages-list__item__link\" href=\"https:\/\/mruizsvt.fr\/index.php\/4-eme\/chapitre-3-reproduction-et-sexualite\/1-1-la-puberte\/\">1.1 La pubert\u00e9<\/a><\/li><li class=\"wp-block-pages-list__item \"><a class=\"wp-block-pages-list__item__link\" href=\"https:\/\/mruizsvt.fr\/index.php\/4-eme\/chapitre-3-reproduction-et-sexualite\/1-2-quand-comment-et-pourquoi-apparait-la-puberte\/\">1.2 Quand, comment et pourquoi appara\u00eet la pubert\u00e9\u00a0?<\/a><\/li><li class=\"wp-block-pages-list__item \"><a class=\"wp-block-pages-list__item__link\" href=\"https:\/\/mruizsvt.fr\/index.php\/4-eme\/chapitre-3-reproduction-et-sexualite\/2-3-farinelli\/\">1.3 Farinelli<\/a><\/li><li class=\"wp-block-pages-list__item \"><a class=\"wp-block-pages-list__item__link\" href=\"https:\/\/mruizsvt.fr\/index.php\/4-eme\/chapitre-3-reproduction-et-sexualite\/2-4-lappareil-reproducteur-de-lhomme\/\">1.4 L\u2019appareil reproducteur de l\u2019homme<\/a><\/li><li class=\"wp-block-pages-list__item \"><a class=\"wp-block-pages-list__item__link\" href=\"https:\/\/mruizsvt.fr\/index.php\/4-eme\/chapitre-3-reproduction-et-sexualite\/1-5-lappareil-reproducteur-de-la-femme\/\">1.5 L&rsquo;appareil reproducteur de la femme<\/a><\/li><li class=\"wp-block-pages-list__item \"><a class=\"wp-block-pages-list__item__link\" href=\"https:\/\/mruizsvt.fr\/index.php\/4-eme\/chapitre-3-reproduction-et-sexualite\/1-6-la-rencontre-des-cellules-reproductrices-et-le-developpement-du-bebe\/\">1.6 La Rencontre des cellules reproductrices et le d\u00e9veloppement du b\u00e9b\u00e9<\/a><\/li><\/ul><\/li><\/ul>","protected":false},"excerpt":{"rendered":"","protected":false},"author":1,"featured_media":0,"parent":0,"menu_order":0,"comment_status":"closed","ping_status":"closed","template":"","meta":{"footnotes":""},"class_list":["post-230","page","type-page","status-publish","hentry"],"_links":{"self":[{"href":"https:\/\/mruizsvt.fr\/index.php\/wp-json\/wp\/v2\/pages\/230","targetHints":{"allow":["GET"]}}],"collection":[{"href":"https:\/\/mruizsvt.fr\/index.php\/wp-json\/wp\/v2\/pages"}],"about":[{"href":"https:\/\/mruizsvt.fr\/index.php\/wp-json\/wp\/v2\/types\/page"}],"author":[{"embeddable":true,"href":"https:\/\/mruizsvt.fr\/index.php\/wp-json\/wp\/v2\/users\/1"}],"replies":[{"embeddable":true,"href":"https:\/\/mruizsvt.fr\/index.php\/wp-json\/wp\/v2\/comments?post=230"}],"version-history":[{"count":2,"href":"https:\/\/mruizsvt.fr\/index.php\/wp-json\/wp\/v2\/pages\/230\/revisions"}],"predecessor-version":[{"id":235,"href":"https:\/\/mruizsvt.fr\/index.php\/wp-json\/wp\/v2\/pages\/230\/revisions\/235"}],"wp:attachment":[{"href":"https:\/\/mruizsvt.fr\/index.php\/wp-json\/wp\/v2\/media?parent=230"}],"curies":[{"name":"wp","href":"https:\/\/api.w.org\/{rel}","templated":true}]}}