{"id":223,"date":"2024-09-17T15:32:13","date_gmt":"2024-09-17T13:32:13","guid":{"rendered":"https:\/\/mruizsvt.fr\/?page_id=223"},"modified":"2024-09-17T15:35:44","modified_gmt":"2024-09-17T13:35:44","slug":"6-eme","status":"publish","type":"page","link":"https:\/\/mruizsvt.fr\/index.php\/6-eme\/","title":{"rendered":"6 eme"},"content":{"rendered":"<ul class=\"wp-block-page-list\"><li class=\"wp-block-pages-list__item has-child\"><a class=\"wp-block-pages-list__item__link\" href=\"https:\/\/mruizsvt.fr\/index.php\/6-eme\/chapitre-1-le-systeme-solaire\/\">Chapitre 1 : Le systeme solaire<\/a><ul class=\"wp-block-navigation__submenu-container\"><li class=\"wp-block-pages-list__item \"><a class=\"wp-block-pages-list__item__link\" href=\"https:\/\/mruizsvt.fr\/index.php\/6-eme\/chapitre-1-le-systeme-solaire\/la-terre-dans-le-systeme-solaire\/\">1.1 La Terre dans le syst\u00e8me solaire<\/a><\/li><li class=\"wp-block-pages-list__item \"><a class=\"wp-block-pages-list__item__link\" href=\"https:\/\/mruizsvt.fr\/index.php\/6-eme\/chapitre-1-le-systeme-solaire\/lapparition-de-la-vie-sur-terre\/\">1.2 L\u2019apparition de la vie sur Terre<\/a><\/li><li class=\"wp-block-pages-list__item \"><a class=\"wp-block-pages-list__item__link\" href=\"https:\/\/mruizsvt.fr\/index.php\/6-eme\/chapitre-1-le-systeme-solaire\/1-3-la-terre-et-son-atmosphere\/\">1.3 La Terre et son atmosphere<\/a><\/li><li class=\"wp-block-pages-list__item \"><a class=\"wp-block-pages-list__item__link\" href=\"https:\/\/mruizsvt.fr\/index.php\/6-eme\/chapitre-1-le-systeme-solaire\/les-mouvements-de-la-terre-des-jours-et-des-nuits\/\">1.4 Les mouvements de la Terre\u00a0:\u00a0 des jours et des nuits<\/a><\/li><li class=\"wp-block-pages-list__item \"><a class=\"wp-block-pages-list__item__link\" href=\"https:\/\/mruizsvt.fr\/index.php\/6-eme\/chapitre-1-le-systeme-solaire\/1-5-les-saisons\/\">1.5 Les saisons<\/a><\/li><li class=\"wp-block-pages-list__item \"><a class=\"wp-block-pages-list__item__link\" href=\"https:\/\/mruizsvt.fr\/index.php\/6-eme\/chapitre-1-le-systeme-solaire\/1-6-exercice-dapplication-saisons-et-temps-de-jour\/\">1.7 Les decouvertes scientifiques de la Terre et du Systeme solaire au cours du temps<\/a><\/li><li class=\"wp-block-pages-list__item \"><a class=\"wp-block-pages-list__item__link\" href=\"https:\/\/mruizsvt.fr\/index.php\/6-eme\/chapitre-1-le-systeme-solaire\/evaluation-diagnostique\/\">Evaluation diagnostique<\/a><\/li><\/ul><\/li><li class=\"wp-block-pages-list__item has-child\"><a class=\"wp-block-pages-list__item__link\" href=\"https:\/\/mruizsvt.fr\/index.php\/6-eme\/lalimentation\/\">Chapitre 2 : L&rsquo;alimentation et nos besoins<\/a><ul class=\"wp-block-navigation__submenu-container\"><li class=\"wp-block-pages-list__item \"><a class=\"wp-block-pages-list__item__link\" href=\"https:\/\/mruizsvt.fr\/index.php\/6-eme\/lalimentation\/1-1-nos-aliments\/\">1.1 Nos aliments<\/a><\/li><li class=\"wp-block-pages-list__item \"><a class=\"wp-block-pages-list__item__link\" href=\"https:\/\/mruizsvt.fr\/index.php\/6-eme\/lalimentation\/1-2-nos-besoins-energetique\/\">1.2 Nos besoins \u00e9nerg\u00e9tiques<\/a><\/li><li class=\"wp-block-pages-list__item \"><a class=\"wp-block-pages-list__item__link\" href=\"https:\/\/mruizsvt.fr\/index.php\/6-eme\/lalimentation\/1-3-la-digestion\/\">1.3 La digestion<\/a><\/li><li class=\"wp-block-pages-list__item \"><a class=\"wp-block-pages-list__item__link\" href=\"https:\/\/mruizsvt.fr\/index.php\/6-eme\/lalimentation\/1-4-lequilibre-alimentaire\/\">1.4 L\u2019\u00e9quilibre alimentaire<\/a><\/li><li class=\"wp-block-pages-list__item \"><a class=\"wp-block-pages-list__item__link\" href=\"https:\/\/mruizsvt.fr\/index.php\/6-eme\/lalimentation\/1-5-les-risques-lie-a-lalimentation\/\">1.5 Les risques li\u00e9 \u00e0 l\u2019alimentation<\/a><\/li><li class=\"wp-block-pages-list__item \"><a class=\"wp-block-pages-list__item__link\" href=\"https:\/\/mruizsvt.fr\/index.php\/6-eme\/lalimentation\/2-1-etude-dun-elevage-de-poulet\/\">2.1 Etude d\u2019un \u00e9levage de poulet<\/a><\/li><li class=\"wp-block-pages-list__item \"><a class=\"wp-block-pages-list__item__link\" href=\"https:\/\/mruizsvt.fr\/index.php\/6-eme\/lalimentation\/2-2-etude-dune-culture-cerealiere\/\">2.2 Etude d&rsquo;une culture c\u00e9r\u00e9aliere.<\/a><\/li><li class=\"wp-block-pages-list__item \"><a class=\"wp-block-pages-list__item__link\" href=\"https:\/\/mruizsvt.fr\/index.php\/6-eme\/lalimentation\/2-3-la-transformation-de-nos-aliments\/\">2.3 La transformation de nos aliments<\/a><\/li><li class=\"wp-block-pages-list__item \"><a class=\"wp-block-pages-list__item__link\" href=\"https:\/\/mruizsvt.fr\/index.php\/6-eme\/lalimentation\/2-4-la-transformation-et-la-conservation-du-lait\/\">2.4 La transformation et la conservation du lait<\/a><\/li><li class=\"wp-block-pages-list__item \"><a class=\"wp-block-pages-list__item__link\" href=\"https:\/\/mruizsvt.fr\/index.php\/6-eme\/lalimentation\/2-5-la-conservation-des-aliments-a-la-maison\/\">2.5 La conservation des aliments \u00e0 la maison<\/a><\/li><li class=\"wp-block-pages-list__item \"><a class=\"wp-block-pages-list__item__link\" href=\"https:\/\/mruizsvt.fr\/index.php\/6-eme\/lalimentation\/2-6-la-preparation-des-aliments\/\">2.6 La pr\u00e9paration des aliments<\/a><\/li><\/ul><\/li><li class=\"wp-block-pages-list__item has-child\"><a class=\"wp-block-pages-list__item__link\" href=\"https:\/\/mruizsvt.fr\/index.php\/6-eme\/la-production-de-matiere-chez-les-etres-vivants\/\">Chapitre 3 : La production de matiere chez les \u00eatres vivants<\/a><ul class=\"wp-block-navigation__submenu-container\"><li class=\"wp-block-pages-list__item \"><a class=\"wp-block-pages-list__item__link\" href=\"https:\/\/mruizsvt.fr\/index.php\/6-eme\/la-production-de-matiere-chez-les-etres-vivants\/1-1-introduction-la-production-de-matiere-chez-les-etres-vivants\/\">1.1 Introduction : La production de mati\u00e8re chez les \u00eatres vivants<\/a><\/li><li class=\"wp-block-pages-list__item \"><a class=\"wp-block-pages-list__item__link\" href=\"https:\/\/mruizsvt.fr\/index.php\/6-eme\/la-production-de-matiere-chez-les-etres-vivants\/1-2-la-production-de-matiere-chez-les-animaux\/\">1.2 La production de mati\u00e8re  chez les animaux<\/a><\/li><li class=\"wp-block-pages-list__item \"><a class=\"wp-block-pages-list__item__link\" href=\"https:\/\/mruizsvt.fr\/index.php\/6-eme\/la-production-de-matiere-chez-les-etres-vivants\/1-3-comment-les-insectes-se-developpent-ils\/\">1.3 Comment les insectes se d\u00e9veloppent-ils\u00a0?<\/a><\/li><li class=\"wp-block-pages-list__item \"><a class=\"wp-block-pages-list__item__link\" href=\"https:\/\/mruizsvt.fr\/index.php\/6-eme\/la-production-de-matiere-chez-les-etres-vivants\/1-4-quelles-sont-les-etapes-du-developpement-dun-etre-humain\/\">1.4 Quelles sont les \u00e9tapes du d\u00e9veloppement d\u2019un \u00eatre humain\u00a0?<\/a><\/li><li class=\"wp-block-pages-list__item \"><a class=\"wp-block-pages-list__item__link\" href=\"https:\/\/mruizsvt.fr\/index.php\/6-eme\/la-production-de-matiere-chez-les-etres-vivants\/1-5-quels-sont-les-changements-a-la-puberte\/\">1.5 Quels sont les changements \u00e0 la pubert\u00e9\u00a0?<\/a><\/li><li class=\"wp-block-pages-list__item \"><a class=\"wp-block-pages-list__item__link\" href=\"https:\/\/mruizsvt.fr\/index.php\/6-eme\/la-production-de-matiere-chez-les-etres-vivants\/1-6-comment-les-animaux-passent-ils-les-saisons\/\">1.6 Comment les animaux passent ils les saisons\u00a0?<\/a><\/li><li class=\"wp-block-pages-list__item \"><a class=\"wp-block-pages-list__item__link\" href=\"https:\/\/mruizsvt.fr\/index.php\/6-eme\/la-production-de-matiere-chez-les-etres-vivants\/1-7-la-migration-des-cigognes\/\">1.7 La migration des cigognes<\/a><\/li><li class=\"wp-block-pages-list__item \"><a class=\"wp-block-pages-list__item__link\" href=\"https:\/\/mruizsvt.fr\/index.php\/6-eme\/la-production-de-matiere-chez-les-etres-vivants\/1-8-les-inesctes-au-cours-des-saisons\/\">1.8 Les inesctes au cours des saisons<\/a><\/li><li class=\"wp-block-pages-list__item \"><a class=\"wp-block-pages-list__item__link\" href=\"https:\/\/mruizsvt.fr\/index.php\/6-eme\/la-production-de-matiere-chez-les-etres-vivants\/2-1-la-production-de-matiere-chez-les-vegetaux\/\">2.1 La production de matiere chez les v\u00e9g\u00e9taux<\/a><\/li><\/ul><\/li><li class=\"wp-block-pages-list__item has-child\"><a class=\"wp-block-pages-list__item__link\" href=\"https:\/\/mruizsvt.fr\/index.php\/6-eme\/chapitre-4-les-mouvements-et-lenergie\/\">Chapitre 4 : Les mouvements et l\u2019\u00e9nergie<\/a><ul class=\"wp-block-navigation__submenu-container\"><li class=\"wp-block-pages-list__item \"><a class=\"wp-block-pages-list__item__link\" href=\"https:\/\/mruizsvt.fr\/index.php\/6-eme\/chapitre-4-les-mouvements-et-lenergie\/activite-1-qui-bouge\/\">1.1 Qui bouge\u00a0?<\/a><\/li><li class=\"wp-block-pages-list__item \"><a class=\"wp-block-pages-list__item__link\" href=\"https:\/\/mruizsvt.fr\/index.php\/6-eme\/chapitre-4-les-mouvements-et-lenergie\/1-2-decrire-un-mouvement\/\">1.2 D\u00e9crire un mouvement<\/a><\/li><li class=\"wp-block-pages-list__item \"><a class=\"wp-block-pages-list__item__link\" href=\"https:\/\/mruizsvt.fr\/index.php\/6-eme\/chapitre-4-les-mouvements-et-lenergie\/1-3-la-vitesse\/\">1.3  La vitesse<\/a><\/li><li class=\"wp-block-pages-list__item \"><a class=\"wp-block-pages-list__item__link\" href=\"https:\/\/mruizsvt.fr\/index.php\/6-eme\/chapitre-4-les-mouvements-et-lenergie\/1-4-distance-darret-dun-vehicule\/\">1.4 Distance d&rsquo;arret d&rsquo;un v\u00e9hicule<\/a><\/li><li class=\"wp-block-pages-list__item \"><a class=\"wp-block-pages-list__item__link\" href=\"https:\/\/mruizsvt.fr\/index.php\/6-eme\/chapitre-4-les-mouvements-et-lenergie\/2-1-lenergie-dans-le-quotidien\/\">2.1 L\u2019\u00e9nergie dans le quotidien<\/a><\/li><li class=\"wp-block-pages-list__item \"><a class=\"wp-block-pages-list__item__link\" href=\"https:\/\/mruizsvt.fr\/index.php\/6-eme\/chapitre-4-les-mouvements-et-lenergie\/2-2-les-sources-denergies\/\">2.2 Les sources d\u2019\u00e9nergies<\/a><\/li><li class=\"wp-block-pages-list__item \"><a class=\"wp-block-pages-list__item__link\" href=\"https:\/\/mruizsvt.fr\/index.php\/6-eme\/chapitre-4-les-mouvements-et-lenergie\/2-3-les-conversions-denergie\/\">2.3 Les conversions d&rsquo;\u00e9nergie<\/a><\/li><\/ul><\/li><li class=\"wp-block-pages-list__item has-child\"><a class=\"wp-block-pages-list__item__link\" href=\"https:\/\/mruizsvt.fr\/index.php\/6-eme\/chapitre-5-leau-et-la-matiere\/\">Chapitre 5 : L&rsquo;eau et la mati\u00e8re<\/a><ul class=\"wp-block-navigation__submenu-container\"><li class=\"wp-block-pages-list__item \"><a class=\"wp-block-pages-list__item__link\" href=\"https:\/\/mruizsvt.fr\/index.php\/6-eme\/chapitre-5-leau-et-la-matiere\/1-1-verrerie-et-vocabulaire\/\">1.1 Verrerie et vocabulaire<\/a><\/li><li class=\"wp-block-pages-list__item \"><a class=\"wp-block-pages-list__item__link\" href=\"https:\/\/mruizsvt.fr\/index.php\/6-eme\/chapitre-5-leau-et-la-matiere\/1-2-la-diversite-de-la-matiere\/\">1.2 La diversit\u00e9 de la mati\u00e8re<\/a><\/li><li class=\"wp-block-pages-list__item \"><a class=\"wp-block-pages-list__item__link\" href=\"https:\/\/mruizsvt.fr\/index.php\/6-eme\/chapitre-5-leau-et-la-matiere\/1-3-materiau-conducteur-ou-non\/\">1.3 Mat\u00e9riau conducteur ou non\u00a0?<\/a><\/li><\/ul><\/li><li class=\"wp-block-pages-list__item has-child\"><a class=\"wp-block-pages-list__item__link\" href=\"https:\/\/mruizsvt.fr\/index.php\/6-eme\/chpitre-6\/\">Chapitre 6 : Activit\u00e9 interne<\/a><ul class=\"wp-block-navigation__submenu-container\"><li class=\"wp-block-pages-list__item \"><a class=\"wp-block-pages-list__item__link\" href=\"https:\/\/mruizsvt.fr\/index.php\/6-eme\/chpitre-6\/1-1-lactivite-interne-de-la-terre\/\">1.1 L&rsquo;activit\u00e9 interne de la Terre<\/a><\/li><li class=\"wp-block-pages-list__item \"><a class=\"wp-block-pages-list__item__link\" href=\"https:\/\/mruizsvt.fr\/index.php\/6-eme\/chpitre-6\/1-2-meteo\/\">1.2 Etude d&rsquo;un ph\u00e9nom\u00e8ne m\u00e9t\u00e9orologique<\/a><\/li><li class=\"wp-block-pages-list__item \"><a class=\"wp-block-pages-list__item__link\" href=\"https:\/\/mruizsvt.fr\/index.php\/6-eme\/chpitre-6\/1-3-innondation\/\">1.3 Etude d&rsquo;un ph\u00e9nom\u00e8ne climatique l\u2019effet de Serre<\/a><\/li><li class=\"wp-block-pages-list__item \"><a class=\"wp-block-pages-list__item__link\" href=\"https:\/\/mruizsvt.fr\/index.php\/6-eme\/chpitre-6\/1-4-des-phenomenes-extremes\/\">1.4 Des ph\u00e9nom\u00e8nes extr\u00eames<\/a><\/li><\/ul><\/li><\/ul>","protected":false},"excerpt":{"rendered":"","protected":false},"author":1,"featured_media":0,"parent":0,"menu_order":0,"comment_status":"closed","ping_status":"closed","template":"","meta":{"footnotes":""},"class_list":["post-223","page","type-page","status-publish","hentry"],"_links":{"self":[{"href":"https:\/\/mruizsvt.fr\/index.php\/wp-json\/wp\/v2\/pages\/223","targetHints":{"allow":["GET"]}}],"collection":[{"href":"https:\/\/mruizsvt.fr\/index.php\/wp-json\/wp\/v2\/pages"}],"about":[{"href":"https:\/\/mruizsvt.fr\/index.php\/wp-json\/wp\/v2\/types\/page"}],"author":[{"embeddable":true,"href":"https:\/\/mruizsvt.fr\/index.php\/wp-json\/wp\/v2\/users\/1"}],"replies":[{"embeddable":true,"href":"https:\/\/mruizsvt.fr\/index.php\/wp-json\/wp\/v2\/comments?post=223"}],"version-history":[{"count":3,"href":"https:\/\/mruizsvt.fr\/index.php\/wp-json\/wp\/v2\/pages\/223\/revisions"}],"predecessor-version":[{"id":228,"href":"https:\/\/mruizsvt.fr\/index.php\/wp-json\/wp\/v2\/pages\/223\/revisions\/228"}],"wp:attachment":[{"href":"https:\/\/mruizsvt.fr\/index.php\/wp-json\/wp\/v2\/media?parent=223"}],"curies":[{"name":"wp","href":"https:\/\/api.w.org\/{rel}","templated":true}]}}