{"id":218,"date":"2024-09-16T11:08:21","date_gmt":"2024-09-16T09:08:21","guid":{"rendered":"https:\/\/mruizsvt.fr\/?page_id=218"},"modified":"2024-09-16T11:12:18","modified_gmt":"2024-09-16T09:12:18","slug":"1-3-que-se-passe-t-il-quand-les-micro-organismes-penetrent-ils-dans-le-corps","status":"publish","type":"page","link":"https:\/\/mruizsvt.fr\/index.php\/3-eme\/chapitre-1-immunologie\/1-3-que-se-passe-t-il-quand-les-micro-organismes-penetrent-ils-dans-le-corps\/","title":{"rendered":"1.3 Que se passe-t-il quand les micro-organismes penetrent-ils dans le corps ?"},"content":{"rendered":"\n<blockquote class=\"wp-block-quote is-layout-flow wp-block-quote-is-layout-flow\">\n<p class=\"has-text-align-center\"><strong>Exercice classe<\/strong><\/p>\n\n\n\n<div data-wp-interactive=\"core\/file\" class=\"wp-block-file\"><object data-wp-bind--hidden=\"!state.hasPdfPreview\" hidden class=\"wp-block-file__embed\" data=\"https:\/\/mruizsvt.fr\/wp-content\/uploads\/2024\/09\/Activite-4-Vfinal.pdf\" type=\"application\/pdf\" style=\"width:100%;height:600px\" aria-label=\"Contenu embarqu\u00e9 Activit\u00e9 4 Vfinal.\"><\/object><a id=\"wp-block-file--media-f8794d3c-a8de-477d-b107-a1dca6a9068c\" href=\"https:\/\/mruizsvt.fr\/wp-content\/uploads\/2024\/09\/Activite-4-Vfinal.pdf\">Activit\u00e9 4 Vfinal<\/a><a href=\"https:\/\/mruizsvt.fr\/wp-content\/uploads\/2024\/09\/Activite-4-Vfinal.pdf\" class=\"wp-block-file__button wp-element-button\" download aria-describedby=\"wp-block-file--media-f8794d3c-a8de-477d-b107-a1dca6a9068c\">T\u00e9l\u00e9charger<\/a><\/div>\n<\/blockquote>\n\n\n\n<blockquote class=\"wp-block-quote is-layout-flow wp-block-quote-is-layout-flow\">\n<p class=\"has-text-align-center\">Correction<\/p>\n<\/blockquote>\n\n\n\n<p><\/p>\n\n\n\n<p>2. <strong>Les sympt\u00f4mes communs \u00e0 une infection d\u2019une plaie et d\u2019une grippe sont&nbsp;:<\/strong><\/p>\n\n\n\n<ul class=\"wp-block-list\">\n<li><strong>Ganglions gonfl\u00e9<\/strong><\/li>\n\n\n\n<li><strong>Fi\u00e8vre<\/strong><\/li>\n\n\n\n<li><strong>Douleur<\/strong><\/li>\n<\/ul>\n\n\n\n<p>3. <\/p>\n\n\n\n<figure class=\"wp-block-table\"><table class=\"has-fixed-layout\"><tbody><tr><td><strong>Maladie<\/strong><\/td><td><strong><br>Type de microorganisme<\/strong> <strong>&nbsp;<\/strong><\/td><td><strong>Activit\u00e9 des microbes dans l\u2019organisme<\/strong><\/td><\/tr><tr><td><strong>Grippes<\/strong><\/td><td><strong>Virus de la grippe<\/strong><\/td><td><strong>Rentres dans les cellules et se sert du mat\u00e9riel g\u00e9n\u00e9tique de la cellule pour se multiplier<\/strong><\/td><\/tr><tr><td><strong>&nbsp;<\/strong> <strong>T\u00e9tanos<\/strong> <strong>&nbsp;<\/strong><\/td><td><strong>Bact\u00e9rie&nbsp;: Clostridium tetani<\/strong><\/td><td><strong>Se multiplie dans le sang, peut secr\u00e9ter des toxines<\/strong><\/td><\/tr><\/tbody><\/table><\/figure>\n\n\n\n<p>4. <strong>Le sang est un milieu liquide, \u00e0 37\u00b0C et contenant des nutriments, ce qui correspond aux conditions optimales de reproduction des bact\u00e9ries c\u2019est pourquoi elles s\u2019y multiplient tr\u00e8s bien.<\/strong><\/p>\n\n\n\n<p><\/p>\n\n\n\n<p>5. Pour passer de 200 bacteries\/mL \u00e0 400 bacteries\/mL il faut 20minutes.<\/p>\n\n\n\n<blockquote class=\"wp-block-quote is-layout-flow wp-block-quote-is-layout-flow\">\n<p class=\"has-text-align-center\">Bilan<\/p>\n<\/blockquote>\n\n\n\n<p class=\"has-accent-3-color has-text-color has-link-color wp-elements-c54fdef6a6a69d1fa077485a41111d38\"><strong>Bilan&nbsp;: <\/strong>De nombreux micro-organismes peuvent penetrer dans notre corps on parle alors de <strong>contamination<\/strong><\/p>\n\n\n\n<p class=\"has-accent-3-color has-text-color has-link-color wp-elements-4c23699efd2cd1c78a69857660f6e8b1\">Lorsqu\u2019un micro-organisme p\u00e9n\u00e8tre dans le corps et s\u2019y multiplie&nbsp;: c\u2019est alors l\u2019infection.<\/p>\n\n\n\n<p class=\"has-accent-3-color has-text-color has-link-color wp-elements-4189406e6e9a1f8d143555e42daa0d87\">Les bact\u00e9ries se multiplient dans le sang, alors que les virus doivent parasiter des cellules pour s\u2019y multiplier.<\/p>\n\n\n\n<p class=\"has-accent-3-color has-text-color has-link-color wp-elements-227e08a45352a51e159b3c0f3ef820e7\"><strong><br><\/strong><\/p>\n","protected":false},"excerpt":{"rendered":"<p>Correction 2. Les sympt\u00f4mes communs \u00e0 une infection d\u2019une plaie et d\u2019une grippe sont&nbsp;: 3. Maladie Type de microorganisme &nbsp; Activit\u00e9 des microbes dans l\u2019organisme Grippes Virus de la grippe Rentres dans les cellules et se sert du mat\u00e9riel g\u00e9n\u00e9tique de la cellule pour se multiplier &nbsp; T\u00e9tanos &nbsp; Bact\u00e9rie&nbsp;: Clostridium tetani Se multiplie dans [&hellip;]<\/p>\n","protected":false},"author":1,"featured_media":0,"parent":58,"menu_order":0,"comment_status":"closed","ping_status":"closed","template":"","meta":{"footnotes":""},"class_list":["post-218","page","type-page","status-publish","hentry"],"_links":{"self":[{"href":"https:\/\/mruizsvt.fr\/index.php\/wp-json\/wp\/v2\/pages\/218","targetHints":{"allow":["GET"]}}],"collection":[{"href":"https:\/\/mruizsvt.fr\/index.php\/wp-json\/wp\/v2\/pages"}],"about":[{"href":"https:\/\/mruizsvt.fr\/index.php\/wp-json\/wp\/v2\/types\/page"}],"author":[{"embeddable":true,"href":"https:\/\/mruizsvt.fr\/index.php\/wp-json\/wp\/v2\/users\/1"}],"replies":[{"embeddable":true,"href":"https:\/\/mruizsvt.fr\/index.php\/wp-json\/wp\/v2\/comments?post=218"}],"version-history":[{"count":2,"href":"https:\/\/mruizsvt.fr\/index.php\/wp-json\/wp\/v2\/pages\/218\/revisions"}],"predecessor-version":[{"id":222,"href":"https:\/\/mruizsvt.fr\/index.php\/wp-json\/wp\/v2\/pages\/218\/revisions\/222"}],"up":[{"embeddable":true,"href":"https:\/\/mruizsvt.fr\/index.php\/wp-json\/wp\/v2\/pages\/58"}],"wp:attachment":[{"href":"https:\/\/mruizsvt.fr\/index.php\/wp-json\/wp\/v2\/media?parent=218"}],"curies":[{"name":"wp","href":"https:\/\/api.w.org\/{rel}","templated":true}]}}